{"id":11783,"date":"2026-02-27T00:11:44","date_gmt":"2026-02-27T00:11:44","guid":{"rendered":"https:\/\/nordicmart.andreevmaster.com\/product\/songmics-pvc-insynsskydd-100-x-500-cm-gra\/"},"modified":"2026-02-27T08:06:26","modified_gmt":"2026-02-27T08:06:26","slug":"songmics-pvc-insynsskydd-100-x-500-cm-gra","status":"publish","type":"product","link":"https:\/\/nordicmart.andreevmaster.com\/sv\/produkt\/songmics-pvc-insynsskydd-100-x-500-cm-gra\/","title":{"rendered":"SONGMICS PVC-insynsskydd 100 x 500 cm Gr\u00e5"},"content":{"rendered":"<p>Vill du skapa en avskild plats i din tr\u00e4dg\u00e5rd d\u00e4r du kan koppla av under de varma sommarm\u00e5naderna utan att bli st\u00f6rd av nyfikna blickar? D\u00e5 \u00e4r denna insynsskyddande staket fr\u00e5n SONGMICS den perfekta l\u00f6sningen! Skydd &#038; dekoration: Med denna sk\u00e4rm kan du skapa en oas av lugn. Den \u00e4r tillverkad av PVC och skyddar effektivt mot solljus och skyddar din integritet. Dessutom \u00e4r denna matta en vacker t\u00e4ckning f\u00f6r din n\u00e5got \u00e4ldre tr\u00e4dg\u00e5rdsstaket. M\u00e5ngsidig anv\u00e4ndning: Detta v\u00e4derbest\u00e4ndiga insynsskydd passar inte bara p\u00e5 din balkong, utan ocks\u00e5 i din poolomr\u00e5de eller tr\u00e4dg\u00e5rd. Du kan f\u00e4sta den p\u00e5 tr\u00e4- eller tr\u00e5dst\u00e4ngsel samt p\u00e5 stolpar eller andra f\u00f6rem\u00e5l. F\u00f6rb\u00e4ttrad kvalitet Den f\u00f6rst\u00e4rkande skiljev\u00e4ggen i r\u00f6ret ger detta insynsskydd mer stabilitet. H\u00f6gkvalitativa tillbeh\u00f6r Vi tillhandah\u00e5ller 26 metallkabelband och kl\u00e4mmor s\u00e5 att du snabbt kan montera denna insynsskyddsmatta. Vi rekommenderar att du f\u00e4ster kl\u00e4mmorna med 50 cm mellanrum i j\u00e4mna l\u00e4ngder och h\u00f6jder. Kan kortas i l\u00e4ngden Du kan korta av insynsskyddet efter behov. N\u00e4r du har klippt av tr\u00e5darna b\u00f6r du knyta ihop dem och limma ihop n\u00e5gra lameller med lim f\u00f6r att f\u00f6rhindra att insynsskyddet faller is\u00e4r.<\/p>\n","protected":false},"excerpt":{"rendered":"<p>SONGMICS PVC-insynsskydd, 4 x 1 m (L x B), balkongbekl\u00e4dnad, insynsskyddsmatta, balkongkant, sk\u00e4rm med f\u00f6rst\u00e4rkta lameller, tr\u00e4dg\u00e5rd, balkong, terrass, utomhus, gr\u00e5 GPF104G<\/p>\n","protected":false},"featured_media":40126,"comment_status":"open","ping_status":"closed","template":"","meta":[],"product_brand":[],"product_cat":[33],"product_tag":[],"class_list":{"0":"post-11783","1":"product","2":"type-product","3":"status-publish","4":"has-post-thumbnail","6":"product_cat-okategoriserad","8":"first","9":"instock","10":"shipping-taxable","11":"purchasable","12":"product-type-simple"},"_links":{"self":[{"href":"https:\/\/nordicmart.andreevmaster.com\/sv\/wp-json\/wp\/v2\/product\/11783","targetHints":{"allow":["GET"]}}],"collection":[{"href":"https:\/\/nordicmart.andreevmaster.com\/sv\/wp-json\/wp\/v2\/product"}],"about":[{"href":"https:\/\/nordicmart.andreevmaster.com\/sv\/wp-json\/wp\/v2\/types\/product"}],"replies":[{"embeddable":true,"href":"https:\/\/nordicmart.andreevmaster.com\/sv\/wp-json\/wp\/v2\/comments?post=11783"}],"wp:featuredmedia":[{"embeddable":true,"href":"https:\/\/nordicmart.andreevmaster.com\/sv\/wp-json\/wp\/v2\/media\/40126"}],"wp:attachment":[{"href":"https:\/\/nordicmart.andreevmaster.com\/sv\/wp-json\/wp\/v2\/media?parent=11783"}],"wp:term":[{"taxonomy":"product_brand","embeddable":true,"href":"https:\/\/nordicmart.andreevmaster.com\/sv\/wp-json\/wp\/v2\/product_brand?post=11783"},{"taxonomy":"product_cat","embeddable":true,"href":"https:\/\/nordicmart.andreevmaster.com\/sv\/wp-json\/wp\/v2\/product_cat?post=11783"},{"taxonomy":"product_tag","embeddable":true,"href":"https:\/\/nordicmart.andreevmaster.com\/sv\/wp-json\/wp\/v2\/product_tag?post=11783"}],"curies":[{"name":"wp","href":"https:\/\/api.w.org\/{rel}","templated":true}]}}