{"id":11780,"date":"2026-02-27T00:11:44","date_gmt":"2026-02-27T00:11:44","guid":{"rendered":"https:\/\/nordicmart.andreevmaster.com\/product\/pvc-privatlivsskaerm-90-x-500-cm-gra-2\/"},"modified":"2026-02-27T08:06:26","modified_gmt":"2026-02-27T08:06:26","slug":"pvc-privatlivsskaerm-90-x-500-cm-gra-2","status":"publish","type":"product","link":"https:\/\/nordicmart.andreevmaster.com\/sv\/produkt\/pvc-privatlivsskaerm-90-x-500-cm-gra-2\/","title":{"rendered":"PVC-privatlivssk\u00e6rm 90 x 500 cm gr\u00e5"},"content":{"rendered":"<p>Vill du skapa en avskild plats i din tr\u00e4dg\u00e5rd d\u00e4r du kan koppla av under de varma sommarm\u00e5naderna utan att st\u00f6ras av nyfikna blickar? D\u00e5 \u00e4r detta privatlivsskydd fr\u00e5n SONGMICS den perfekta l\u00f6sningen! Du kan skapa en oas av lugn med denna sk\u00e4rm. Den \u00e4r tillverkad av PVC och blockerar effektivt solljus och skyddar ditt privatliv. Dessutom \u00e4r denna sk\u00e4rm ett vackert t\u00e4cke f\u00f6r ditt \u00e5ldrande tr\u00e4dg\u00e5rdsstaket. M\u00e5ngsidig anv\u00e4ndning: Denna v\u00e4derbest\u00e4ndiga sk\u00e4rm \u00e4r inte bara l\u00e4mplig f\u00f6r din altan, utan ocks\u00e5 f\u00f6r ditt poolomr\u00e5de eller din tr\u00e4dg\u00e5rd. Du kan f\u00e4sta den p\u00e5 staket av tr\u00e4 eller tr\u00e5dn\u00e4t samt p\u00e5 stolpar eller andra f\u00f6rem\u00e5l. Detaljer: F\u00f6rb\u00e4ttrad kvalitet Den f\u00f6rst\u00e4rkande skiljev\u00e4ggen i r\u00f6ret ger detta privatlivsstaket mer stabilitet. Tillbeh\u00f6r av h\u00f6g kvalitet Vi ger dig 26 metallkabelbindare och clips s\u00e5 att du snabbt kan installera detta privatlivsstaket. Det rekommenderas att f\u00e4sta kl\u00e4mmorna med 50 cm mellanrum i l\u00e4ngd- och h\u00f6jdled. Kan kortas i l\u00e4ngden Du kan korta avsk\u00e4rmningsm\u00e5tten efter behov. N\u00e4r du har klippt av tr\u00e5darna ska du binda ihop dem och limma ihop ett par lameller med lim f\u00f6r att f\u00f6rhindra att avsk\u00e4rmningen g\u00e5r upp.<\/p>\n","protected":false},"excerpt":{"rendered":"<p>Vill du skapa en avskild plats i din tr\u00e4dg\u00e5rd d\u00e4r du kan koppla av under de varma sommarm\u00e5naderna utan att st\u00f6ras av nyfikna blickar? D\u00e5 \u00e4r detta privatlivsskydd fr\u00e5n SONGMICS den perfekta l\u00f6sningen! Du kan skapa en oas av lugn med denna sk\u00e4rm. Den \u00e4r tillverkad av PVC och blockerar effektivt solljus och skyddar ditt [&hellip;]<\/p>\n","protected":false},"featured_media":0,"comment_status":"open","ping_status":"closed","template":"","meta":[],"product_brand":[],"product_cat":[33],"product_tag":[],"class_list":{"0":"post-11780","1":"product","2":"type-product","3":"status-publish","5":"product_cat-okategoriserad","7":"first","8":"instock","9":"shipping-taxable","10":"product-type-simple"},"_links":{"self":[{"href":"https:\/\/nordicmart.andreevmaster.com\/sv\/wp-json\/wp\/v2\/product\/11780","targetHints":{"allow":["GET"]}}],"collection":[{"href":"https:\/\/nordicmart.andreevmaster.com\/sv\/wp-json\/wp\/v2\/product"}],"about":[{"href":"https:\/\/nordicmart.andreevmaster.com\/sv\/wp-json\/wp\/v2\/types\/product"}],"replies":[{"embeddable":true,"href":"https:\/\/nordicmart.andreevmaster.com\/sv\/wp-json\/wp\/v2\/comments?post=11780"}],"wp:attachment":[{"href":"https:\/\/nordicmart.andreevmaster.com\/sv\/wp-json\/wp\/v2\/media?parent=11780"}],"wp:term":[{"taxonomy":"product_brand","embeddable":true,"href":"https:\/\/nordicmart.andreevmaster.com\/sv\/wp-json\/wp\/v2\/product_brand?post=11780"},{"taxonomy":"product_cat","embeddable":true,"href":"https:\/\/nordicmart.andreevmaster.com\/sv\/wp-json\/wp\/v2\/product_cat?post=11780"},{"taxonomy":"product_tag","embeddable":true,"href":"https:\/\/nordicmart.andreevmaster.com\/sv\/wp-json\/wp\/v2\/product_tag?post=11780"}],"curies":[{"name":"wp","href":"https:\/\/api.w.org\/{rel}","templated":true}]}}