{"id":11776,"date":"2026-02-27T00:11:43","date_gmt":"2026-02-27T00:11:43","guid":{"rendered":"https:\/\/nordicmart.andreevmaster.com\/product\/songmics-pvc-insynsskyddsmatta-gra\/"},"modified":"2026-02-27T08:06:25","modified_gmt":"2026-02-27T08:06:25","slug":"songmics-pvc-insynsskyddsmatta-gra","status":"publish","type":"product","link":"https:\/\/nordicmart.andreevmaster.com\/sv\/produkt\/songmics-pvc-insynsskyddsmatta-gra\/","title":{"rendered":"SONGMICS PVC-insynsskyddsmatta gr\u00e5"},"content":{"rendered":"<p>St\u00f6rs du av dina grannars blickar? Songmics insynsskydd f\u00f6r balkong, terrass och tr\u00e4dg\u00e5rd hj\u00e4lper dig att \u00e5terf\u00e5 din integritet. Dessutom skyddar det mot starkt solljus tack vare det UV-skyddande materialet PVC, s\u00e5 att du kan njuta av den vackra sommaren i tr\u00e4dg\u00e5rden eller p\u00e5 balkongen. Anvisningar: &#8211; Montera Songmics PVC-insynsskydd enligt anvisningarna. &#8211; Insynsskyddsmattorna m\u00e5ste monteras p\u00e5 ett staket eller liknande underlag. Annars finns det risk att insynsskyddsmattorna b\u00f6js av i vinden. &#8211; F\u00e4st PVC-insynsskyddet med det medf\u00f6ljande f\u00e4stsetet. Vi rekommenderar att du monterar flera f\u00e4stsatser var 50 cm p\u00e5 h\u00f6jden och bredden. Produktdetaljer: &#8211; Material: PVC &#8211; Lameller: 14 mm breda &#8211; Tjocklek: 0,45 mm &#8211; Vikt: 1,35 kg\/m\u00b2 Leveransomfattning: &#8211; 1x PVC-insynsskyddsmatta &#8211; 1x f\u00e4stsats &#8211; 1x instruktioner<\/p>\n","protected":false},"excerpt":{"rendered":"<p>SONGMICS PVC-insynsskyddsmatta, 10 x 0,8 m (L x B), balkongbekl\u00e4dnad, insynsskyddsstaket, balkongkant, 2 rullar (5 x 0,8 m) Sk\u00e4rm med f\u00f6rst\u00e4rkta lameller, tr\u00e4dg\u00e5rd, balkong, gr\u00e5 GPF081G<\/p>\n","protected":false},"featured_media":40120,"comment_status":"open","ping_status":"closed","template":"","meta":[],"product_brand":[],"product_cat":[33],"product_tag":[],"class_list":{"0":"post-11776","1":"product","2":"type-product","3":"status-publish","4":"has-post-thumbnail","6":"product_cat-okategoriserad","8":"first","9":"instock","10":"shipping-taxable","11":"purchasable","12":"product-type-simple"},"_links":{"self":[{"href":"https:\/\/nordicmart.andreevmaster.com\/sv\/wp-json\/wp\/v2\/product\/11776","targetHints":{"allow":["GET"]}}],"collection":[{"href":"https:\/\/nordicmart.andreevmaster.com\/sv\/wp-json\/wp\/v2\/product"}],"about":[{"href":"https:\/\/nordicmart.andreevmaster.com\/sv\/wp-json\/wp\/v2\/types\/product"}],"replies":[{"embeddable":true,"href":"https:\/\/nordicmart.andreevmaster.com\/sv\/wp-json\/wp\/v2\/comments?post=11776"}],"wp:featuredmedia":[{"embeddable":true,"href":"https:\/\/nordicmart.andreevmaster.com\/sv\/wp-json\/wp\/v2\/media\/40120"}],"wp:attachment":[{"href":"https:\/\/nordicmart.andreevmaster.com\/sv\/wp-json\/wp\/v2\/media?parent=11776"}],"wp:term":[{"taxonomy":"product_brand","embeddable":true,"href":"https:\/\/nordicmart.andreevmaster.com\/sv\/wp-json\/wp\/v2\/product_brand?post=11776"},{"taxonomy":"product_cat","embeddable":true,"href":"https:\/\/nordicmart.andreevmaster.com\/sv\/wp-json\/wp\/v2\/product_cat?post=11776"},{"taxonomy":"product_tag","embeddable":true,"href":"https:\/\/nordicmart.andreevmaster.com\/sv\/wp-json\/wp\/v2\/product_tag?post=11776"}],"curies":[{"name":"wp","href":"https:\/\/api.w.org\/{rel}","templated":true}]}}