{"id":11773,"date":"2026-02-27T00:11:42","date_gmt":"2026-02-27T00:11:42","guid":{"rendered":"https:\/\/nordicmart.andreevmaster.com\/product\/good-night-snow-bliss-sang-70x140-med-lada\/"},"modified":"2026-02-27T08:06:24","modified_gmt":"2026-02-27T08:06:24","slug":"good-night-snow-bliss-sang-70x140-med-lada","status":"publish","type":"product","link":"https:\/\/nordicmart.andreevmaster.com\/sv\/produkt\/good-night-snow-bliss-sang-70x140-med-lada\/","title":{"rendered":"GOOD NIGHT snow bliss s\u00e4ng 70&#215;140 med l\u00e5da"},"content":{"rendered":"<p>Good Night-s\u00e4ngen \u00e4r en praktisk kombination av elegans och klassisk stil. En chic design speciellt f\u00f6r kr\u00e4vande f\u00f6r\u00e4ldrar s\u00e5 att barnet kan anv\u00e4nda den under l\u00e5ng tid. S\u00e4ngribborna \u00e4r dekorerade med stilfulla reliefm\u00f6nster och p\u00e5 huvudgaveln finns ett elegant dekorativt element som kan fyllas med en Good Night-inskription. Med l\u00e4mpliga stilistiska till\u00e4gg kommer s\u00e4ngen att passa utm\u00e4rkt i b\u00e5de pojk- och flickrum.<br \/>\nf\u00e4rg: snow bliss<br \/>\n**Huvudsakliga f\u00f6rdelar:<br \/>\n**- uppfyller europeiska standarder och s\u00e4kerhetskrav<br \/>\n&#8211; 2 avtagbara st\u00e4nger<br \/>\n&#8211; 3 bash\u00f6jder p\u00e5 f\u00f6ljande niv\u00e5er: 27,7 cm; 45,5 cm; 58 cm<br \/>\n&#8211; spj\u00e4ls\u00e4ngen v\u00e4xer med barnet &#8211; m\u00f6jlighet att omvandla till en soffa genom att ta bort en av ramarna<br \/>\n&#8211; ett skyddsr\u00e4cke som skyddar barnet mot att falla ut efter omvandling av spj\u00e4ls\u00e4ngen till en s\u00e4ng ing\u00e5r; r\u00e4cket kan installeras p\u00e5 h\u00f6ger eller v\u00e4nster sida av s\u00e4ngen<br \/>\n&#8211; rymlig l\u00e5da p\u00e5 H\u00e4fele-skenor <\/p>\n<p>**Ytterligare information:**<br \/>\n&#8211; L\u00e4mplig \u00e5lder: Fr\u00e5n f\u00f6dseln till cirka 5 \u00e5r<br \/>\n&#8211; s\u00e4ngen kan f\u00f6rses med en madrass &#8211; m\u00e5tt: 140 cm x 70 cm <\/p>\n<p>**M\u00e5tt (cm):**<br \/>\nL: 152, B: 77,6, H: 109<\/p>\n<p>**M\u00f6belns utf\u00f6rande och ytbehandling:**M\u00f6blerna \u00e4r ytbehandlade med en speciellt utvald f\u00e4rg fr\u00e5n en italiensk leverant\u00f6r, som har unika h\u00e4rdande egenskaper, s\u00e5 att m\u00f6blerna \u00e4r motst\u00e5ndskraftiga mot tv\u00e5 typer av skador:<br \/>\n&#8211; Kemikalier: skyddar mot effekterna av vatten, lotioner, oljor och andra reng\u00f6ringsmedel;<br \/>\n&#8211; Mekaniskt skydd mot alla typer av repor som uppst\u00e5r vid anv\u00e4ndning av m\u00f6blerna.<\/p>\n<p>Den matchande f\u00e4rgen skapar en perfekt sl\u00e4t ytstruktur. Speciella material skapar en matt effekt p\u00e5 den fina satinytan.<br \/>\nF\u00e4rgen har alla n\u00f6dv\u00e4ndiga certifikat. Dessutom testas de m\u00e5lade m\u00f6blerna i laboratorier med avseende p\u00e5 utsl\u00e4pp innan de s\u00e4ljs. Tack vare en speciellt h\u00e4rdad f\u00e4rg avger de inga skadliga \u00e4mnen.<\/p>\n<p>**Anv\u00e4ndningsanvisning:**<br \/>\nM\u00f6blerna ska torkas av med en mjuk bomullsduk fuktad med vatten eller ett produkt avsedd f\u00f6r m\u00f6belv\u00e5rd.<\/p>\n<p>**Ytterligare information:**<br \/>\nM\u00f6blerna levereras i paket avsedda f\u00f6r sj\u00e4lvmontering. Paketen inneh\u00e5ller detaljerade monteringsanvisningar samt tillbeh\u00f6r (skruvar etc.).<\/p>\n","protected":false},"excerpt":{"rendered":"<p>Good Night-s\u00e4ngen \u00e4r en praktisk kombination av elegans och klassisk stil. En chic design speciellt f\u00f6r kr\u00e4vande f\u00f6r\u00e4ldrar s\u00e5 att barnet kan anv\u00e4nda den under l\u00e5ng tid. S\u00e4ngribborna \u00e4r dekorerade med stilfulla reliefm\u00f6nster och p\u00e5 huvudgaveln finns ett elegant dekorativt element som kan fyllas med en Good Night-inskription. Med l\u00e4mpliga stilistiska till\u00e4gg kommer s\u00e4ngen att [&hellip;]<\/p>\n","protected":false},"featured_media":0,"comment_status":"open","ping_status":"closed","template":"","meta":[],"product_brand":[],"product_cat":[33],"product_tag":[],"class_list":{"0":"post-11773","1":"product","2":"type-product","3":"status-publish","5":"product_cat-okategoriserad","7":"first","8":"instock","9":"shipping-taxable","10":"purchasable","11":"product-type-simple"},"_links":{"self":[{"href":"https:\/\/nordicmart.andreevmaster.com\/sv\/wp-json\/wp\/v2\/product\/11773","targetHints":{"allow":["GET"]}}],"collection":[{"href":"https:\/\/nordicmart.andreevmaster.com\/sv\/wp-json\/wp\/v2\/product"}],"about":[{"href":"https:\/\/nordicmart.andreevmaster.com\/sv\/wp-json\/wp\/v2\/types\/product"}],"replies":[{"embeddable":true,"href":"https:\/\/nordicmart.andreevmaster.com\/sv\/wp-json\/wp\/v2\/comments?post=11773"}],"wp:attachment":[{"href":"https:\/\/nordicmart.andreevmaster.com\/sv\/wp-json\/wp\/v2\/media?parent=11773"}],"wp:term":[{"taxonomy":"product_brand","embeddable":true,"href":"https:\/\/nordicmart.andreevmaster.com\/sv\/wp-json\/wp\/v2\/product_brand?post=11773"},{"taxonomy":"product_cat","embeddable":true,"href":"https:\/\/nordicmart.andreevmaster.com\/sv\/wp-json\/wp\/v2\/product_cat?post=11773"},{"taxonomy":"product_tag","embeddable":true,"href":"https:\/\/nordicmart.andreevmaster.com\/sv\/wp-json\/wp\/v2\/product_tag?post=11773"}],"curies":[{"name":"wp","href":"https:\/\/api.w.org\/{rel}","templated":true}]}}