{"id":11771,"date":"2026-02-27T00:11:42","date_gmt":"2026-02-27T00:11:42","guid":{"rendered":"https:\/\/nordicmart.andreevmaster.com\/product\/bellamy-good-night-barnsangsgrind-elegant-vit\/"},"modified":"2026-02-27T08:06:24","modified_gmt":"2026-02-27T08:06:24","slug":"bellamy-good-night-barnsangsgrind-elegant-vit","status":"publish","type":"product","link":"https:\/\/nordicmart.andreevmaster.com\/sv\/produkt\/bellamy-good-night-barnsangsgrind-elegant-vit\/","title":{"rendered":"Bellamy Good Night barns\u00e4ngsgrind elegant vit"},"content":{"rendered":"<p>Good Night-s\u00e4ngen \u00e4r en praktisk kombination av elegans och klassisk stil. En chic design speciellt f\u00f6r kr\u00e4vande f\u00f6r\u00e4ldrar s\u00e5 att barnet kan anv\u00e4nda den under l\u00e5ng tid. S\u00e4ngribborna \u00e4r dekorerade med stilfulla reliefm\u00f6nster; p\u00e5 huvudst\u00f6det finns ett chic dekorativt element som kan fyllas med en Good Night-inskription eller ers\u00e4ttas med barnets namn. Med l\u00e4mpliga stilistiska till\u00e4gg kommer s\u00e4ngen att passa utm\u00e4rkt i b\u00e5de pojk- och flickrum. F\u00e4rg: elegant vit  Varf\u00f6r ska du k\u00f6pa den?<br \/>\n&#8211; Den skyddar barnet fr\u00e5n att falla ur s\u00e4ngen efter att den har omvandlats fr\u00e5n spj\u00e4ls\u00e4ng till s\u00e4ng.<br \/>\n&#8211; S\u00e4nggrinden kan monteras p\u00e5 h\u00f6ger eller v\u00e4nster sida av s\u00e4ngen. M\u00e5tt (cm): L:47, H:29, D:2<\/p>\n","protected":false},"excerpt":{"rendered":"<p>Good Night-s\u00e4ngen \u00e4r en praktisk kombination av elegans och klassisk stil. En chic design speciellt f\u00f6r kr\u00e4vande f\u00f6r\u00e4ldrar s\u00e5 att barnet kan anv\u00e4nda den under l\u00e5ng tid. S\u00e4ngribborna \u00e4r dekorerade med stilfulla reliefm\u00f6nster; p\u00e5 huvudst\u00f6det finns ett chic dekorativt element som kan fyllas med en Good Night-inskription eller ers\u00e4ttas med barnets namn. Med l\u00e4mpliga stilistiska [&hellip;]<\/p>\n","protected":false},"featured_media":0,"comment_status":"open","ping_status":"closed","template":"","meta":[],"product_brand":[],"product_cat":[33],"product_tag":[],"class_list":{"0":"post-11771","1":"product","2":"type-product","3":"status-publish","5":"product_cat-okategoriserad","7":"first","8":"instock","9":"shipping-taxable","10":"purchasable","11":"product-type-simple"},"_links":{"self":[{"href":"https:\/\/nordicmart.andreevmaster.com\/sv\/wp-json\/wp\/v2\/product\/11771","targetHints":{"allow":["GET"]}}],"collection":[{"href":"https:\/\/nordicmart.andreevmaster.com\/sv\/wp-json\/wp\/v2\/product"}],"about":[{"href":"https:\/\/nordicmart.andreevmaster.com\/sv\/wp-json\/wp\/v2\/types\/product"}],"replies":[{"embeddable":true,"href":"https:\/\/nordicmart.andreevmaster.com\/sv\/wp-json\/wp\/v2\/comments?post=11771"}],"wp:attachment":[{"href":"https:\/\/nordicmart.andreevmaster.com\/sv\/wp-json\/wp\/v2\/media?parent=11771"}],"wp:term":[{"taxonomy":"product_brand","embeddable":true,"href":"https:\/\/nordicmart.andreevmaster.com\/sv\/wp-json\/wp\/v2\/product_brand?post=11771"},{"taxonomy":"product_cat","embeddable":true,"href":"https:\/\/nordicmart.andreevmaster.com\/sv\/wp-json\/wp\/v2\/product_cat?post=11771"},{"taxonomy":"product_tag","embeddable":true,"href":"https:\/\/nordicmart.andreevmaster.com\/sv\/wp-json\/wp\/v2\/product_tag?post=11771"}],"curies":[{"name":"wp","href":"https:\/\/api.w.org\/{rel}","templated":true}]}}