{"id":11768,"date":"2026-02-27T00:11:41","date_gmt":"2026-02-27T00:11:41","guid":{"rendered":"https:\/\/nordicmart.andreevmaster.com\/product\/songmics-xxl-brevlada-11-x-37-x-37-cm-rostfritt-stal-med-tidningsfack\/"},"modified":"2026-02-27T08:06:23","modified_gmt":"2026-02-27T08:06:23","slug":"songmics-xxl-brevlada-11-x-37-x-37-cm-rostfritt-stal-med-tidningsfack","status":"publish","type":"product","link":"https:\/\/nordicmart.andreevmaster.com\/sv\/produkt\/songmics-xxl-brevlada-11-x-37-x-37-cm-rostfritt-stal-med-tidningsfack\/","title":{"rendered":"SONGMICS XXL brevl\u00e5da, 11 x 37 x 37 cm, rostfritt st\u00e5l med tidningsfack"},"content":{"rendered":"<p>XXL brevl\u00e5da, 11 x 37 x 37 cm, rostfritt st\u00e5l med tidningsfack, l\u00e5s med kopparcylinder och vridbar lucka, namnskylt, antracit<br \/>\nProduktdetaljer:<br \/>\n&#8211; F\u00e4rg: antracit<br \/>\n&#8211; Material: F\u00f6rzinkat st\u00e5l, kopparcylinder<br \/>\n&#8211; Storlek: 11 x 37 x 37 cm (D x B x H)<br \/>\n&#8211; Vikt: 2,2 kg<\/p>\n<p>Leveransomfattning:<br \/>\n&#8211; 1 x brevl\u00e5da<br \/>\n&#8211; 2 x nycklar<br \/>\n&#8211; 4 x skruv<br \/>\n&#8211; 4 x pluggar<br \/>\n&#8211; 4 x distansbrickor av gummi<br \/>\n&#8211; 1 x bruksanvisning<\/p>\n<p>SONGMICS Anm\u00e4rkningar:<br \/>\n&#8211; F\u00f6r att s\u00e4kerst\u00e4lla en l\u00e5ng livsl\u00e4ngd rekommenderas att brevl\u00e5dan med tidningsfack monteras under ett takutspr\u00e5ng eller p\u00e5 en annan skyddad plats.<\/p>\n","protected":false},"excerpt":{"rendered":"<p>XXL brevl\u00e5da, 11 x 37 x 37 cm, rostfritt st\u00e5l med tidningsfack, l\u00e5s med kopparcylinder och vridbar lucka, namnskylt, antracit<\/p>\n","protected":false},"featured_media":40118,"comment_status":"open","ping_status":"closed","template":"","meta":[],"product_brand":[],"product_cat":[33],"product_tag":[],"class_list":{"0":"post-11768","1":"product","2":"type-product","3":"status-publish","4":"has-post-thumbnail","6":"product_cat-okategoriserad","8":"first","9":"instock","10":"shipping-taxable","11":"purchasable","12":"product-type-simple"},"_links":{"self":[{"href":"https:\/\/nordicmart.andreevmaster.com\/sv\/wp-json\/wp\/v2\/product\/11768","targetHints":{"allow":["GET"]}}],"collection":[{"href":"https:\/\/nordicmart.andreevmaster.com\/sv\/wp-json\/wp\/v2\/product"}],"about":[{"href":"https:\/\/nordicmart.andreevmaster.com\/sv\/wp-json\/wp\/v2\/types\/product"}],"replies":[{"embeddable":true,"href":"https:\/\/nordicmart.andreevmaster.com\/sv\/wp-json\/wp\/v2\/comments?post=11768"}],"wp:featuredmedia":[{"embeddable":true,"href":"https:\/\/nordicmart.andreevmaster.com\/sv\/wp-json\/wp\/v2\/media\/40118"}],"wp:attachment":[{"href":"https:\/\/nordicmart.andreevmaster.com\/sv\/wp-json\/wp\/v2\/media?parent=11768"}],"wp:term":[{"taxonomy":"product_brand","embeddable":true,"href":"https:\/\/nordicmart.andreevmaster.com\/sv\/wp-json\/wp\/v2\/product_brand?post=11768"},{"taxonomy":"product_cat","embeddable":true,"href":"https:\/\/nordicmart.andreevmaster.com\/sv\/wp-json\/wp\/v2\/product_cat?post=11768"},{"taxonomy":"product_tag","embeddable":true,"href":"https:\/\/nordicmart.andreevmaster.com\/sv\/wp-json\/wp\/v2\/product_tag?post=11768"}],"curies":[{"name":"wp","href":"https:\/\/api.w.org\/{rel}","templated":true}]}}