{"id":11767,"date":"2026-02-27T00:11:41","date_gmt":"2026-02-27T00:11:41","guid":{"rendered":"https:\/\/nordicmart.andreevmaster.com\/product\/songmics-vaggbrevlada-med-fonster\/"},"modified":"2026-02-27T08:06:23","modified_gmt":"2026-02-27T08:06:23","slug":"songmics-vaggbrevlada-med-fonster","status":"publish","type":"product","link":"https:\/\/nordicmart.andreevmaster.com\/sv\/produkt\/songmics-vaggbrevlada-med-fonster\/","title":{"rendered":"SONGMICS v\u00e4ggbrevl\u00e5da med f\u00f6nster"},"content":{"rendered":"<p>En fristad f\u00f6r dina brev: L\u00e4gger brevb\u00e4raren alltid dina brev p\u00e5 marken framf\u00f6r din d\u00f6rr? Detta \u00e4r s\u00e4rskilt irriterande p\u00e5 regniga dagar. Dessutom kan din post helt enkelt f\u00f6rsvinna. Denna brevl\u00e5da fr\u00e5n SONGMICS kommer till din hj\u00e4lp och erbjuder dina brev en liten fristad. Den skyddar trycksakerna fr\u00e5n v\u00e4der och vind och har dessutom en l\u00e5ng livsl\u00e4ngd. Sk\u00e4l till varf\u00f6r denna brevl\u00e5da \u00e4r r\u00e4tt f\u00f6r dig: Tillverkad av rostfritt st\u00e5l och galvaniserat, pulverlackerat st\u00e5l f\u00f6r l\u00e5ng livsl\u00e4ngd. Locket st\u00e4ngs mjukt efter att brevb\u00e4raren har lagt in breven.F\u00f6nstren g\u00f6r att du snabbt kan se om ditt brev har kommit fram. 2 nycklar till l\u00e5set ing\u00e5r. Med ett tidningsfack i nedre delen. Enkel montering tack vare medf\u00f6ljande monteringsdetaljer. Produktdetaljer: F\u00e4rg: Silver-antracit Material: Rostfritt st\u00e5l, pulverlackerat galvaniserat st\u00e5l Storlek: 37 x 10,5 x 37 cm (L x B x H) Vikt: 3,6 kg Leveransomfattning: 1 x brevl\u00e5da 2 x nycklar 4 x skruvar 4 x pluggar 4 x gummibest\u00e5ndare SONGICs anm\u00e4rkningar: Det rekommenderas att placera brevl\u00e5dan p\u00e5 en v\u00e4derskyddad plats f\u00f6r att s\u00e4kerst\u00e4lla en l\u00e4ngre livsl\u00e4ngd.<\/p>\n","protected":false},"excerpt":{"rendered":"<p>SONGMICS Brevl\u00e5da, v\u00e4ggbrevl\u00e5da med f\u00f6nster, av rostfritt st\u00e5l, f\u00f6r ytterd\u00f6rr, med l\u00e5s och nycklar, silver-antracit GMB053G01<\/p>\n","protected":false},"featured_media":40117,"comment_status":"open","ping_status":"closed","template":"","meta":[],"product_brand":[],"product_cat":[33],"product_tag":[],"class_list":{"0":"post-11767","1":"product","2":"type-product","3":"status-publish","4":"has-post-thumbnail","6":"product_cat-okategoriserad","8":"first","9":"instock","10":"shipping-taxable","11":"purchasable","12":"product-type-simple"},"_links":{"self":[{"href":"https:\/\/nordicmart.andreevmaster.com\/sv\/wp-json\/wp\/v2\/product\/11767","targetHints":{"allow":["GET"]}}],"collection":[{"href":"https:\/\/nordicmart.andreevmaster.com\/sv\/wp-json\/wp\/v2\/product"}],"about":[{"href":"https:\/\/nordicmart.andreevmaster.com\/sv\/wp-json\/wp\/v2\/types\/product"}],"replies":[{"embeddable":true,"href":"https:\/\/nordicmart.andreevmaster.com\/sv\/wp-json\/wp\/v2\/comments?post=11767"}],"wp:featuredmedia":[{"embeddable":true,"href":"https:\/\/nordicmart.andreevmaster.com\/sv\/wp-json\/wp\/v2\/media\/40117"}],"wp:attachment":[{"href":"https:\/\/nordicmart.andreevmaster.com\/sv\/wp-json\/wp\/v2\/media?parent=11767"}],"wp:term":[{"taxonomy":"product_brand","embeddable":true,"href":"https:\/\/nordicmart.andreevmaster.com\/sv\/wp-json\/wp\/v2\/product_brand?post=11767"},{"taxonomy":"product_cat","embeddable":true,"href":"https:\/\/nordicmart.andreevmaster.com\/sv\/wp-json\/wp\/v2\/product_cat?post=11767"},{"taxonomy":"product_tag","embeddable":true,"href":"https:\/\/nordicmart.andreevmaster.com\/sv\/wp-json\/wp\/v2\/product_tag?post=11767"}],"curies":[{"name":"wp","href":"https:\/\/api.w.org\/{rel}","templated":true}]}}