{"id":11761,"date":"2026-02-27T00:11:40","date_gmt":"2026-02-27T00:11:40","guid":{"rendered":"https:\/\/nordicmart.andreevmaster.com\/product\/songmics-brevlada-2-pack-vaggbrevlada-las-med-kopparcylinder-vridbar-lucka-tidningsfack-fonster-namnskyltfaste-lasbar-antracit-gmb20ag02\/"},"modified":"2026-02-27T08:06:22","modified_gmt":"2026-02-27T08:06:22","slug":"songmics-brevlada-2-pack-vaggbrevlada-las-med-kopparcylinder-vridbar-lucka-tidningsfack-fonster-namnskyltfaste-lasbar-antracit-gmb20ag02","status":"publish","type":"product","link":"https:\/\/nordicmart.andreevmaster.com\/sv\/produkt\/songmics-brevlada-2-pack-vaggbrevlada-las-med-kopparcylinder-vridbar-lucka-tidningsfack-fonster-namnskyltfaste-lasbar-antracit-gmb20ag02\/","title":{"rendered":"SONGMICS brevl\u00e5da, 2-pack, v\u00e4ggbrevl\u00e5da, l\u00e5s med kopparcylinder, vridbar lucka, tidningsfack, f\u00f6nster, namnskyltf\u00e4ste, l\u00e5sbar, antracit GMB20AG02"},"content":{"rendered":"<p>Produktdetaljer:<\/p>\n<p>F\u00e4rg: Antracit<br \/>\nMaterial: St\u00e5l<br \/>\nStorlek per brevl\u00e5da: 9,5 x 30,5 x 33,3 cm (D x B x H)<br \/>\nVikt per brevl\u00e5da: 1,6 kg<br \/>\nLeveransomfattning:<\/p>\n<p>2 x brevl\u00e5da<br \/>\n2 x tillbeh\u00f6rspaket<br \/>\nSONGMICS Anm\u00e4rkningar:<\/p>\n<p>Det rekommenderas att placera brevl\u00e5dan p\u00e5 en plats som \u00e4r skyddad mot v\u00e4der och vind f\u00f6r att s\u00e4kerst\u00e4lla en l\u00e4ngre livsl\u00e4ngd.<\/p>\n","protected":false},"excerpt":{"rendered":"<p>SONGMICS brevl\u00e5da, v\u00e4ggbrevl\u00e5da, l\u00e5s med kopparcylinder och vridbar lucka, tidningsfack, f\u00f6nster, namnskyltf\u00e4ste, l\u00e5sbar, enkel montering, antracit GMB20AG<\/p>\n","protected":false},"featured_media":40111,"comment_status":"open","ping_status":"closed","template":"","meta":[],"product_brand":[],"product_cat":[33],"product_tag":[],"class_list":{"0":"post-11761","1":"product","2":"type-product","3":"status-publish","4":"has-post-thumbnail","6":"product_cat-okategoriserad","8":"first","9":"instock","10":"shipping-taxable","11":"purchasable","12":"product-type-simple"},"_links":{"self":[{"href":"https:\/\/nordicmart.andreevmaster.com\/sv\/wp-json\/wp\/v2\/product\/11761","targetHints":{"allow":["GET"]}}],"collection":[{"href":"https:\/\/nordicmart.andreevmaster.com\/sv\/wp-json\/wp\/v2\/product"}],"about":[{"href":"https:\/\/nordicmart.andreevmaster.com\/sv\/wp-json\/wp\/v2\/types\/product"}],"replies":[{"embeddable":true,"href":"https:\/\/nordicmart.andreevmaster.com\/sv\/wp-json\/wp\/v2\/comments?post=11761"}],"wp:featuredmedia":[{"embeddable":true,"href":"https:\/\/nordicmart.andreevmaster.com\/sv\/wp-json\/wp\/v2\/media\/40111"}],"wp:attachment":[{"href":"https:\/\/nordicmart.andreevmaster.com\/sv\/wp-json\/wp\/v2\/media?parent=11761"}],"wp:term":[{"taxonomy":"product_brand","embeddable":true,"href":"https:\/\/nordicmart.andreevmaster.com\/sv\/wp-json\/wp\/v2\/product_brand?post=11761"},{"taxonomy":"product_cat","embeddable":true,"href":"https:\/\/nordicmart.andreevmaster.com\/sv\/wp-json\/wp\/v2\/product_cat?post=11761"},{"taxonomy":"product_tag","embeddable":true,"href":"https:\/\/nordicmart.andreevmaster.com\/sv\/wp-json\/wp\/v2\/product_tag?post=11761"}],"curies":[{"name":"wp","href":"https:\/\/api.w.org\/{rel}","templated":true}]}}