{"id":11760,"date":"2026-02-27T00:11:39","date_gmt":"2026-02-27T00:11:39","guid":{"rendered":"https:\/\/nordicmart.andreevmaster.com\/product\/songmics-brevlada-for-vaggmontering\/"},"modified":"2026-02-27T08:06:22","modified_gmt":"2026-02-27T08:06:22","slug":"songmics-brevlada-for-vaggmontering","status":"publish","type":"product","link":"https:\/\/nordicmart.andreevmaster.com\/sv\/produkt\/songmics-brevlada-for-vaggmontering\/","title":{"rendered":"SONGMICS brevl\u00e5da f\u00f6r v\u00e4ggmontering"},"content":{"rendered":"<p>En fristad f\u00f6r dina brev, tidningar och tidskrifter: L\u00e4gger brevb\u00e4raren alltid dina brev p\u00e5 marken framf\u00f6r din d\u00f6rr? Detta \u00e4r s\u00e4rskilt irriterande p\u00e5 regniga dagar. Dessutom kan din post helt enkelt f\u00f6rsvinna. Denna brevl\u00e5da fr\u00e5n SONGMICS kommer till din hj\u00e4lp och erbjuder dina brev, tidningar och tidskrifter en liten fristad. Den \u00e4r tillverkad av pulverlackerat metall, skyddar trycksakerna fr\u00e5n v\u00e4der och vind och har dessutom en l\u00e5ng livsl\u00e4ngd. Detaljerna g\u00f6r skillnaden: F\u00f6ljande genomt\u00e4nkta detaljer g\u00f6r att denna brevl\u00e5da sticker ut fr\u00e5n m\u00e4ngden: L\u00e5set \u00e4r f\u00f6rsett med ett vridbart lock som skyddar det mot regnvatten; f\u00f6nstret visar n\u00e4r dina brev har kommit; namnskyltf\u00e4stet s\u00e4kerst\u00e4ller att dina brev hamnar p\u00e5 r\u00e4tt adress; tidningsfacket erbjuder extra f\u00f6rvaringsutrymme f\u00f6r dina tidningar och tidskrifter; de medf\u00f6ljande monteringsdetaljerna g\u00f6r det dessutom enkelt att montera. Produktdetaljer: F\u00e4rg: antracit Material: Pulverlackerat st\u00e5l Storlek: 30,5 x 9,5 x 33,3 cm (L x B x H) Vikt: 1,6 kg Leveransomfattning: 1 x brevl\u00e5da 1 x tillbeh\u00f6rsp\u00e5se SONGMICS Anm\u00e4rkningar: Det rekommenderas att placera brevl\u00e5dan p\u00e5 en v\u00e4derskyddad plats f\u00f6r att s\u00e4kerst\u00e4lla en l\u00e4ngre livsl\u00e4ngd.<\/p>\n","protected":false},"excerpt":{"rendered":"<p>SONGMICS brevl\u00e5da, v\u00e4ggbrevl\u00e5da, l\u00e5s med kopparcylinder och vridbar lucka, tidningsfack, f\u00f6nster, namnskyltf\u00e4ste, l\u00e5sbar, enkel montering, antracit GMB20AG<\/p>\n","protected":false},"featured_media":40110,"comment_status":"open","ping_status":"closed","template":"","meta":[],"product_brand":[],"product_cat":[33],"product_tag":[],"class_list":{"0":"post-11760","1":"product","2":"type-product","3":"status-publish","4":"has-post-thumbnail","6":"product_cat-okategoriserad","8":"first","9":"instock","10":"shipping-taxable","11":"purchasable","12":"product-type-simple"},"_links":{"self":[{"href":"https:\/\/nordicmart.andreevmaster.com\/sv\/wp-json\/wp\/v2\/product\/11760","targetHints":{"allow":["GET"]}}],"collection":[{"href":"https:\/\/nordicmart.andreevmaster.com\/sv\/wp-json\/wp\/v2\/product"}],"about":[{"href":"https:\/\/nordicmart.andreevmaster.com\/sv\/wp-json\/wp\/v2\/types\/product"}],"replies":[{"embeddable":true,"href":"https:\/\/nordicmart.andreevmaster.com\/sv\/wp-json\/wp\/v2\/comments?post=11760"}],"wp:featuredmedia":[{"embeddable":true,"href":"https:\/\/nordicmart.andreevmaster.com\/sv\/wp-json\/wp\/v2\/media\/40110"}],"wp:attachment":[{"href":"https:\/\/nordicmart.andreevmaster.com\/sv\/wp-json\/wp\/v2\/media?parent=11760"}],"wp:term":[{"taxonomy":"product_brand","embeddable":true,"href":"https:\/\/nordicmart.andreevmaster.com\/sv\/wp-json\/wp\/v2\/product_brand?post=11760"},{"taxonomy":"product_cat","embeddable":true,"href":"https:\/\/nordicmart.andreevmaster.com\/sv\/wp-json\/wp\/v2\/product_cat?post=11760"},{"taxonomy":"product_tag","embeddable":true,"href":"https:\/\/nordicmart.andreevmaster.com\/sv\/wp-json\/wp\/v2\/product_tag?post=11760"}],"curies":[{"name":"wp","href":"https:\/\/api.w.org\/{rel}","templated":true}]}}