{"id":11758,"date":"2026-02-27T00:11:39","date_gmt":"2026-02-27T00:11:39","guid":{"rendered":"https:\/\/nordicmart.andreevmaster.com\/product\/songmics-brevlada-med-kopparcylinderlas-silver\/"},"modified":"2026-02-27T08:06:22","modified_gmt":"2026-02-27T08:06:22","slug":"songmics-brevlada-med-kopparcylinderlas-silver","status":"publish","type":"product","link":"https:\/\/nordicmart.andreevmaster.com\/sv\/produkt\/songmics-brevlada-med-kopparcylinderlas-silver\/","title":{"rendered":"SONGMICS brevl\u00e5da med kopparcylinderl\u00e5s, silver"},"content":{"rendered":"<p>SONGMICS brevl\u00e5da, v\u00e4ggbrevl\u00e5da, l\u00e5s med kopparcylinder och vridbar lucka, tidningsfack, f\u00f6nster, namnskyltf\u00e4ste, l\u00e5sbar, enkel montering, antracit GMB20AG<br \/>\nF\u00e4rg: Silver<br \/>\nMaterial: F\u00f6rzinkat st\u00e5l, kopparcylinder<br \/>\nStorlek: 11 x 37 x 37 cm (D x B x H)<br \/>\nVikt: 2,2 kg<\/p>\n","protected":false},"excerpt":{"rendered":"<p>SONGMICS brevl\u00e5da, v\u00e4ggbrevl\u00e5da, l\u00e5s med kopparcylinder och vridbar lucka, tidningsfack, f\u00f6nster, namnskyltf\u00e4ste, l\u00e5sbar, enkel montering, antracit GMB20AG<\/p>\n","protected":false},"featured_media":40108,"comment_status":"open","ping_status":"closed","template":"","meta":[],"product_brand":[],"product_cat":[33],"product_tag":[],"class_list":{"0":"post-11758","1":"product","2":"type-product","3":"status-publish","4":"has-post-thumbnail","6":"product_cat-okategoriserad","8":"first","9":"instock","10":"shipping-taxable","11":"purchasable","12":"product-type-simple"},"_links":{"self":[{"href":"https:\/\/nordicmart.andreevmaster.com\/sv\/wp-json\/wp\/v2\/product\/11758","targetHints":{"allow":["GET"]}}],"collection":[{"href":"https:\/\/nordicmart.andreevmaster.com\/sv\/wp-json\/wp\/v2\/product"}],"about":[{"href":"https:\/\/nordicmart.andreevmaster.com\/sv\/wp-json\/wp\/v2\/types\/product"}],"replies":[{"embeddable":true,"href":"https:\/\/nordicmart.andreevmaster.com\/sv\/wp-json\/wp\/v2\/comments?post=11758"}],"wp:featuredmedia":[{"embeddable":true,"href":"https:\/\/nordicmart.andreevmaster.com\/sv\/wp-json\/wp\/v2\/media\/40108"}],"wp:attachment":[{"href":"https:\/\/nordicmart.andreevmaster.com\/sv\/wp-json\/wp\/v2\/media?parent=11758"}],"wp:term":[{"taxonomy":"product_brand","embeddable":true,"href":"https:\/\/nordicmart.andreevmaster.com\/sv\/wp-json\/wp\/v2\/product_brand?post=11758"},{"taxonomy":"product_cat","embeddable":true,"href":"https:\/\/nordicmart.andreevmaster.com\/sv\/wp-json\/wp\/v2\/product_cat?post=11758"},{"taxonomy":"product_tag","embeddable":true,"href":"https:\/\/nordicmart.andreevmaster.com\/sv\/wp-json\/wp\/v2\/product_tag?post=11758"}],"curies":[{"name":"wp","href":"https:\/\/api.w.org\/{rel}","templated":true}]}}