{"id":11757,"date":"2026-02-27T00:11:39","date_gmt":"2026-02-27T00:11:39","guid":{"rendered":"https:\/\/nordicmart.andreevmaster.com\/product\/songmics-brevlada-med-paketfack-och-saker-locklas-for-forsandelser-antracitgra\/"},"modified":"2026-02-27T08:06:21","modified_gmt":"2026-02-27T08:06:21","slug":"songmics-brevlada-med-paketfack-och-saker-locklas-for-forsandelser-antracitgra","status":"publish","type":"product","link":"https:\/\/nordicmart.andreevmaster.com\/sv\/produkt\/songmics-brevlada-med-paketfack-och-saker-locklas-for-forsandelser-antracitgra\/","title":{"rendered":"SONGMICS Brevl\u00e5da med paketfack och s\u00e4ker lockl\u00e5s f\u00f6r f\u00f6rs\u00e4ndelser, antracitgr\u00e5"},"content":{"rendered":"<p>SONGMICS paketbox, paketbrevl\u00e5da, brevl\u00e5da med paketfack, personlig, paketl\u00e5da XXL, f\u00f6r brev, paket, l\u00e5s med lock, 2 nycklar, st\u00e5l, antracitgr\u00e5 GMB091B02<br \/>\nF\u00e4rg: Antracitgr\u00e5<br \/>\nMaterial: St\u00e5l<br \/>\nMax. statisk belastningskapacitet: 20 kg<br \/>\nStorlek: 34 x 48 x 106 cm (D x B x H)<br \/>\nL\u00e4mplig brevstorlek: A4- och C4-storlek<br \/>\nMaximal paketstorlek: 23 x 40 x 25 cm (D x B x H)<\/p>\n","protected":false},"excerpt":{"rendered":"<p>SONGMICS paketbox, paketbrevl\u00e5da, brevl\u00e5da med paketfack, personlig, paketl\u00e5da XXL, f\u00f6r brev, paket, l\u00e5s med lock, 2 nycklar, st\u00e5l, antracitgr\u00e5 GMB091B02<\/p>\n","protected":false},"featured_media":40107,"comment_status":"open","ping_status":"closed","template":"","meta":[],"product_brand":[],"product_cat":[33],"product_tag":[],"class_list":{"0":"post-11757","1":"product","2":"type-product","3":"status-publish","4":"has-post-thumbnail","6":"product_cat-okategoriserad","8":"first","9":"instock","10":"shipping-taxable","11":"purchasable","12":"product-type-simple"},"_links":{"self":[{"href":"https:\/\/nordicmart.andreevmaster.com\/sv\/wp-json\/wp\/v2\/product\/11757","targetHints":{"allow":["GET"]}}],"collection":[{"href":"https:\/\/nordicmart.andreevmaster.com\/sv\/wp-json\/wp\/v2\/product"}],"about":[{"href":"https:\/\/nordicmart.andreevmaster.com\/sv\/wp-json\/wp\/v2\/types\/product"}],"replies":[{"embeddable":true,"href":"https:\/\/nordicmart.andreevmaster.com\/sv\/wp-json\/wp\/v2\/comments?post=11757"}],"wp:featuredmedia":[{"embeddable":true,"href":"https:\/\/nordicmart.andreevmaster.com\/sv\/wp-json\/wp\/v2\/media\/40107"}],"wp:attachment":[{"href":"https:\/\/nordicmart.andreevmaster.com\/sv\/wp-json\/wp\/v2\/media?parent=11757"}],"wp:term":[{"taxonomy":"product_brand","embeddable":true,"href":"https:\/\/nordicmart.andreevmaster.com\/sv\/wp-json\/wp\/v2\/product_brand?post=11757"},{"taxonomy":"product_cat","embeddable":true,"href":"https:\/\/nordicmart.andreevmaster.com\/sv\/wp-json\/wp\/v2\/product_cat?post=11757"},{"taxonomy":"product_tag","embeddable":true,"href":"https:\/\/nordicmart.andreevmaster.com\/sv\/wp-json\/wp\/v2\/product_tag?post=11757"}],"curies":[{"name":"wp","href":"https:\/\/api.w.org\/{rel}","templated":true}]}}