{"id":11756,"date":"2026-02-27T00:11:39","date_gmt":"2026-02-27T00:11:39","guid":{"rendered":"https:\/\/nordicmart.andreevmaster.com\/product\/songmics-brevlada-med-namnskylt-och-las-105-x-37-x-37-cm-antracitgra\/"},"modified":"2026-02-27T08:06:21","modified_gmt":"2026-02-27T08:06:21","slug":"songmics-brevlada-med-namnskylt-och-las-105-x-37-x-37-cm-antracitgra","status":"publish","type":"product","link":"https:\/\/nordicmart.andreevmaster.com\/sv\/produkt\/songmics-brevlada-med-namnskylt-och-las-105-x-37-x-37-cm-antracitgra\/","title":{"rendered":"SONGMICS brevl\u00e5da med namnskylt och l\u00e5s 10,5 x 37 x 37 cm antracitgr\u00e5"},"content":{"rendered":"<p>SONGMICS personlig brevl\u00e5da, med namnskylt, husnummerplatta, postl\u00e5da, softclose-lock, tidningsfack, l\u00e5s, modern, enkel montering, 10,5 x 37 x 37 cm, antracitgr\u00e5 GMB090G01<br \/>\nF\u00e4rg: Antracitgr\u00e5<br \/>\nMaterial: F\u00f6rzinkat st\u00e5l<br \/>\nStorlek: 10,5 x 37 x 37 cm (D x B x H)<br \/>\nVikt: 2,8 kg<\/p>\n","protected":false},"excerpt":{"rendered":"<p>SONGMICS personlig brevl\u00e5da, med namnskylt, husnummerplatta, postl\u00e5da, softclose-lock, tidningsfack, l\u00e5s, modern, enkel montering, 10,5 x 37 x 37 cm, antracitgr\u00e5 GMB090G01<\/p>\n","protected":false},"featured_media":40106,"comment_status":"open","ping_status":"closed","template":"","meta":[],"product_brand":[],"product_cat":[33],"product_tag":[],"class_list":{"0":"post-11756","1":"product","2":"type-product","3":"status-publish","4":"has-post-thumbnail","6":"product_cat-okategoriserad","8":"first","9":"instock","10":"shipping-taxable","11":"purchasable","12":"product-type-simple"},"_links":{"self":[{"href":"https:\/\/nordicmart.andreevmaster.com\/sv\/wp-json\/wp\/v2\/product\/11756","targetHints":{"allow":["GET"]}}],"collection":[{"href":"https:\/\/nordicmart.andreevmaster.com\/sv\/wp-json\/wp\/v2\/product"}],"about":[{"href":"https:\/\/nordicmart.andreevmaster.com\/sv\/wp-json\/wp\/v2\/types\/product"}],"replies":[{"embeddable":true,"href":"https:\/\/nordicmart.andreevmaster.com\/sv\/wp-json\/wp\/v2\/comments?post=11756"}],"wp:featuredmedia":[{"embeddable":true,"href":"https:\/\/nordicmart.andreevmaster.com\/sv\/wp-json\/wp\/v2\/media\/40106"}],"wp:attachment":[{"href":"https:\/\/nordicmart.andreevmaster.com\/sv\/wp-json\/wp\/v2\/media?parent=11756"}],"wp:term":[{"taxonomy":"product_brand","embeddable":true,"href":"https:\/\/nordicmart.andreevmaster.com\/sv\/wp-json\/wp\/v2\/product_brand?post=11756"},{"taxonomy":"product_cat","embeddable":true,"href":"https:\/\/nordicmart.andreevmaster.com\/sv\/wp-json\/wp\/v2\/product_cat?post=11756"},{"taxonomy":"product_tag","embeddable":true,"href":"https:\/\/nordicmart.andreevmaster.com\/sv\/wp-json\/wp\/v2\/product_tag?post=11756"}],"curies":[{"name":"wp","href":"https:\/\/api.w.org\/{rel}","templated":true}]}}