{"id":11755,"date":"2026-02-27T00:11:38","date_gmt":"2026-02-27T00:11:38","guid":{"rendered":"https:\/\/nordicmart.andreevmaster.com\/product\/songmics-personlig-brevlada-med-namnskylt-husnummerplatta-postfack-tidningsfack-v-format-fonster-las-modern-enkel-montering-antracit-silver-gmb080d01v1\/"},"modified":"2026-02-27T08:06:21","modified_gmt":"2026-02-27T08:06:21","slug":"songmics-personlig-brevlada-med-namnskylt-husnummerplatta-postfack-tidningsfack-v-format-fonster-las-modern-enkel-montering-antracit-silver-gmb080d01v1","status":"publish","type":"product","link":"https:\/\/nordicmart.andreevmaster.com\/sv\/produkt\/songmics-personlig-brevlada-med-namnskylt-husnummerplatta-postfack-tidningsfack-v-format-fonster-las-modern-enkel-montering-antracit-silver-gmb080d01v1\/","title":{"rendered":"SONGMICS personlig brevl\u00e5da, med namnskylt, husnummerplatta, postfack, tidningsfack, V-format f\u00f6nster, l\u00e5s, modern, enkel montering, antracit-silver GMB080D01V1"},"content":{"rendered":"<p>\u00d6versikt \u00f6ver h\u00f6jdpunkterna i den v\u00e4ggmonterade brevl\u00e5dan:<\/p>\n<p>Snygg design: F\u00e4rgkombinationen i antracit \u00e4r elegant och dekorativ.<br \/>\nH\u00e5llbar: Tillverkad av galvaniserat st\u00e5l med pulverlackering, vatten- och rostbest\u00e4ndig, robust och h\u00e5llbar.<br \/>\nV-format f\u00f6nster: Se din senaste post direkt.<br \/>\nT\u00e4ckt l\u00e5s: L\u00e5set t\u00e4cks av locket och skyddas mot regnvatten s\u00e5 att det inte rostar l\u00e4tt. 2 nycklar medf\u00f6ljer.<br \/>\nTidningsrulle: Ger plats f\u00f6r tidningar eller tidskrifter.<br \/>\nEnkel att montera: L\u00e4tt att montera tack vare medf\u00f6ljande monteringsdetaljer.<br \/>\nProduktdetaljer:<\/p>\n<p>F\u00e4rg: Antracit-silver<br \/>\nMaterial: F\u00f6rzinkat st\u00e5l, rostfritt st\u00e5l<br \/>\nStorlek: 10,5 x 37 x 37 cm (D x B x H)<br \/>\nVikt: 3,8 kg<br \/>\nLeveransomfattning:<\/p>\n<p>1 x brevl\u00e5da<br \/>\n1 x namnskylt<br \/>\n1 x gatu- och husnummerplatta<br \/>\n2 x nycklar<br \/>\n1 x tillbeh\u00f6rspaket<br \/>\n1 x bruksanvisning<br \/>\nSONGMICS Anm\u00e4rkningar:<\/p>\n<p>F\u00f6r att s\u00e4kerst\u00e4lla en l\u00e5ng livsl\u00e4ngd rekommenderas att brevl\u00e5dan monteras under ett takutspr\u00e5ng eller p\u00e5 en annan skyddad plats.<br \/>\nSkyltarna i rostfritt st\u00e5l ska klistras fast p\u00e5 v\u00e4ggbrevl\u00e5dan. Innan du klistrar fast dem ska du f\u00f6rst kontrollera brevl\u00e5dans kropp, rikta in skyltarna och klistra fast dem p\u00e5 r\u00e4tt plats f\u00f6rsta g\u00e5ngen.<\/p>\n","protected":false},"excerpt":{"rendered":"<p>\u00d6versikt \u00f6ver h\u00f6jdpunkterna i den v\u00e4ggmonterade brevl\u00e5dan: Snygg design: F\u00e4rgkombinationen i antracit \u00e4r elegant och dekorativ. H\u00e5llbar: Tillverkad av galvaniserat st\u00e5l med pulverlackering, vatten- och rostbest\u00e4ndig, robust och h\u00e5llbar. V-format f\u00f6nster: Se din senaste post direkt. T\u00e4ckt l\u00e5s: L\u00e5set t\u00e4cks av locket och skyddas mot regnvatten s\u00e5 att det inte rostar l\u00e4tt. 2 nycklar medf\u00f6ljer. [&hellip;]<\/p>\n","protected":false},"featured_media":40105,"comment_status":"open","ping_status":"closed","template":"","meta":[],"product_brand":[],"product_cat":[33],"product_tag":[],"class_list":{"0":"post-11755","1":"product","2":"type-product","3":"status-publish","4":"has-post-thumbnail","6":"product_cat-okategoriserad","8":"first","9":"instock","10":"shipping-taxable","11":"purchasable","12":"product-type-simple"},"_links":{"self":[{"href":"https:\/\/nordicmart.andreevmaster.com\/sv\/wp-json\/wp\/v2\/product\/11755","targetHints":{"allow":["GET"]}}],"collection":[{"href":"https:\/\/nordicmart.andreevmaster.com\/sv\/wp-json\/wp\/v2\/product"}],"about":[{"href":"https:\/\/nordicmart.andreevmaster.com\/sv\/wp-json\/wp\/v2\/types\/product"}],"replies":[{"embeddable":true,"href":"https:\/\/nordicmart.andreevmaster.com\/sv\/wp-json\/wp\/v2\/comments?post=11755"}],"wp:featuredmedia":[{"embeddable":true,"href":"https:\/\/nordicmart.andreevmaster.com\/sv\/wp-json\/wp\/v2\/media\/40105"}],"wp:attachment":[{"href":"https:\/\/nordicmart.andreevmaster.com\/sv\/wp-json\/wp\/v2\/media?parent=11755"}],"wp:term":[{"taxonomy":"product_brand","embeddable":true,"href":"https:\/\/nordicmart.andreevmaster.com\/sv\/wp-json\/wp\/v2\/product_brand?post=11755"},{"taxonomy":"product_cat","embeddable":true,"href":"https:\/\/nordicmart.andreevmaster.com\/sv\/wp-json\/wp\/v2\/product_cat?post=11755"},{"taxonomy":"product_tag","embeddable":true,"href":"https:\/\/nordicmart.andreevmaster.com\/sv\/wp-json\/wp\/v2\/product_tag?post=11755"}],"curies":[{"name":"wp","href":"https:\/\/api.w.org\/{rel}","templated":true}]}}