{"id":11754,"date":"2026-02-27T00:11:38","date_gmt":"2026-02-27T00:11:38","guid":{"rendered":"https:\/\/nordicmart.andreevmaster.com\/product\/songmics-brevlada-med-tidningsfack-och-namnskylt-antracitgra\/"},"modified":"2026-02-27T08:06:21","modified_gmt":"2026-02-27T08:06:21","slug":"songmics-brevlada-med-tidningsfack-och-namnskylt-antracitgra","status":"publish","type":"product","link":"https:\/\/nordicmart.andreevmaster.com\/sv\/produkt\/songmics-brevlada-med-tidningsfack-och-namnskylt-antracitgra\/","title":{"rendered":"SONGMICS brevl\u00e5da med tidningsfack och namnskylt, antracitgr\u00e5"},"content":{"rendered":"<p>SONGMICS brevl\u00e5da med tidningsfack och namnskylt, postl\u00e5da med 4 nycklar, ingen reklam-klisterm\u00e4rke, enkel montering, antracit GMB060G01V1<br \/>\nF\u00e4rg: antracit<br \/>\nMaterial: Pulverlackerat st\u00e5l<br \/>\nStorlek: 35 x 12 x 42,5 cm (L x B x H)<br \/>\nVikt: 2,3 kg<\/p>\n","protected":false},"excerpt":{"rendered":"<p>SONGMICS brevl\u00e5da med tidningsfack och namnskylt, postl\u00e5da med 4 nycklar, ingen reklam-klisterm\u00e4rke, enkel montering, antracit GMB060G01V1<\/p>\n","protected":false},"featured_media":40104,"comment_status":"open","ping_status":"closed","template":"","meta":[],"product_brand":[],"product_cat":[33],"product_tag":[],"class_list":{"0":"post-11754","1":"product","2":"type-product","3":"status-publish","4":"has-post-thumbnail","6":"product_cat-okategoriserad","8":"first","9":"instock","10":"shipping-taxable","11":"purchasable","12":"product-type-simple"},"_links":{"self":[{"href":"https:\/\/nordicmart.andreevmaster.com\/sv\/wp-json\/wp\/v2\/product\/11754","targetHints":{"allow":["GET"]}}],"collection":[{"href":"https:\/\/nordicmart.andreevmaster.com\/sv\/wp-json\/wp\/v2\/product"}],"about":[{"href":"https:\/\/nordicmart.andreevmaster.com\/sv\/wp-json\/wp\/v2\/types\/product"}],"replies":[{"embeddable":true,"href":"https:\/\/nordicmart.andreevmaster.com\/sv\/wp-json\/wp\/v2\/comments?post=11754"}],"wp:featuredmedia":[{"embeddable":true,"href":"https:\/\/nordicmart.andreevmaster.com\/sv\/wp-json\/wp\/v2\/media\/40104"}],"wp:attachment":[{"href":"https:\/\/nordicmart.andreevmaster.com\/sv\/wp-json\/wp\/v2\/media?parent=11754"}],"wp:term":[{"taxonomy":"product_brand","embeddable":true,"href":"https:\/\/nordicmart.andreevmaster.com\/sv\/wp-json\/wp\/v2\/product_brand?post=11754"},{"taxonomy":"product_cat","embeddable":true,"href":"https:\/\/nordicmart.andreevmaster.com\/sv\/wp-json\/wp\/v2\/product_cat?post=11754"},{"taxonomy":"product_tag","embeddable":true,"href":"https:\/\/nordicmart.andreevmaster.com\/sv\/wp-json\/wp\/v2\/product_tag?post=11754"}],"curies":[{"name":"wp","href":"https:\/\/api.w.org\/{rel}","templated":true}]}}