{"id":11749,"date":"2026-02-27T00:11:37","date_gmt":"2026-02-27T00:11:37","guid":{"rendered":"https:\/\/nordicmart.andreevmaster.com\/product\/songmics-brevlada-2-pack-vaggbrevlada-med-fonster-for-ytterdorren-med-las-och-nycklar\/"},"modified":"2026-02-27T08:06:20","modified_gmt":"2026-02-27T08:06:20","slug":"songmics-brevlada-2-pack-vaggbrevlada-med-fonster-for-ytterdorren-med-las-och-nycklar","status":"publish","type":"product","link":"https:\/\/nordicmart.andreevmaster.com\/sv\/produkt\/songmics-brevlada-2-pack-vaggbrevlada-med-fonster-for-ytterdorren-med-las-och-nycklar\/","title":{"rendered":"SONGMICS brevl\u00e5da, 2-pack, v\u00e4ggbrevl\u00e5da med f\u00f6nster, f\u00f6r ytterd\u00f6rren, med l\u00e5s och nycklar"},"content":{"rendered":"<p>En fristad f\u00f6r dina brev: L\u00e4gger brevb\u00e4raren alltid dina brev p\u00e5 marken framf\u00f6r din ytterd\u00f6rr? Detta \u00e4r s\u00e4rskilt irriterande p\u00e5 regniga dagar. Dessutom kan din post helt enkelt f\u00f6rsvinna. Denna brevl\u00e5da fr\u00e5n SONGMICS kommer till din hj\u00e4lp och erbjuder dina brev ett litet skydd. Den skyddar trycksakerna fr\u00e5n v\u00e4der och vind och har dessutom en l\u00e5ng livsl\u00e4ngd.<\/p>\n<p>Anledningar till varf\u00f6r denna brevl\u00e5da \u00e4r r\u00e4tt f\u00f6r dig:<\/p>\n<p>Tillverkad av rostfritt st\u00e5l och galvaniserat, pulverlackerat st\u00e5l f\u00f6r l\u00e5ng livsl\u00e4ngd.<br \/>\nLuckan st\u00e4ngs mjukt efter att brevb\u00e4raren har lagt in breven.<br \/>\nF\u00f6nstren g\u00f6r att du snabbt kan se om ditt brev har kommit fram.<br \/>\n2 nycklar till l\u00e5set ing\u00e5r.<br \/>\nMed ett tidningsfack i nedre delen.<br \/>\nEnkel montering tack vare medf\u00f6ljande monteringsdetaljer.<br \/>\nProduktdetaljer:<\/p>\n<p>F\u00e4rg: Silver-antracit<br \/>\nMaterial: Rostfritt st\u00e5l, pulverlackerat galvaniserat st\u00e5l<br \/>\nStorlek: 10,5 x 37 x 37 cm (L x B x H)<br \/>\nVikt: 7,2 kg<br \/>\nLeveransomfattning:<\/p>\n<p>2 x brevl\u00e5da<br \/>\n4 x nycklar<br \/>\n8 x skruv<br \/>\n8 x pluggar<br \/>\n8 x gummibest\u00e5ndare<br \/>\nSONGMICS Anm\u00e4rkningar:<\/p>\n<p>Vi rekommenderar att du placerar brevl\u00e5dan p\u00e5 en plats som \u00e4r skyddad mot v\u00e4der och vind f\u00f6r att s\u00e4kerst\u00e4lla en l\u00e4ngre livsl\u00e4ngd.<\/p>\n","protected":false},"excerpt":{"rendered":"<p>SONGMICS brevl\u00e5da, v\u00e4ggbrevl\u00e5da med f\u00f6nster, av rostfritt st\u00e5l, f\u00f6r ytterd\u00f6rr, med l\u00e5s och nycklar, silver-antracit GMB053G01<\/p>\n","protected":false},"featured_media":40100,"comment_status":"open","ping_status":"closed","template":"","meta":[],"product_brand":[],"product_cat":[33],"product_tag":[],"class_list":{"0":"post-11749","1":"product","2":"type-product","3":"status-publish","4":"has-post-thumbnail","6":"product_cat-okategoriserad","8":"first","9":"instock","10":"shipping-taxable","11":"purchasable","12":"product-type-simple"},"_links":{"self":[{"href":"https:\/\/nordicmart.andreevmaster.com\/sv\/wp-json\/wp\/v2\/product\/11749","targetHints":{"allow":["GET"]}}],"collection":[{"href":"https:\/\/nordicmart.andreevmaster.com\/sv\/wp-json\/wp\/v2\/product"}],"about":[{"href":"https:\/\/nordicmart.andreevmaster.com\/sv\/wp-json\/wp\/v2\/types\/product"}],"replies":[{"embeddable":true,"href":"https:\/\/nordicmart.andreevmaster.com\/sv\/wp-json\/wp\/v2\/comments?post=11749"}],"wp:featuredmedia":[{"embeddable":true,"href":"https:\/\/nordicmart.andreevmaster.com\/sv\/wp-json\/wp\/v2\/media\/40100"}],"wp:attachment":[{"href":"https:\/\/nordicmart.andreevmaster.com\/sv\/wp-json\/wp\/v2\/media?parent=11749"}],"wp:term":[{"taxonomy":"product_brand","embeddable":true,"href":"https:\/\/nordicmart.andreevmaster.com\/sv\/wp-json\/wp\/v2\/product_brand?post=11749"},{"taxonomy":"product_cat","embeddable":true,"href":"https:\/\/nordicmart.andreevmaster.com\/sv\/wp-json\/wp\/v2\/product_cat?post=11749"},{"taxonomy":"product_tag","embeddable":true,"href":"https:\/\/nordicmart.andreevmaster.com\/sv\/wp-json\/wp\/v2\/product_tag?post=11749"}],"curies":[{"name":"wp","href":"https:\/\/api.w.org\/{rel}","templated":true}]}}