{"id":11745,"date":"2026-02-27T00:11:36","date_gmt":"2026-02-27T00:11:36","guid":{"rendered":"https:\/\/nordicmart.andreevmaster.com\/product\/songmics-lasbar-vaggbrevlada-antracit\/"},"modified":"2026-02-27T08:06:19","modified_gmt":"2026-02-27T08:06:19","slug":"songmics-lasbar-vaggbrevlada-antracit","status":"publish","type":"product","link":"https:\/\/nordicmart.andreevmaster.com\/sv\/produkt\/songmics-lasbar-vaggbrevlada-antracit\/","title":{"rendered":"SONGMICS L\u00e5sbar v\u00e4ggbrevl\u00e5da, antracit"},"content":{"rendered":"<p>En fristad f\u00f6r dina brev, tidningar och tidskrifter: L\u00e4gger brevb\u00e4raren alltid dina brev p\u00e5 marken framf\u00f6r din d\u00f6rr? Detta \u00e4r s\u00e4rskilt irriterande p\u00e5 regniga dagar. Dessutom kan din post helt enkelt f\u00f6rsvinna. Denna brevl\u00e5da fr\u00e5n SONGMICS kommer till din hj\u00e4lp och erbjuder dina brev, tidningar och tidskrifter en liten fristad. Den \u00e4r tillverkad av pulverlackerat st\u00e5l, skyddar trycksakerna mot v\u00e4der och vind och har dessutom en l\u00e5ng livsl\u00e4ngd. Detaljerna g\u00f6r skillnaden: Brevl\u00e5dans lock skyddar l\u00e5set mot regnvatten och \u00e4r dessutom f\u00f6rsett med en d\u00e4mpningsmekanism s\u00e5 att det st\u00e4ngs l\u00e5ngsamt, tyst och mjukt. Tidningsfacket i den nedre delen ger extra f\u00f6rvaringsutrymme f\u00f6r dina tidningar och tidskrifter. Dessutom tillhandah\u00e5ller vi monterings tillbeh\u00f6r s\u00e5 att du enkelt kan f\u00e4sta brevl\u00e5dan p\u00e5 v\u00e4ggen. F\u00f6rb\u00e4ttra din entr\u00e9 med denna eleganta brevl\u00e5da! Produktdetaljer: F\u00e4rg: Antracit Material: Pulverlackerat st\u00e5l Storlek: 37 x 10,5 x 37 cm (L x B x H)Vikt: 3,4 kgLeveransomfattning:1 x brevl\u00e5da2 x nycklar4 x skruvar4 x pluggar4 x gummibest\u00e5ndareSONGMICS Anm\u00e4rkningar:Det rekommenderas att placera brevl\u00e5dan p\u00e5 en v\u00e4derskyddad plats f\u00f6r att s\u00e4kerst\u00e4lla en l\u00e4ngre livsl\u00e4ngd.<\/p>\n","protected":false},"excerpt":{"rendered":"<p>SONGMICS brevl\u00e5da, l\u00e5sbar v\u00e4ggbrevl\u00e5da, med tidningsfack, enkel montering, modern, antracit GMB051G02<\/p>\n","protected":false},"featured_media":40096,"comment_status":"open","ping_status":"closed","template":"","meta":[],"product_brand":[],"product_cat":[33],"product_tag":[],"class_list":{"0":"post-11745","1":"product","2":"type-product","3":"status-publish","4":"has-post-thumbnail","6":"product_cat-okategoriserad","8":"first","9":"instock","10":"shipping-taxable","11":"purchasable","12":"product-type-simple"},"_links":{"self":[{"href":"https:\/\/nordicmart.andreevmaster.com\/sv\/wp-json\/wp\/v2\/product\/11745","targetHints":{"allow":["GET"]}}],"collection":[{"href":"https:\/\/nordicmart.andreevmaster.com\/sv\/wp-json\/wp\/v2\/product"}],"about":[{"href":"https:\/\/nordicmart.andreevmaster.com\/sv\/wp-json\/wp\/v2\/types\/product"}],"replies":[{"embeddable":true,"href":"https:\/\/nordicmart.andreevmaster.com\/sv\/wp-json\/wp\/v2\/comments?post=11745"}],"wp:featuredmedia":[{"embeddable":true,"href":"https:\/\/nordicmart.andreevmaster.com\/sv\/wp-json\/wp\/v2\/media\/40096"}],"wp:attachment":[{"href":"https:\/\/nordicmart.andreevmaster.com\/sv\/wp-json\/wp\/v2\/media?parent=11745"}],"wp:term":[{"taxonomy":"product_brand","embeddable":true,"href":"https:\/\/nordicmart.andreevmaster.com\/sv\/wp-json\/wp\/v2\/product_brand?post=11745"},{"taxonomy":"product_cat","embeddable":true,"href":"https:\/\/nordicmart.andreevmaster.com\/sv\/wp-json\/wp\/v2\/product_cat?post=11745"},{"taxonomy":"product_tag","embeddable":true,"href":"https:\/\/nordicmart.andreevmaster.com\/sv\/wp-json\/wp\/v2\/product_tag?post=11745"}],"curies":[{"name":"wp","href":"https:\/\/api.w.org\/{rel}","templated":true}]}}