{"id":11742,"date":"2026-02-27T00:11:36","date_gmt":"2026-02-27T00:11:36","guid":{"rendered":"https:\/\/nordicmart.andreevmaster.com\/product\/songmics-vaggbrevlada-med-tidningsfack-antracit\/"},"modified":"2026-02-27T08:06:19","modified_gmt":"2026-02-27T08:06:19","slug":"songmics-vaggbrevlada-med-tidningsfack-antracit","status":"publish","type":"product","link":"https:\/\/nordicmart.andreevmaster.com\/sv\/produkt\/songmics-vaggbrevlada-med-tidningsfack-antracit\/","title":{"rendered":"SONGMICS V\u00e4ggbrevl\u00e5da med tidningsfack, antracit"},"content":{"rendered":"<p>Produktdetaljer: F\u00e4rg: Anthracit Material: Pulverlackerat st\u00e5l Storlek: 30,5 x 11 x 38,5 cm (L x B x H) Storlek p\u00e5 tidningsfack: 30 x 3 cm (L x B) Vikt: 1,9 kg Leveransomfattning: 1 x brevl\u00e5da 1 x tillbeh\u00f6rspaket 4 x nycklar SONGMICS Anm\u00e4rkningar:Det rekommenderas att placera brevl\u00e5dan p\u00e5 en plats som \u00e4r skyddad mot v\u00e4der och vind f\u00f6r att s\u00e4kerst\u00e4lla en l\u00e4ngre livsl\u00e4ngd. N\u00e4r du \u00f6ppnar l\u00e5set ska du rikta in nyckeln med sk\u00e5ran upp\u00e5t f\u00f6r att kunna s\u00e4tta in nyckeln korrekt.<\/p>\n","protected":false},"excerpt":{"rendered":"<p>SONGMICS brevl\u00e5da, v\u00e4ggbrevl\u00e5da, l\u00e5s med kopparcylinder och vridbar lucka, tidningsfack, postf\u00f6nster, namnskyltf\u00e4ste, l\u00e5sbar, antracit GMB021G01<\/p>\n","protected":false},"featured_media":40093,"comment_status":"open","ping_status":"closed","template":"","meta":[],"product_brand":[],"product_cat":[33],"product_tag":[],"class_list":{"0":"post-11742","1":"product","2":"type-product","3":"status-publish","4":"has-post-thumbnail","6":"product_cat-okategoriserad","8":"first","9":"instock","10":"shipping-taxable","11":"purchasable","12":"product-type-simple"},"_links":{"self":[{"href":"https:\/\/nordicmart.andreevmaster.com\/sv\/wp-json\/wp\/v2\/product\/11742","targetHints":{"allow":["GET"]}}],"collection":[{"href":"https:\/\/nordicmart.andreevmaster.com\/sv\/wp-json\/wp\/v2\/product"}],"about":[{"href":"https:\/\/nordicmart.andreevmaster.com\/sv\/wp-json\/wp\/v2\/types\/product"}],"replies":[{"embeddable":true,"href":"https:\/\/nordicmart.andreevmaster.com\/sv\/wp-json\/wp\/v2\/comments?post=11742"}],"wp:featuredmedia":[{"embeddable":true,"href":"https:\/\/nordicmart.andreevmaster.com\/sv\/wp-json\/wp\/v2\/media\/40093"}],"wp:attachment":[{"href":"https:\/\/nordicmart.andreevmaster.com\/sv\/wp-json\/wp\/v2\/media?parent=11742"}],"wp:term":[{"taxonomy":"product_brand","embeddable":true,"href":"https:\/\/nordicmart.andreevmaster.com\/sv\/wp-json\/wp\/v2\/product_brand?post=11742"},{"taxonomy":"product_cat","embeddable":true,"href":"https:\/\/nordicmart.andreevmaster.com\/sv\/wp-json\/wp\/v2\/product_cat?post=11742"},{"taxonomy":"product_tag","embeddable":true,"href":"https:\/\/nordicmart.andreevmaster.com\/sv\/wp-json\/wp\/v2\/product_tag?post=11742"}],"curies":[{"name":"wp","href":"https:\/\/api.w.org\/{rel}","templated":true}]}}