{"id":11741,"date":"2026-02-27T00:11:36","date_gmt":"2026-02-27T00:11:36","guid":{"rendered":"https:\/\/nordicmart.andreevmaster.com\/product\/songmics-brevlada-i-rostfritt-stal-silver\/"},"modified":"2026-02-27T08:06:19","modified_gmt":"2026-02-27T08:06:19","slug":"songmics-brevlada-i-rostfritt-stal-silver","status":"publish","type":"product","link":"https:\/\/nordicmart.andreevmaster.com\/sv\/produkt\/songmics-brevlada-i-rostfritt-stal-silver\/","title":{"rendered":"SONGMICS brevl\u00e5da i rostfritt st\u00e5l, silver"},"content":{"rendered":"<p>En fristad f\u00f6r dina brev, tidningar och tidskrifter: L\u00e4gger brevb\u00e4raren alltid dina brev p\u00e5 marken framf\u00f6r din d\u00f6rr? Detta \u00e4r s\u00e4rskilt irriterande p\u00e5 regniga dagar. Dessutom kan din post helt enkelt f\u00f6rsvinna. Denna brevl\u00e5da fr\u00e5n SONGMICS kommer till din hj\u00e4lp och erbjuder dina brev, tidningar och tidskrifter ett litet skydd. Den \u00e4r tillverkad av rostfritt st\u00e5l, skyddar trycksakerna fr\u00e5n v\u00e4derp\u00e5verkan och har dessutom en l\u00e5ng livsl\u00e4ngd.Detaljerna g\u00f6r skillnaden: F\u00f6ljande genomt\u00e4nkta detaljer g\u00f6r att denna brevl\u00e5da sticker ut fr\u00e5n m\u00e4ngden: L\u00e5set \u00e4r f\u00f6rsett med ett vridbart lock som skyddar det mot regnvatten; f\u00f6nstret visar n\u00e4r dina brev har kommit; h\u00e5llaren f\u00f6r namnskyltar s\u00e4kerst\u00e4ller att dina brev hamnar p\u00e5 r\u00e4tt adress; tidningsfacket erbjuder extra f\u00f6rvaringsutrymme f\u00f6r dina tidningar och tidskrifter; De medf\u00f6ljande monteringsdetaljerna g\u00f6r dessutom monteringen enkel. Produktdetaljer: F\u00e4rg: Silver Material: Rostfritt st\u00e5l Storlek: 30,5 x 9,5 x 33,3 cm (L x B x H) Vikt: 1,6 kg Leveransomfattning: 1 x brevl\u00e5da 2 x nycklar 4 x skruvar 4 x pluggar 4 x gummibest\u00e5ndare SONGIMC Anm\u00e4rkningar:Vi rekommenderar att du placerar brevl\u00e5dan p\u00e5 en plats som \u00e4r skyddad mot v\u00e4der och vind f\u00f6r att s\u00e4kerst\u00e4lla en l\u00e4ngre livsl\u00e4ngd.<\/p>\n","protected":false},"excerpt":{"rendered":"<p>SONGMICS brevl\u00e5da, v\u00e4ggbrevl\u00e5da, l\u00e5s med kopparcylinder och vridbar lucka, tidningsfack, f\u00f6nster, namnskyltf\u00e4ste, l\u00e5sbar, enkel montering, svart GMB020B02<\/p>\n","protected":false},"featured_media":40092,"comment_status":"open","ping_status":"closed","template":"","meta":[],"product_brand":[],"product_cat":[33],"product_tag":[],"class_list":{"0":"post-11741","1":"product","2":"type-product","3":"status-publish","4":"has-post-thumbnail","6":"product_cat-okategoriserad","8":"first","9":"instock","10":"shipping-taxable","11":"purchasable","12":"product-type-simple"},"_links":{"self":[{"href":"https:\/\/nordicmart.andreevmaster.com\/sv\/wp-json\/wp\/v2\/product\/11741","targetHints":{"allow":["GET"]}}],"collection":[{"href":"https:\/\/nordicmart.andreevmaster.com\/sv\/wp-json\/wp\/v2\/product"}],"about":[{"href":"https:\/\/nordicmart.andreevmaster.com\/sv\/wp-json\/wp\/v2\/types\/product"}],"replies":[{"embeddable":true,"href":"https:\/\/nordicmart.andreevmaster.com\/sv\/wp-json\/wp\/v2\/comments?post=11741"}],"wp:featuredmedia":[{"embeddable":true,"href":"https:\/\/nordicmart.andreevmaster.com\/sv\/wp-json\/wp\/v2\/media\/40092"}],"wp:attachment":[{"href":"https:\/\/nordicmart.andreevmaster.com\/sv\/wp-json\/wp\/v2\/media?parent=11741"}],"wp:term":[{"taxonomy":"product_brand","embeddable":true,"href":"https:\/\/nordicmart.andreevmaster.com\/sv\/wp-json\/wp\/v2\/product_brand?post=11741"},{"taxonomy":"product_cat","embeddable":true,"href":"https:\/\/nordicmart.andreevmaster.com\/sv\/wp-json\/wp\/v2\/product_cat?post=11741"},{"taxonomy":"product_tag","embeddable":true,"href":"https:\/\/nordicmart.andreevmaster.com\/sv\/wp-json\/wp\/v2\/product_tag?post=11741"}],"curies":[{"name":"wp","href":"https:\/\/api.w.org\/{rel}","templated":true}]}}