{"id":11738,"date":"2026-02-27T00:11:35","date_gmt":"2026-02-27T00:11:35","guid":{"rendered":"https:\/\/nordicmart.andreevmaster.com\/product\/songmics-brevlada-svart\/"},"modified":"2026-02-27T08:06:18","modified_gmt":"2026-02-27T08:06:18","slug":"songmics-brevlada-svart","status":"publish","type":"product","link":"https:\/\/nordicmart.andreevmaster.com\/sv\/produkt\/songmics-brevlada-svart\/","title":{"rendered":"SONGMICS brevl\u00e5da svart"},"content":{"rendered":"<p>Produktdetaljer: F\u00e4rg: Svart Material: Pulverlackerat st\u00e5l Storlek: 30,5 x 9,5 x 33,3 cm (L x B x H) Vikt: 1,6 kg Leveransomfattning: 1 x brevl\u00e5da 1 x tillbeh\u00f6rspaket SONGMICS Anm\u00e4rkningar:Vi rekommenderar att du placerar brevl\u00e5dan p\u00e5 en plats som \u00e4r skyddad mot v\u00e4der och vind f\u00f6r att s\u00e4kerst\u00e4lla en l\u00e4ngre livsl\u00e4ngd.<\/p>\n","protected":false},"excerpt":{"rendered":"<p>SONGMICS brevl\u00e5da, v\u00e4ggbrevl\u00e5da, l\u00e5s med kopparcylinder och vridbar lucka, tidningsfack, f\u00f6nster, namnskyltf\u00e4ste, l\u00e5sbar, enkel montering, svart GMB020B02<\/p>\n","protected":false},"featured_media":40090,"comment_status":"open","ping_status":"closed","template":"","meta":[],"product_brand":[],"product_cat":[33],"product_tag":[],"class_list":{"0":"post-11738","1":"product","2":"type-product","3":"status-publish","4":"has-post-thumbnail","6":"product_cat-okategoriserad","8":"first","9":"instock","10":"shipping-taxable","11":"purchasable","12":"product-type-simple"},"_links":{"self":[{"href":"https:\/\/nordicmart.andreevmaster.com\/sv\/wp-json\/wp\/v2\/product\/11738","targetHints":{"allow":["GET"]}}],"collection":[{"href":"https:\/\/nordicmart.andreevmaster.com\/sv\/wp-json\/wp\/v2\/product"}],"about":[{"href":"https:\/\/nordicmart.andreevmaster.com\/sv\/wp-json\/wp\/v2\/types\/product"}],"replies":[{"embeddable":true,"href":"https:\/\/nordicmart.andreevmaster.com\/sv\/wp-json\/wp\/v2\/comments?post=11738"}],"wp:featuredmedia":[{"embeddable":true,"href":"https:\/\/nordicmart.andreevmaster.com\/sv\/wp-json\/wp\/v2\/media\/40090"}],"wp:attachment":[{"href":"https:\/\/nordicmart.andreevmaster.com\/sv\/wp-json\/wp\/v2\/media?parent=11738"}],"wp:term":[{"taxonomy":"product_brand","embeddable":true,"href":"https:\/\/nordicmart.andreevmaster.com\/sv\/wp-json\/wp\/v2\/product_brand?post=11738"},{"taxonomy":"product_cat","embeddable":true,"href":"https:\/\/nordicmart.andreevmaster.com\/sv\/wp-json\/wp\/v2\/product_cat?post=11738"},{"taxonomy":"product_tag","embeddable":true,"href":"https:\/\/nordicmart.andreevmaster.com\/sv\/wp-json\/wp\/v2\/product_tag?post=11738"}],"curies":[{"name":"wp","href":"https:\/\/api.w.org\/{rel}","templated":true}]}}