{"id":11737,"date":"2026-02-27T00:11:35","date_gmt":"2026-02-27T00:11:35","guid":{"rendered":"https:\/\/nordicmart.andreevmaster.com\/product\/songmics-trappstege-aluminiumstege-med-2-halkfria-steg-hopfallbar-stege\/"},"modified":"2026-02-27T08:06:18","modified_gmt":"2026-02-27T08:06:18","slug":"songmics-trappstege-aluminiumstege-med-2-halkfria-steg-hopfallbar-stege","status":"publish","type":"product","link":"https:\/\/nordicmart.andreevmaster.com\/sv\/produkt\/songmics-trappstege-aluminiumstege-med-2-halkfria-steg-hopfallbar-stege\/","title":{"rendered":"SONGMICS trappstege, aluminiumstege med 2 halkfria steg, hopf\u00e4llbar stege"},"content":{"rendered":"<p>SONGMICS aluminiumstege, multifunktionsstege, belastningskapacitet upp till 150 kg, med 3 steg, testad av T\u00dcV Rheinland enligt DIN EN14183 GLT23K<br \/>\nSpecifikationer:<br \/>\n&#8211; Vikt: 10,5 kg<br \/>\n&#8211; M\u00e5tt utf\u00e4lld: 45 x 35,5 x 38 cm (D x B x H)<br \/>\n&#8211; M\u00e5tt hopf\u00e4lld: 19 x 35,5 x 44 cm (D x B x H)<br \/>\n&#8211; Max. statisk b\u00e4rf\u00f6rm\u00e5ga: 150 kg<br \/>\n&#8211; F\u00e4rg: silvergr\u00e5-bl\u00e4ck svart<br \/>\n&#8211; Material: aluminiumlegering, plast<\/p>\n","protected":false},"excerpt":{"rendered":"<p>SONGMICS aluminiumstege, multifunktionsstege, belastningskapacitet upp till 150 kg, med 3 steg, testad av T\u00dcV Rheinland enligt DIN EN14183 GLT23K<\/p>\n","protected":false},"featured_media":40089,"comment_status":"open","ping_status":"closed","template":"","meta":[],"product_brand":[],"product_cat":[33],"product_tag":[],"class_list":{"0":"post-11737","1":"product","2":"type-product","3":"status-publish","4":"has-post-thumbnail","6":"product_cat-okategoriserad","8":"first","9":"instock","10":"shipping-taxable","11":"purchasable","12":"product-type-simple"},"_links":{"self":[{"href":"https:\/\/nordicmart.andreevmaster.com\/sv\/wp-json\/wp\/v2\/product\/11737","targetHints":{"allow":["GET"]}}],"collection":[{"href":"https:\/\/nordicmart.andreevmaster.com\/sv\/wp-json\/wp\/v2\/product"}],"about":[{"href":"https:\/\/nordicmart.andreevmaster.com\/sv\/wp-json\/wp\/v2\/types\/product"}],"replies":[{"embeddable":true,"href":"https:\/\/nordicmart.andreevmaster.com\/sv\/wp-json\/wp\/v2\/comments?post=11737"}],"wp:featuredmedia":[{"embeddable":true,"href":"https:\/\/nordicmart.andreevmaster.com\/sv\/wp-json\/wp\/v2\/media\/40089"}],"wp:attachment":[{"href":"https:\/\/nordicmart.andreevmaster.com\/sv\/wp-json\/wp\/v2\/media?parent=11737"}],"wp:term":[{"taxonomy":"product_brand","embeddable":true,"href":"https:\/\/nordicmart.andreevmaster.com\/sv\/wp-json\/wp\/v2\/product_brand?post=11737"},{"taxonomy":"product_cat","embeddable":true,"href":"https:\/\/nordicmart.andreevmaster.com\/sv\/wp-json\/wp\/v2\/product_cat?post=11737"},{"taxonomy":"product_tag","embeddable":true,"href":"https:\/\/nordicmart.andreevmaster.com\/sv\/wp-json\/wp\/v2\/product_tag?post=11737"}],"curies":[{"name":"wp","href":"https:\/\/api.w.org\/{rel}","templated":true}]}}