{"id":11736,"date":"2026-02-27T00:11:35","date_gmt":"2026-02-27T00:11:35","guid":{"rendered":"https:\/\/nordicmart.andreevmaster.com\/product\/songmics-multifunktionsstege-350-cm\/"},"modified":"2026-02-27T08:06:18","modified_gmt":"2026-02-27T08:06:18","slug":"songmics-multifunktionsstege-350-cm","status":"publish","type":"product","link":"https:\/\/nordicmart.andreevmaster.com\/sv\/produkt\/songmics-multifunktionsstege-350-cm\/","title":{"rendered":"SONGMICS multifunktionsstege 350 cm"},"content":{"rendered":"<p>Produktdetaljer: &#8211; M\u00e5tt hopf\u00e4lld: 97 x 39 x 25,5 cm (B x H x D) &#8211; M\u00e5tt helt utf\u00e4lld: 79,5 x 6 x 350 cm (B x H x D) &#8211; H\u00f6jd som dubbeltrapp: 175 cm &#8211; St\u00e5h\u00f6jd arbetsplattform: 94 cm &#8211; St\u00e5yta p\u00e5 arbetsplattform: 143 x 30 cm &#8211; Stegbredd: 30 cm &#8211; Tv\u00e4rsnitt p\u00e5 stolpe: 6 x 2,5 cm &#8211; Tv\u00e4rsnitt p\u00e5 steg: 3 x 3 cm &#8211; Stegavst\u00e5nd: 28 cm &#8211; Vikt: 18 kg Leveransomfattning: &#8211; 1 x multifunktionsstege &#8211; 1 x bruksanvisning<\/p>\n","protected":false},"excerpt":{"rendered":"<p>SONGMICS stege, multifunktionsstege 3,5 m, trappstege, aluminiumstege, hush\u00e5llsstege, upp till 150 kg, 12 steg med 2 st\u00e4llningsplattor, uppfyller EN 131, silver GLT36M<\/p>\n","protected":false},"featured_media":40088,"comment_status":"open","ping_status":"closed","template":"","meta":[],"product_brand":[],"product_cat":[33],"product_tag":[],"class_list":{"0":"post-11736","1":"product","2":"type-product","3":"status-publish","4":"has-post-thumbnail","6":"product_cat-okategoriserad","8":"first","9":"instock","10":"shipping-taxable","11":"purchasable","12":"product-type-simple"},"_links":{"self":[{"href":"https:\/\/nordicmart.andreevmaster.com\/sv\/wp-json\/wp\/v2\/product\/11736","targetHints":{"allow":["GET"]}}],"collection":[{"href":"https:\/\/nordicmart.andreevmaster.com\/sv\/wp-json\/wp\/v2\/product"}],"about":[{"href":"https:\/\/nordicmart.andreevmaster.com\/sv\/wp-json\/wp\/v2\/types\/product"}],"replies":[{"embeddable":true,"href":"https:\/\/nordicmart.andreevmaster.com\/sv\/wp-json\/wp\/v2\/comments?post=11736"}],"wp:featuredmedia":[{"embeddable":true,"href":"https:\/\/nordicmart.andreevmaster.com\/sv\/wp-json\/wp\/v2\/media\/40088"}],"wp:attachment":[{"href":"https:\/\/nordicmart.andreevmaster.com\/sv\/wp-json\/wp\/v2\/media?parent=11736"}],"wp:term":[{"taxonomy":"product_brand","embeddable":true,"href":"https:\/\/nordicmart.andreevmaster.com\/sv\/wp-json\/wp\/v2\/product_brand?post=11736"},{"taxonomy":"product_cat","embeddable":true,"href":"https:\/\/nordicmart.andreevmaster.com\/sv\/wp-json\/wp\/v2\/product_cat?post=11736"},{"taxonomy":"product_tag","embeddable":true,"href":"https:\/\/nordicmart.andreevmaster.com\/sv\/wp-json\/wp\/v2\/product_tag?post=11736"}],"curies":[{"name":"wp","href":"https:\/\/api.w.org\/{rel}","templated":true}]}}