{"id":11735,"date":"2026-02-27T00:11:34","date_gmt":"2026-02-27T00:11:34","guid":{"rendered":"https:\/\/nordicmart.andreevmaster.com\/product\/songmics-trappstege-3-steg\/"},"modified":"2026-02-27T08:06:18","modified_gmt":"2026-02-27T08:06:18","slug":"songmics-trappstege-3-steg","status":"publish","type":"product","link":"https:\/\/nordicmart.andreevmaster.com\/sv\/produkt\/songmics-trappstege-3-steg\/","title":{"rendered":"SONGMICS trappstege 3 steg"},"content":{"rendered":"<p>Stegen har testats av T\u00dcV Rheinland enligt EN 14183.  Utf\u00e4rdandedatum: 12. 09. 2016 Innehavare av godk\u00e4nnande: leverant\u00f6ren Produktdetaljer: &#8211; M\u00e5tt hopf\u00e4lld: 44 x 68 x 20 cm (B x H x D) &#8211; M\u00e5tt utf\u00e4lld: 44 x 62 x 59 cm (B x H x D) &#8211; Stegavst\u00e5nd: 20 cm &#8211; Stegdjup: 8 cm &#8211; Djup p\u00e5 \u00f6versta steget: 20 cm &#8211; Nettovikt: 3 kg &#8211; F\u00e4rg: silver + svart  Leveransomfattning: &#8211; 1 x dubbeltrappstege<\/p>\n","protected":false},"excerpt":{"rendered":"<p>SONGMICS aluminiumstege, multifunktionell stege, belastningskapacitet upp till 150 kg, med 3 steg, testad av T\u00dcV Rheinland enligt DIN EN14183 GLT23K<\/p>\n","protected":false},"featured_media":40087,"comment_status":"open","ping_status":"closed","template":"","meta":[],"product_brand":[],"product_cat":[33],"product_tag":[],"class_list":{"0":"post-11735","1":"product","2":"type-product","3":"status-publish","4":"has-post-thumbnail","6":"product_cat-okategoriserad","8":"first","9":"instock","10":"shipping-taxable","11":"purchasable","12":"product-type-simple"},"_links":{"self":[{"href":"https:\/\/nordicmart.andreevmaster.com\/sv\/wp-json\/wp\/v2\/product\/11735","targetHints":{"allow":["GET"]}}],"collection":[{"href":"https:\/\/nordicmart.andreevmaster.com\/sv\/wp-json\/wp\/v2\/product"}],"about":[{"href":"https:\/\/nordicmart.andreevmaster.com\/sv\/wp-json\/wp\/v2\/types\/product"}],"replies":[{"embeddable":true,"href":"https:\/\/nordicmart.andreevmaster.com\/sv\/wp-json\/wp\/v2\/comments?post=11735"}],"wp:featuredmedia":[{"embeddable":true,"href":"https:\/\/nordicmart.andreevmaster.com\/sv\/wp-json\/wp\/v2\/media\/40087"}],"wp:attachment":[{"href":"https:\/\/nordicmart.andreevmaster.com\/sv\/wp-json\/wp\/v2\/media?parent=11735"}],"wp:term":[{"taxonomy":"product_brand","embeddable":true,"href":"https:\/\/nordicmart.andreevmaster.com\/sv\/wp-json\/wp\/v2\/product_brand?post=11735"},{"taxonomy":"product_cat","embeddable":true,"href":"https:\/\/nordicmart.andreevmaster.com\/sv\/wp-json\/wp\/v2\/product_cat?post=11735"},{"taxonomy":"product_tag","embeddable":true,"href":"https:\/\/nordicmart.andreevmaster.com\/sv\/wp-json\/wp\/v2\/product_tag?post=11735"}],"curies":[{"name":"wp","href":"https:\/\/api.w.org\/{rel}","templated":true}]}}