{"id":11734,"date":"2026-02-27T00:11:34","date_gmt":"2026-02-27T00:11:34","guid":{"rendered":"https:\/\/nordicmart.andreevmaster.com\/product\/songmics-hopfallbar-stege-med-3-steg\/"},"modified":"2026-02-27T08:06:18","modified_gmt":"2026-02-27T08:06:18","slug":"songmics-hopfallbar-stege-med-3-steg","status":"publish","type":"product","link":"https:\/\/nordicmart.andreevmaster.com\/sv\/produkt\/songmics-hopfallbar-stege-med-3-steg\/","title":{"rendered":"SONGMICS hopf\u00e4llbar stege med 3 steg"},"content":{"rendered":"<p>Produktdetaljer: F\u00e4rg: silver-svart-orange Material: aluminium, plast Storlek utf\u00e4lld: 43 x 60 x 60 cm (L x B x H) Storlek hopf\u00e4lld: 43 x 22 x 67 cm (L x B x H) Stegbredd: 12 cm Vikt: 3,5 kg Max. statisk belastningskapacitet: 150 kg Leveransomf\u00e5ng: 1 x stege 1 x bruksanvisning (DE, EN, FR, ES, IT) SONGMICS Anvisningar: Anv\u00e4nd produkten p\u00e5 ett plant underlag.Anv\u00e4nd inte stegen om det finns olja eller vatten p\u00e5 golvet. St\u00e4ll dig inte p\u00e5 det \u00f6versta steget.<\/p>\n","protected":false},"excerpt":{"rendered":"<p>SONGMICS aluminiumstege, multifunktionell stege, belastningskapacitet upp till 150 kg, med 3 steg, testad av T\u00dcV Rheinland enligt DIN EN14183 GLT23K<\/p>\n","protected":false},"featured_media":40086,"comment_status":"open","ping_status":"closed","template":"","meta":[],"product_brand":[],"product_cat":[33],"product_tag":[],"class_list":{"0":"post-11734","1":"product","2":"type-product","3":"status-publish","4":"has-post-thumbnail","6":"product_cat-okategoriserad","8":"first","9":"instock","10":"shipping-taxable","11":"purchasable","12":"product-type-simple"},"_links":{"self":[{"href":"https:\/\/nordicmart.andreevmaster.com\/sv\/wp-json\/wp\/v2\/product\/11734","targetHints":{"allow":["GET"]}}],"collection":[{"href":"https:\/\/nordicmart.andreevmaster.com\/sv\/wp-json\/wp\/v2\/product"}],"about":[{"href":"https:\/\/nordicmart.andreevmaster.com\/sv\/wp-json\/wp\/v2\/types\/product"}],"replies":[{"embeddable":true,"href":"https:\/\/nordicmart.andreevmaster.com\/sv\/wp-json\/wp\/v2\/comments?post=11734"}],"wp:featuredmedia":[{"embeddable":true,"href":"https:\/\/nordicmart.andreevmaster.com\/sv\/wp-json\/wp\/v2\/media\/40086"}],"wp:attachment":[{"href":"https:\/\/nordicmart.andreevmaster.com\/sv\/wp-json\/wp\/v2\/media?parent=11734"}],"wp:term":[{"taxonomy":"product_brand","embeddable":true,"href":"https:\/\/nordicmart.andreevmaster.com\/sv\/wp-json\/wp\/v2\/product_brand?post=11734"},{"taxonomy":"product_cat","embeddable":true,"href":"https:\/\/nordicmart.andreevmaster.com\/sv\/wp-json\/wp\/v2\/product_cat?post=11734"},{"taxonomy":"product_tag","embeddable":true,"href":"https:\/\/nordicmart.andreevmaster.com\/sv\/wp-json\/wp\/v2\/product_tag?post=11734"}],"curies":[{"name":"wp","href":"https:\/\/api.w.org\/{rel}","templated":true}]}}