{"id":11733,"date":"2026-02-27T00:11:34","date_gmt":"2026-02-27T00:11:34","guid":{"rendered":"https:\/\/nordicmart.andreevmaster.com\/product\/songmics-hushallsstege-5-steg\/"},"modified":"2026-02-27T08:06:17","modified_gmt":"2026-02-27T08:06:17","slug":"songmics-hushallsstege-5-steg","status":"publish","type":"product","link":"https:\/\/nordicmart.andreevmaster.com\/sv\/produkt\/songmics-hushallsstege-5-steg\/","title":{"rendered":"SONGMICS hush\u00e5llsstege 5 steg"},"content":{"rendered":"<p>S\u00e4kra fotk\u00e5por De skyddar ditt golv fr\u00e5n repor under anv\u00e4ndning eller f\u00f6rflyttning. Robust Tillverkad av h\u00f6gkvalitativ aluminium som \u00e4r robust och h\u00e5llbar, vilket garanterar styrka och stabilitet. Den maximala b\u00e4rf\u00f6rm\u00e5gan \u00e4r 150 kg, vilket motsvarar de flesta m\u00e4nniskors behov. Du kan vara s\u00e4ker p\u00e5 att anv\u00e4nda den. Halkfri: Stegplattan med halkskydd \u00f6kar friktionen mellan skorna och stegen, vilket garanterar personlig s\u00e4kerhet. Produktdetaljer: &#8211; M\u00e5tt hopf\u00e4lld: 46 x 176 x 12 cm (B x H x D) &#8211; M\u00e5tt utf\u00e4lld: 48 x 165 x 102 cm (B x H x D) &#8211; Plattformsh\u00f6jd: 104 cm &#8211; Stegavst\u00e5nd fr\u00e5n topp till botten: 16\/19\/19\/23 cm &#8211; Stegdjup: 8 cm &#8211; Djup p\u00e5 st\u00e5platta: 25 cm &#8211; Nettovikt: 4,8 kg &#8211; Material: Aluminium Leveransomfattning: &#8211; 1 x trappstege Anvisningar: &#8211; Anv\u00e4nd inte stegen p\u00e5 mjukt eller instabilt underlag. &#8211; Se till att golvet \u00e4r fritt fr\u00e5n v\u00e4tskor. Det \u00e4r f\u00f6rbjudet att anv\u00e4nda stegen p\u00e5 halt underlag. &#8211; St\u00e4ll endast stegen p\u00e5 ett plant underlag.<\/p>\n","protected":false},"excerpt":{"rendered":"<p>SONGMICS stege med 5 steg, aluminiumstege, halkfri stege, hopf\u00e4llbar stege, belastningskapacitet upp till 150 kg, testad av T\u00dcV S\u00dcD enligt EN131 GLT159<\/p>\n","protected":false},"featured_media":40085,"comment_status":"open","ping_status":"closed","template":"","meta":[],"product_brand":[],"product_cat":[33],"product_tag":[],"class_list":{"0":"post-11733","1":"product","2":"type-product","3":"status-publish","4":"has-post-thumbnail","6":"product_cat-okategoriserad","8":"first","9":"instock","10":"shipping-taxable","11":"purchasable","12":"product-type-simple"},"_links":{"self":[{"href":"https:\/\/nordicmart.andreevmaster.com\/sv\/wp-json\/wp\/v2\/product\/11733","targetHints":{"allow":["GET"]}}],"collection":[{"href":"https:\/\/nordicmart.andreevmaster.com\/sv\/wp-json\/wp\/v2\/product"}],"about":[{"href":"https:\/\/nordicmart.andreevmaster.com\/sv\/wp-json\/wp\/v2\/types\/product"}],"replies":[{"embeddable":true,"href":"https:\/\/nordicmart.andreevmaster.com\/sv\/wp-json\/wp\/v2\/comments?post=11733"}],"wp:featuredmedia":[{"embeddable":true,"href":"https:\/\/nordicmart.andreevmaster.com\/sv\/wp-json\/wp\/v2\/media\/40085"}],"wp:attachment":[{"href":"https:\/\/nordicmart.andreevmaster.com\/sv\/wp-json\/wp\/v2\/media?parent=11733"}],"wp:term":[{"taxonomy":"product_brand","embeddable":true,"href":"https:\/\/nordicmart.andreevmaster.com\/sv\/wp-json\/wp\/v2\/product_brand?post=11733"},{"taxonomy":"product_cat","embeddable":true,"href":"https:\/\/nordicmart.andreevmaster.com\/sv\/wp-json\/wp\/v2\/product_cat?post=11733"},{"taxonomy":"product_tag","embeddable":true,"href":"https:\/\/nordicmart.andreevmaster.com\/sv\/wp-json\/wp\/v2\/product_tag?post=11733"}],"curies":[{"name":"wp","href":"https:\/\/api.w.org\/{rel}","templated":true}]}}