{"id":11732,"date":"2026-02-27T00:11:34","date_gmt":"2026-02-27T00:11:34","guid":{"rendered":"https:\/\/nordicmart.andreevmaster.com\/product\/songmics-hushallsstege-4-steg\/"},"modified":"2026-02-27T08:06:17","modified_gmt":"2026-02-27T08:06:17","slug":"songmics-hushallsstege-4-steg","status":"publish","type":"product","link":"https:\/\/nordicmart.andreevmaster.com\/sv\/produkt\/songmics-hushallsstege-4-steg\/","title":{"rendered":"SONGMICS hush\u00e5llsstege 4 steg"},"content":{"rendered":"<p>Produktdetaljer: &#8211; M\u00e5tt utf\u00e4lld: 43 x 130 x 75 cm (B x H x D) &#8211; M\u00e5tt hopf\u00e4lld: 43 x 138 x 11 cm (B x H x D) &#8211; Plattformsh\u00f6jd: 78 cm &#8211; Stegavst\u00e5nd fr\u00e5n topp till botten: 16\/19\/19\/23 cm &#8211; Stegdjup: 8 cm &#8211; Djup p\u00e5 st\u00e5platta: 25 cm &#8211; Nettovikt: 3,45 kg &#8211; Material: aluminium  Leveransomfattning: &#8211; 1 x trappstege Anvisningar: &#8211; Anv\u00e4nd inte stegen p\u00e5 mjukt eller instabilt underlag. &#8211; Se till att golvet \u00e4r fritt fr\u00e5n v\u00e4tskor. Det \u00e4r f\u00f6rbjudet att anv\u00e4nda stegen p\u00e5 halt underlag. &#8211; St\u00e4ll endast stegen p\u00e5 ett plant underlag.<\/p>\n","protected":false},"excerpt":{"rendered":"<p>SONGMICS stege 4 steg, hush\u00e5llsstege, aluminiumstege, halkfri stege, hopf\u00e4llbar stege GLT140<\/p>\n","protected":false},"featured_media":40084,"comment_status":"open","ping_status":"closed","template":"","meta":[],"product_brand":[],"product_cat":[33],"product_tag":[],"class_list":{"0":"post-11732","1":"product","2":"type-product","3":"status-publish","4":"has-post-thumbnail","6":"product_cat-okategoriserad","8":"first","9":"instock","10":"shipping-taxable","11":"purchasable","12":"product-type-simple"},"_links":{"self":[{"href":"https:\/\/nordicmart.andreevmaster.com\/sv\/wp-json\/wp\/v2\/product\/11732","targetHints":{"allow":["GET"]}}],"collection":[{"href":"https:\/\/nordicmart.andreevmaster.com\/sv\/wp-json\/wp\/v2\/product"}],"about":[{"href":"https:\/\/nordicmart.andreevmaster.com\/sv\/wp-json\/wp\/v2\/types\/product"}],"replies":[{"embeddable":true,"href":"https:\/\/nordicmart.andreevmaster.com\/sv\/wp-json\/wp\/v2\/comments?post=11732"}],"wp:featuredmedia":[{"embeddable":true,"href":"https:\/\/nordicmart.andreevmaster.com\/sv\/wp-json\/wp\/v2\/media\/40084"}],"wp:attachment":[{"href":"https:\/\/nordicmart.andreevmaster.com\/sv\/wp-json\/wp\/v2\/media?parent=11732"}],"wp:term":[{"taxonomy":"product_brand","embeddable":true,"href":"https:\/\/nordicmart.andreevmaster.com\/sv\/wp-json\/wp\/v2\/product_brand?post=11732"},{"taxonomy":"product_cat","embeddable":true,"href":"https:\/\/nordicmart.andreevmaster.com\/sv\/wp-json\/wp\/v2\/product_cat?post=11732"},{"taxonomy":"product_tag","embeddable":true,"href":"https:\/\/nordicmart.andreevmaster.com\/sv\/wp-json\/wp\/v2\/product_tag?post=11732"}],"curies":[{"name":"wp","href":"https:\/\/api.w.org\/{rel}","templated":true}]}}