{"id":11730,"date":"2026-02-27T00:11:33","date_gmt":"2026-02-27T00:11:33","guid":{"rendered":"https:\/\/nordicmart.andreevmaster.com\/product\/songmics-stege-5-steg\/"},"modified":"2026-02-27T08:06:17","modified_gmt":"2026-02-27T08:06:17","slug":"songmics-stege-5-steg","status":"publish","type":"product","link":"https:\/\/nordicmart.andreevmaster.com\/sv\/produkt\/songmics-stege-5-steg\/","title":{"rendered":"SONGMICS stege 5 steg"},"content":{"rendered":"<p>Egenskaper: &#8211; F\u00e4rg: metallicgr\u00e5, svart, orange. &#8211; Material: aluminium, plast. &#8211; M\u00e5tt hopf\u00e4lld: 46 x 12 x 178 cm (L x B x H). &#8211; M\u00e5tt utf\u00e4lld: 46 x 100 x 164 cm (L x B x H). &#8211; Vikt: 5,2 kg. &#8211; B\u00e4rkraft: 150 kg. Leveransomfattning: &#8211; 1 x stege. &#8211; 1 x monteringsanvisning (FR, DE, EN, ES, IT) F\u00f6rsiktighets\u00e5tg\u00e4rder: &#8211; Kontrollera stegen innan anv\u00e4ndning. En skadad produkt f\u00e5r under inga omst\u00e4ndigheter anv\u00e4ndas. &#8211; Anv\u00e4nd inte stegen om det finns olja, vatten eller andra fuktiga eller hala \u00e4mnen p\u00e5 golvet.- Det \u00e4r f\u00f6rbjudet f\u00f6r gravida kvinnor och personer med nedsatt r\u00f6rlighet att anv\u00e4nda stegen. Produktbeskrivning<\/p>\n","protected":false},"excerpt":{"rendered":"<p>SONGMICS Stege 5 steg, trappstege, hopf\u00e4llbar, stege, aluminiumstege, 13 cm breda steg, halkfri, belastningskapacitet upp till 150 kg, uppfyller EN 131, svart-orange GLT05BK<\/p>\n","protected":false},"featured_media":40082,"comment_status":"open","ping_status":"closed","template":"","meta":[],"product_brand":[],"product_cat":[33],"product_tag":[],"class_list":{"0":"post-11730","1":"product","2":"type-product","3":"status-publish","4":"has-post-thumbnail","6":"product_cat-okategoriserad","8":"first","9":"instock","10":"shipping-taxable","11":"purchasable","12":"product-type-simple"},"_links":{"self":[{"href":"https:\/\/nordicmart.andreevmaster.com\/sv\/wp-json\/wp\/v2\/product\/11730","targetHints":{"allow":["GET"]}}],"collection":[{"href":"https:\/\/nordicmart.andreevmaster.com\/sv\/wp-json\/wp\/v2\/product"}],"about":[{"href":"https:\/\/nordicmart.andreevmaster.com\/sv\/wp-json\/wp\/v2\/types\/product"}],"replies":[{"embeddable":true,"href":"https:\/\/nordicmart.andreevmaster.com\/sv\/wp-json\/wp\/v2\/comments?post=11730"}],"wp:featuredmedia":[{"embeddable":true,"href":"https:\/\/nordicmart.andreevmaster.com\/sv\/wp-json\/wp\/v2\/media\/40082"}],"wp:attachment":[{"href":"https:\/\/nordicmart.andreevmaster.com\/sv\/wp-json\/wp\/v2\/media?parent=11730"}],"wp:term":[{"taxonomy":"product_brand","embeddable":true,"href":"https:\/\/nordicmart.andreevmaster.com\/sv\/wp-json\/wp\/v2\/product_brand?post=11730"},{"taxonomy":"product_cat","embeddable":true,"href":"https:\/\/nordicmart.andreevmaster.com\/sv\/wp-json\/wp\/v2\/product_cat?post=11730"},{"taxonomy":"product_tag","embeddable":true,"href":"https:\/\/nordicmart.andreevmaster.com\/sv\/wp-json\/wp\/v2\/product_tag?post=11730"}],"curies":[{"name":"wp","href":"https:\/\/api.w.org\/{rel}","templated":true}]}}