{"id":11729,"date":"2026-02-27T00:11:33","date_gmt":"2026-02-27T00:11:33","guid":{"rendered":"https:\/\/nordicmart.andreevmaster.com\/product\/songmics-stege-med-4-steg\/"},"modified":"2026-02-27T08:06:17","modified_gmt":"2026-02-27T08:06:17","slug":"songmics-stege-med-4-steg","status":"publish","type":"product","link":"https:\/\/nordicmart.andreevmaster.com\/sv\/produkt\/songmics-stege-med-4-steg\/","title":{"rendered":"SONGMICS stege med 4 steg"},"content":{"rendered":"<p>Vill du byta en gl\u00f6dlampa, ta ner gardiner, klippa h\u00e4cken eller tapetsera v\u00e4ggarna? D\u00e5 \u00e4r denna 143 cm h\u00f6ga f\u00e4llstege precis vad du beh\u00f6ver. Ta fram den endast 4,4 kg tunga stegen ur f\u00f6rr\u00e5det, f\u00e4ll ut den och st\u00e4ll den p\u00e5 en plan yta \u2013 s\u00e5 kan du ta dig upp till h\u00f6gre h\u00f6jder! F\u00f6rdelar med den 4-stegs stegen fr\u00e5n SONGMICS: &#8211; Extra breda steg (12 cm) &#8211; Alla 4 steg \u00e4r pulverlackerade och har en halkfri r\u00e4ffling &#8211; Utrustad med integrerad verktygssk\u00e5l &#8211; TPR (Thermo-Plastic-Rubber) halkskyddande gummik\u00e5por p\u00e5 f\u00f6tterna &#8211; Stabil aluminiumram; s\u00e4rskilt stabil &#8211; Aluminiumstegen \u00e4r mycket l\u00e4tt (endast 4,4 kg) Produktdetaljer: &#8211; F\u00e4rg: silver-svart-orange &#8211; Material: aluminium, plast &#8211; Storlek hopf\u00e4lld: 44 x 12 x 156 cm (L x B x H) &#8211; Storlek utf\u00e4lld: 44 x 83,5 x 143 cm (L x B x H) &#8211; Vikt: 4,4 kg &#8211; Max. statisk belastningskapacitet: 150 kg Leveransomfattning: &#8211; 1 x hush\u00e5llsstege &#8211; 1 x bruksanvisning (DE, EN, FR, ES, IT) SONGMICS Anm\u00e4rkningar:- Kontrollera att stegen \u00e4r oskadad innan du anv\u00e4nder den. &#8211; Anv\u00e4nd inte stegen om det finns olja eller vatten p\u00e5 golvet. &#8211; Gravida kvinnor och personer med skador eller andra fysiska begr\u00e4nsningar b\u00f6r inte anv\u00e4nda denna stege.<\/p>\n","protected":false},"excerpt":{"rendered":"<p>SONGMICS stege 4 steg, aluminiumstege, 12 cm breda steg, stege, verktygsfack, hopf\u00e4llbar stege, halkfri, max. statisk belastningskapacitet 150 kg, T\u00dcV Rheinland GS-certifikat, uppfyller EN131 GLT04BK<\/p>\n","protected":false},"featured_media":40081,"comment_status":"open","ping_status":"closed","template":"","meta":[],"product_brand":[],"product_cat":[33],"product_tag":[],"class_list":{"0":"post-11729","1":"product","2":"type-product","3":"status-publish","4":"has-post-thumbnail","6":"product_cat-okategoriserad","8":"first","9":"instock","10":"shipping-taxable","11":"purchasable","12":"product-type-simple"},"_links":{"self":[{"href":"https:\/\/nordicmart.andreevmaster.com\/sv\/wp-json\/wp\/v2\/product\/11729","targetHints":{"allow":["GET"]}}],"collection":[{"href":"https:\/\/nordicmart.andreevmaster.com\/sv\/wp-json\/wp\/v2\/product"}],"about":[{"href":"https:\/\/nordicmart.andreevmaster.com\/sv\/wp-json\/wp\/v2\/types\/product"}],"replies":[{"embeddable":true,"href":"https:\/\/nordicmart.andreevmaster.com\/sv\/wp-json\/wp\/v2\/comments?post=11729"}],"wp:featuredmedia":[{"embeddable":true,"href":"https:\/\/nordicmart.andreevmaster.com\/sv\/wp-json\/wp\/v2\/media\/40081"}],"wp:attachment":[{"href":"https:\/\/nordicmart.andreevmaster.com\/sv\/wp-json\/wp\/v2\/media?parent=11729"}],"wp:term":[{"taxonomy":"product_brand","embeddable":true,"href":"https:\/\/nordicmart.andreevmaster.com\/sv\/wp-json\/wp\/v2\/product_brand?post=11729"},{"taxonomy":"product_cat","embeddable":true,"href":"https:\/\/nordicmart.andreevmaster.com\/sv\/wp-json\/wp\/v2\/product_cat?post=11729"},{"taxonomy":"product_tag","embeddable":true,"href":"https:\/\/nordicmart.andreevmaster.com\/sv\/wp-json\/wp\/v2\/product_tag?post=11729"}],"curies":[{"name":"wp","href":"https:\/\/api.w.org\/{rel}","templated":true}]}}