{"id":11728,"date":"2026-02-27T00:11:33","date_gmt":"2026-02-27T00:11:33","guid":{"rendered":"https:\/\/nordicmart.andreevmaster.com\/product\/songmics-aluminiumstege\/"},"modified":"2026-02-27T08:06:16","modified_gmt":"2026-02-27T08:06:16","slug":"songmics-aluminiumstege","status":"publish","type":"product","link":"https:\/\/nordicmart.andreevmaster.com\/sv\/produkt\/songmics-aluminiumstege\/","title":{"rendered":"SONGMICS aluminiumstege"},"content":{"rendered":"<p>F\u00f6rdelar med Songmics hopf\u00e4llbara stege: Kan anv\u00e4ndas som f\u00f6rl\u00e4ngningsstege och som lutande stege. S\u00e4kerhetsl\u00e5s p\u00e5 fogarna och p\u00e5 stegen f\u00f6r \u00f6kad s\u00e4kerhet. Halkskydd p\u00e5 stegytorna f\u00f6rhindrar att man halkar. Halkskyddande gummif\u00f6tter f\u00f6r \u00f6kad stabilitet. H\u00f6gkvalitativ aluminium ger robusthet. Aluminiumstegen v\u00e4ger endast 16 kg. Hopf\u00e4llbar f\u00f6r enkel transport och platsbesparande f\u00f6rvaring. B\u00e4rkraft upp till 150 kg. Produktdetaljer: F\u00e4rg: Silvergul Material: Aluminium Storlek i hopf\u00e4llt l\u00e4ge: 41,5 x 21,5 x 149,5 cm (L x B x H). Maximal h\u00f6jd som rak lutande stege: 4,6 m Maximal h\u00f6jd som A-formad trappstege: 2,2 m Vikt: 16 kg. Max. statisk lastkapacitet: 150 kg. Inneh\u00e5ll i f\u00f6rpackningen: 1 x stege, 1 x bruksanvisning (tyska, engelska, franska, spanska, italienska). Songmics anm\u00e4rkningar: Barn f\u00e5r inte anv\u00e4nda produkten. Anv\u00e4nd inte produkten om det finns olja p\u00e5 golvet. Anv\u00e4nd inte produkten p\u00e5 oj\u00e4mnt eller halt underlag. Se till att l\u00e5sen \u00e4r s\u00e4krade f\u00f6re anv\u00e4ndning f\u00f6r att undvika att produkten glider.<\/p>\n","protected":false},"excerpt":{"rendered":"<p>SONGMICS Aluminiumstege, f\u00e4llbar stege, teleskopstege, A-formad, dubbelsidig, max 4,6 m, belastningskapacitet upp till 150 kg, silver-gul GLT046M01<\/p>\n","protected":false},"featured_media":40080,"comment_status":"open","ping_status":"closed","template":"","meta":[],"product_brand":[],"product_cat":[33],"product_tag":[],"class_list":{"0":"post-11728","1":"product","2":"type-product","3":"status-publish","4":"has-post-thumbnail","6":"product_cat-okategoriserad","8":"first","9":"instock","10":"shipping-taxable","11":"purchasable","12":"product-type-simple"},"_links":{"self":[{"href":"https:\/\/nordicmart.andreevmaster.com\/sv\/wp-json\/wp\/v2\/product\/11728","targetHints":{"allow":["GET"]}}],"collection":[{"href":"https:\/\/nordicmart.andreevmaster.com\/sv\/wp-json\/wp\/v2\/product"}],"about":[{"href":"https:\/\/nordicmart.andreevmaster.com\/sv\/wp-json\/wp\/v2\/types\/product"}],"replies":[{"embeddable":true,"href":"https:\/\/nordicmart.andreevmaster.com\/sv\/wp-json\/wp\/v2\/comments?post=11728"}],"wp:featuredmedia":[{"embeddable":true,"href":"https:\/\/nordicmart.andreevmaster.com\/sv\/wp-json\/wp\/v2\/media\/40080"}],"wp:attachment":[{"href":"https:\/\/nordicmart.andreevmaster.com\/sv\/wp-json\/wp\/v2\/media?parent=11728"}],"wp:term":[{"taxonomy":"product_brand","embeddable":true,"href":"https:\/\/nordicmart.andreevmaster.com\/sv\/wp-json\/wp\/v2\/product_brand?post=11728"},{"taxonomy":"product_cat","embeddable":true,"href":"https:\/\/nordicmart.andreevmaster.com\/sv\/wp-json\/wp\/v2\/product_cat?post=11728"},{"taxonomy":"product_tag","embeddable":true,"href":"https:\/\/nordicmart.andreevmaster.com\/sv\/wp-json\/wp\/v2\/product_tag?post=11728"}],"curies":[{"name":"wp","href":"https:\/\/api.w.org\/{rel}","templated":true}]}}