{"id":11727,"date":"2026-02-27T00:11:33","date_gmt":"2026-02-27T00:11:33","guid":{"rendered":"https:\/\/nordicmart.andreevmaster.com\/product\/songmics-stege-med-16-steg-i-6-positioner-430-cm-lang-silverfargad\/"},"modified":"2026-02-27T08:06:16","modified_gmt":"2026-02-27T08:06:16","slug":"songmics-stege-med-16-steg-i-6-positioner-430-cm-lang-silverfargad","status":"publish","type":"product","link":"https:\/\/nordicmart.andreevmaster.com\/sv\/produkt\/songmics-stege-med-16-steg-i-6-positioner-430-cm-lang-silverfargad\/","title":{"rendered":"SONGMICS stege med 16 steg i 6 positioner, 430 cm l\u00e5ng, silverf\u00e4rgad"},"content":{"rendered":"<p>SONGMICS Aluminiumstege, f\u00e4llbar stege, teleskopstege, A-formad, dubbelsidig, max 4,6 m, belastningskapacitet upp till 150 kg, silver-gul GLT046M01<br \/>\nF\u00e4rg: silver<br \/>\nMaterial: Aluminium<br \/>\nStorlek utf\u00e4lld (med st\u00f6dben): 76 x 430,7\u00b14,5 cm (B x H)<br \/>\nStorlek hopf\u00e4lld (utan st\u00f6dben): 27 x 33 x 116,1\u00b10,5 cm (D x B x H)<br \/>\nStorlek som A-formad st\u00e4llningsstege: 141,3\u00b13,5 x 76 x 209,2\u00b11,5 cm (D x B x H)<br \/>\nTv\u00e4rsnitt p\u00e5 stegpallen: 2,7 x 2,7 cm<br \/>\nStegarnas l\u00e4ngd: 28,3 cm<br \/>\nAvst\u00e5nd mellan steg: 23,2 cm<br \/>\nVikt: 13 kg<br \/>\nMax. statisk belastningskapacitet: 150 kg<\/p>\n","protected":false},"excerpt":{"rendered":"<p>SONGMICS Aluminiumstege, f\u00e4llbar stege, teleskopstege, A-formad, dubbelsidig, max 4,6 m, belastningskapacitet upp till 150 kg, silver-gul GLT046M01<\/p>\n","protected":false},"featured_media":40079,"comment_status":"open","ping_status":"closed","template":"","meta":[],"product_brand":[],"product_cat":[33],"product_tag":[],"class_list":{"0":"post-11727","1":"product","2":"type-product","3":"status-publish","4":"has-post-thumbnail","6":"product_cat-okategoriserad","8":"first","9":"instock","10":"shipping-taxable","11":"purchasable","12":"product-type-simple"},"_links":{"self":[{"href":"https:\/\/nordicmart.andreevmaster.com\/sv\/wp-json\/wp\/v2\/product\/11727","targetHints":{"allow":["GET"]}}],"collection":[{"href":"https:\/\/nordicmart.andreevmaster.com\/sv\/wp-json\/wp\/v2\/product"}],"about":[{"href":"https:\/\/nordicmart.andreevmaster.com\/sv\/wp-json\/wp\/v2\/types\/product"}],"replies":[{"embeddable":true,"href":"https:\/\/nordicmart.andreevmaster.com\/sv\/wp-json\/wp\/v2\/comments?post=11727"}],"wp:featuredmedia":[{"embeddable":true,"href":"https:\/\/nordicmart.andreevmaster.com\/sv\/wp-json\/wp\/v2\/media\/40079"}],"wp:attachment":[{"href":"https:\/\/nordicmart.andreevmaster.com\/sv\/wp-json\/wp\/v2\/media?parent=11727"}],"wp:term":[{"taxonomy":"product_brand","embeddable":true,"href":"https:\/\/nordicmart.andreevmaster.com\/sv\/wp-json\/wp\/v2\/product_brand?post=11727"},{"taxonomy":"product_cat","embeddable":true,"href":"https:\/\/nordicmart.andreevmaster.com\/sv\/wp-json\/wp\/v2\/product_cat?post=11727"},{"taxonomy":"product_tag","embeddable":true,"href":"https:\/\/nordicmart.andreevmaster.com\/sv\/wp-json\/wp\/v2\/product_tag?post=11727"}],"curies":[{"name":"wp","href":"https:\/\/api.w.org\/{rel}","templated":true}]}}