{"id":11726,"date":"2026-02-27T00:11:32","date_gmt":"2026-02-27T00:11:32","guid":{"rendered":"https:\/\/nordicmart.andreevmaster.com\/product\/songmics-stege-med-3-steg\/"},"modified":"2026-02-27T08:06:16","modified_gmt":"2026-02-27T08:06:16","slug":"songmics-stege-med-3-steg","status":"publish","type":"product","link":"https:\/\/nordicmart.andreevmaster.com\/sv\/produkt\/songmics-stege-med-3-steg\/","title":{"rendered":"SONGMICS stege med 3 steg"},"content":{"rendered":"<p>Produktdetaljer: F\u00e4rg: Silver-svart-orange Material: Aluminium, plast Storlek utf\u00e4lld: 42 x 56 x 122 cm (L x B x H) Storlek hopf\u00e4lld: 42 x 12 x 130 cm (L x B x H) Stegbredd: 12 cm Vikt: 3,9 kg Max. statisk belastningskapacitet: 150 kg   Leveransomfattning: 1 x stege 1 x bruksanvisning (DE, EN, FR, ES, IT) SONGMICS Anvisningar: Anv\u00e4nd produkten p\u00e5 ett plant underlag.Anv\u00e4nd inte stegen om det finns olja eller vatten p\u00e5 golvet. St\u00e4ll dig inte p\u00e5 det \u00f6versta steget.<\/p>\n","protected":false},"excerpt":{"rendered":"<p>SONGMICS stege med 3 steg, aluminiumstege, 12 cm breda steg med r\u00e4fflor, halkskyddade f\u00f6tter, med ledst\u00e5ng och verktygsfack, max. belastbarhet 150 kg, testad av T\u00dcV Rheinland, silver GLT03BK<\/p>\n","protected":false},"featured_media":40078,"comment_status":"open","ping_status":"closed","template":"","meta":[],"product_brand":[],"product_cat":[33],"product_tag":[],"class_list":{"0":"post-11726","1":"product","2":"type-product","3":"status-publish","4":"has-post-thumbnail","6":"product_cat-okategoriserad","8":"first","9":"instock","10":"shipping-taxable","11":"purchasable","12":"product-type-simple"},"_links":{"self":[{"href":"https:\/\/nordicmart.andreevmaster.com\/sv\/wp-json\/wp\/v2\/product\/11726","targetHints":{"allow":["GET"]}}],"collection":[{"href":"https:\/\/nordicmart.andreevmaster.com\/sv\/wp-json\/wp\/v2\/product"}],"about":[{"href":"https:\/\/nordicmart.andreevmaster.com\/sv\/wp-json\/wp\/v2\/types\/product"}],"replies":[{"embeddable":true,"href":"https:\/\/nordicmart.andreevmaster.com\/sv\/wp-json\/wp\/v2\/comments?post=11726"}],"wp:featuredmedia":[{"embeddable":true,"href":"https:\/\/nordicmart.andreevmaster.com\/sv\/wp-json\/wp\/v2\/media\/40078"}],"wp:attachment":[{"href":"https:\/\/nordicmart.andreevmaster.com\/sv\/wp-json\/wp\/v2\/media?parent=11726"}],"wp:term":[{"taxonomy":"product_brand","embeddable":true,"href":"https:\/\/nordicmart.andreevmaster.com\/sv\/wp-json\/wp\/v2\/product_brand?post=11726"},{"taxonomy":"product_cat","embeddable":true,"href":"https:\/\/nordicmart.andreevmaster.com\/sv\/wp-json\/wp\/v2\/product_cat?post=11726"},{"taxonomy":"product_tag","embeddable":true,"href":"https:\/\/nordicmart.andreevmaster.com\/sv\/wp-json\/wp\/v2\/product_tag?post=11726"}],"curies":[{"name":"wp","href":"https:\/\/api.w.org\/{rel}","templated":true}]}}