{"id":11724,"date":"2026-02-27T00:11:32","date_gmt":"2026-02-27T00:11:32","guid":{"rendered":"https:\/\/nordicmart.andreevmaster.com\/product\/songmics-stege-med-2-steg\/"},"modified":"2026-02-27T08:06:16","modified_gmt":"2026-02-27T08:06:16","slug":"songmics-stege-med-2-steg","status":"publish","type":"product","link":"https:\/\/nordicmart.andreevmaster.com\/sv\/produkt\/songmics-stege-med-2-steg\/","title":{"rendered":"SONGMICS stege med 2 steg"},"content":{"rendered":"<p>Produktdetaljer: F\u00e4rg: Silver Material: Aluminiumlegering Storlek utf\u00e4lld: 48 x 44 x 66 cm (D x B x H) Tjocklek hopf\u00e4lld: 4 cm Vikt: 3,3 kg Max. statisk belastningskapacitet: 150 kg Leveransomfattning: 1 x hush\u00e5llsstege 1 x bruksanvisning SONGMICS Anm\u00e4rkningar:Se till att stegen \u00e4r oskadad innan du anv\u00e4nder den. Anv\u00e4nd inte stegen om det finns olja eller vatten p\u00e5 golvet. Gravida kvinnor och personer med skador eller andra fysiska begr\u00e4nsningar b\u00f6r inte anv\u00e4nda denna stege.<\/p>\n","protected":false},"excerpt":{"rendered":"<p>SONGMICS Stege 2 steg, trappstege, hopf\u00e4llbar, halkfri, belastningskapacitet upp till 150 kg, hopf\u00e4llbar trappstege, stege, liten stege, silver GLT022B01<\/p>\n","protected":false},"featured_media":40076,"comment_status":"open","ping_status":"closed","template":"","meta":[],"product_brand":[],"product_cat":[33],"product_tag":[],"class_list":{"0":"post-11724","1":"product","2":"type-product","3":"status-publish","4":"has-post-thumbnail","6":"product_cat-okategoriserad","8":"first","9":"instock","10":"shipping-taxable","11":"purchasable","12":"product-type-simple"},"_links":{"self":[{"href":"https:\/\/nordicmart.andreevmaster.com\/sv\/wp-json\/wp\/v2\/product\/11724","targetHints":{"allow":["GET"]}}],"collection":[{"href":"https:\/\/nordicmart.andreevmaster.com\/sv\/wp-json\/wp\/v2\/product"}],"about":[{"href":"https:\/\/nordicmart.andreevmaster.com\/sv\/wp-json\/wp\/v2\/types\/product"}],"replies":[{"embeddable":true,"href":"https:\/\/nordicmart.andreevmaster.com\/sv\/wp-json\/wp\/v2\/comments?post=11724"}],"wp:featuredmedia":[{"embeddable":true,"href":"https:\/\/nordicmart.andreevmaster.com\/sv\/wp-json\/wp\/v2\/media\/40076"}],"wp:attachment":[{"href":"https:\/\/nordicmart.andreevmaster.com\/sv\/wp-json\/wp\/v2\/media?parent=11724"}],"wp:term":[{"taxonomy":"product_brand","embeddable":true,"href":"https:\/\/nordicmart.andreevmaster.com\/sv\/wp-json\/wp\/v2\/product_brand?post=11724"},{"taxonomy":"product_cat","embeddable":true,"href":"https:\/\/nordicmart.andreevmaster.com\/sv\/wp-json\/wp\/v2\/product_cat?post=11724"},{"taxonomy":"product_tag","embeddable":true,"href":"https:\/\/nordicmart.andreevmaster.com\/sv\/wp-json\/wp\/v2\/product_tag?post=11724"}],"curies":[{"name":"wp","href":"https:\/\/api.w.org\/{rel}","templated":true}]}}