{"id":11722,"date":"2026-02-27T00:11:32","date_gmt":"2026-02-27T00:11:32","guid":{"rendered":"https:\/\/nordicmart.andreevmaster.com\/product\/songmics-stege-med-2-halkfria-steg-silvergra-black-svart\/"},"modified":"2026-02-27T08:06:15","modified_gmt":"2026-02-27T08:06:15","slug":"songmics-stege-med-2-halkfria-steg-silvergra-black-svart","status":"publish","type":"product","link":"https:\/\/nordicmart.andreevmaster.com\/sv\/produkt\/songmics-stege-med-2-halkfria-steg-silvergra-black-svart\/","title":{"rendered":"SONGMICS stege med 2 halkfria steg silvergr\u00e5-bl\u00e4ck svart"},"content":{"rendered":"<p>SONGMICS aluminiumstege, multifunktionell stege, belastningskapacitet upp till 150 kg, med 3 steg, testad av T\u00dcV Rheinland enligt DIN EN14183 GLT23K<br \/>\nF\u00e4rg: Silvergr\u00e5-bl\u00e4svart<br \/>\nMaterial: Aluminiumlegering, plast<br \/>\nStorlek utf\u00e4lld: 45 x 35,5 x 38 cm (D x B x H)<br \/>\nStorlek hopf\u00e4lld: 19 x 35,5 x 44 cm (D x B x H)<br \/>\nBredd per steg: 8 cm<br \/>\nH\u00f6jd fr\u00e5n steg till golv: 38 cm, 19 cm<br \/>\nVikt: 1,8 kg<br \/>\nMax. statisk belastningskapacitet: 150 kg<\/p>\n","protected":false},"excerpt":{"rendered":"<p>SONGMICS aluminiumstege, multifunktionell stege, belastningskapacitet upp till 150 kg, med 3 steg, testad av T\u00dcV Rheinland enligt DIN EN14183 GLT23K<\/p>\n","protected":false},"featured_media":40074,"comment_status":"open","ping_status":"closed","template":"","meta":[],"product_brand":[],"product_cat":[33],"product_tag":[],"class_list":{"0":"post-11722","1":"product","2":"type-product","3":"status-publish","4":"has-post-thumbnail","6":"product_cat-okategoriserad","8":"first","9":"instock","10":"shipping-taxable","11":"purchasable","12":"product-type-simple"},"_links":{"self":[{"href":"https:\/\/nordicmart.andreevmaster.com\/sv\/wp-json\/wp\/v2\/product\/11722","targetHints":{"allow":["GET"]}}],"collection":[{"href":"https:\/\/nordicmart.andreevmaster.com\/sv\/wp-json\/wp\/v2\/product"}],"about":[{"href":"https:\/\/nordicmart.andreevmaster.com\/sv\/wp-json\/wp\/v2\/types\/product"}],"replies":[{"embeddable":true,"href":"https:\/\/nordicmart.andreevmaster.com\/sv\/wp-json\/wp\/v2\/comments?post=11722"}],"wp:featuredmedia":[{"embeddable":true,"href":"https:\/\/nordicmart.andreevmaster.com\/sv\/wp-json\/wp\/v2\/media\/40074"}],"wp:attachment":[{"href":"https:\/\/nordicmart.andreevmaster.com\/sv\/wp-json\/wp\/v2\/media?parent=11722"}],"wp:term":[{"taxonomy":"product_brand","embeddable":true,"href":"https:\/\/nordicmart.andreevmaster.com\/sv\/wp-json\/wp\/v2\/product_brand?post=11722"},{"taxonomy":"product_cat","embeddable":true,"href":"https:\/\/nordicmart.andreevmaster.com\/sv\/wp-json\/wp\/v2\/product_cat?post=11722"},{"taxonomy":"product_tag","embeddable":true,"href":"https:\/\/nordicmart.andreevmaster.com\/sv\/wp-json\/wp\/v2\/product_tag?post=11722"}],"curies":[{"name":"wp","href":"https:\/\/api.w.org\/{rel}","templated":true}]}}