{"id":11721,"date":"2026-02-27T00:11:31","date_gmt":"2026-02-27T00:11:31","guid":{"rendered":"https:\/\/nordicmart.andreevmaster.com\/product\/songmics-aluminiumstege-med-6-steg\/"},"modified":"2026-02-27T08:06:15","modified_gmt":"2026-02-27T08:06:15","slug":"songmics-aluminiumstege-med-6-steg","status":"publish","type":"product","link":"https:\/\/nordicmart.andreevmaster.com\/sv\/produkt\/songmics-aluminiumstege-med-6-steg\/","title":{"rendered":"SONGMICS aluminiumstege med 6 steg"},"content":{"rendered":"<p>Produktdetaljer: F\u00e4rg: Gr\u00e5-orange Material: Aluminium, plast Storlek hopf\u00e4lld: 48,5 x 12 x 202 cm (L x B x H) Storlek utf\u00e4lld: 48,5 x 115 x 186 cm (L x B x H) Vikt: 6,2 kg Max. statisk belastningskapacitet: 150 kg Leveransomfattning: 1 x hush\u00e5llsstege 1 x bruksanvisning (DE, EN, FR, ES, IT) SONGMICS Anm\u00e4rkningar:Kontrollera att stegen \u00e4r oskadad innan du anv\u00e4nder den. Anv\u00e4nd inte stegen om det finns olja eller vatten p\u00e5 golvet. Gravida kvinnor och personer med skador eller andra fysiska begr\u00e4nsningar b\u00f6r inte anv\u00e4nda denna stege.<\/p>\n","protected":false},"excerpt":{"rendered":"<p>SONGMICS stege 6 steg, aluminiumstege, 12 cm breda steg, stege, verktygsfack, halkfri, belastningskapacitet upp till 150 kg, T\u00dcV Rheinland GS-certifikat, uppfyller EN131, gr\u00e5-orange GLT006WT01<\/p>\n","protected":false},"featured_media":40073,"comment_status":"open","ping_status":"closed","template":"","meta":[],"product_brand":[],"product_cat":[33],"product_tag":[],"class_list":{"0":"post-11721","1":"product","2":"type-product","3":"status-publish","4":"has-post-thumbnail","6":"product_cat-okategoriserad","8":"first","9":"instock","10":"shipping-taxable","11":"purchasable","12":"product-type-simple"},"_links":{"self":[{"href":"https:\/\/nordicmart.andreevmaster.com\/sv\/wp-json\/wp\/v2\/product\/11721","targetHints":{"allow":["GET"]}}],"collection":[{"href":"https:\/\/nordicmart.andreevmaster.com\/sv\/wp-json\/wp\/v2\/product"}],"about":[{"href":"https:\/\/nordicmart.andreevmaster.com\/sv\/wp-json\/wp\/v2\/types\/product"}],"replies":[{"embeddable":true,"href":"https:\/\/nordicmart.andreevmaster.com\/sv\/wp-json\/wp\/v2\/comments?post=11721"}],"wp:featuredmedia":[{"embeddable":true,"href":"https:\/\/nordicmart.andreevmaster.com\/sv\/wp-json\/wp\/v2\/media\/40073"}],"wp:attachment":[{"href":"https:\/\/nordicmart.andreevmaster.com\/sv\/wp-json\/wp\/v2\/media?parent=11721"}],"wp:term":[{"taxonomy":"product_brand","embeddable":true,"href":"https:\/\/nordicmart.andreevmaster.com\/sv\/wp-json\/wp\/v2\/product_brand?post=11721"},{"taxonomy":"product_cat","embeddable":true,"href":"https:\/\/nordicmart.andreevmaster.com\/sv\/wp-json\/wp\/v2\/product_cat?post=11721"},{"taxonomy":"product_tag","embeddable":true,"href":"https:\/\/nordicmart.andreevmaster.com\/sv\/wp-json\/wp\/v2\/product_tag?post=11721"}],"curies":[{"name":"wp","href":"https:\/\/api.w.org\/{rel}","templated":true}]}}