{"id":11720,"date":"2026-02-27T00:11:31","date_gmt":"2026-02-27T00:11:31","guid":{"rendered":"https:\/\/nordicmart.andreevmaster.com\/product\/songmics-aluminiumstege-med-5-steg\/"},"modified":"2026-02-27T08:06:15","modified_gmt":"2026-02-27T08:06:15","slug":"songmics-aluminiumstege-med-5-steg","status":"publish","type":"product","link":"https:\/\/nordicmart.andreevmaster.com\/sv\/produkt\/songmics-aluminiumstege-med-5-steg\/","title":{"rendered":"SONGMICS aluminiumstege med 5 steg"},"content":{"rendered":"<p>Produktdetaljer: F\u00e4rg: Gr\u00e5-orange Material: Aluminium, plast Storlek hopf\u00e4lld: 46 x 12 x 178 cm (L x B x H) Storlek utf\u00e4lld: 46 x 100 x 164 cm (L x B x H) Vikt: 5,2 kg Max. statisk belastningskapacitet: 150 kg Leveransomfattning: 1 x hush\u00e5llsstege 1 x bruksanvisning (DE, EN, FR, ES, IT) SONGMICS Anvisningar: Se till att stegen \u00e4r oskadad innan du anv\u00e4nder den.Anv\u00e4nd inte stegen om det finns olja eller vatten p\u00e5 golvet. Gravida kvinnor och personer med skador eller andra fysiska begr\u00e4nsningar b\u00f6r inte anv\u00e4nda denna stege.<\/p>\n","protected":false},"excerpt":{"rendered":"<p>SONGMICS stege med 5 steg, aluminiumstege, 12 cm breda steg, stege, verktygsfack, halkfri, belastningskapacitet upp till 150 kg, T\u00dcV Rheinland GS-certifikat, uppfyller EN131, gr\u00e5-orange GLT005WT01<\/p>\n","protected":false},"featured_media":40072,"comment_status":"open","ping_status":"closed","template":"","meta":[],"product_brand":[],"product_cat":[33],"product_tag":[],"class_list":{"0":"post-11720","1":"product","2":"type-product","3":"status-publish","4":"has-post-thumbnail","6":"product_cat-okategoriserad","8":"first","9":"instock","10":"shipping-taxable","11":"purchasable","12":"product-type-simple"},"_links":{"self":[{"href":"https:\/\/nordicmart.andreevmaster.com\/sv\/wp-json\/wp\/v2\/product\/11720","targetHints":{"allow":["GET"]}}],"collection":[{"href":"https:\/\/nordicmart.andreevmaster.com\/sv\/wp-json\/wp\/v2\/product"}],"about":[{"href":"https:\/\/nordicmart.andreevmaster.com\/sv\/wp-json\/wp\/v2\/types\/product"}],"replies":[{"embeddable":true,"href":"https:\/\/nordicmart.andreevmaster.com\/sv\/wp-json\/wp\/v2\/comments?post=11720"}],"wp:featuredmedia":[{"embeddable":true,"href":"https:\/\/nordicmart.andreevmaster.com\/sv\/wp-json\/wp\/v2\/media\/40072"}],"wp:attachment":[{"href":"https:\/\/nordicmart.andreevmaster.com\/sv\/wp-json\/wp\/v2\/media?parent=11720"}],"wp:term":[{"taxonomy":"product_brand","embeddable":true,"href":"https:\/\/nordicmart.andreevmaster.com\/sv\/wp-json\/wp\/v2\/product_brand?post=11720"},{"taxonomy":"product_cat","embeddable":true,"href":"https:\/\/nordicmart.andreevmaster.com\/sv\/wp-json\/wp\/v2\/product_cat?post=11720"},{"taxonomy":"product_tag","embeddable":true,"href":"https:\/\/nordicmart.andreevmaster.com\/sv\/wp-json\/wp\/v2\/product_tag?post=11720"}],"curies":[{"name":"wp","href":"https:\/\/api.w.org\/{rel}","templated":true}]}}