{"id":11714,"date":"2026-02-27T00:11:30","date_gmt":"2026-02-27T00:11:30","guid":{"rendered":"https:\/\/nordicmart.andreevmaster.com\/product\/songmics-hornhylla-5-nivaer-tunglastshylla-metall\/"},"modified":"2026-02-27T08:06:14","modified_gmt":"2026-02-27T08:06:14","slug":"songmics-hornhylla-5-nivaer-tunglastshylla-metall","status":"publish","type":"product","link":"https:\/\/nordicmart.andreevmaster.com\/sv\/produkt\/songmics-hornhylla-5-nivaer-tunglastshylla-metall\/","title":{"rendered":"SONGMICS h\u00f6rnhylla 5 niv\u00e5er, tunglastshylla, metall"},"content":{"rendered":"<p>H\u00f6rnhylla 5 niv\u00e5er, tunglastshylla, metall, lagerhylla f\u00f6r garage, f\u00f6rr\u00e5d, k\u00e4llarhylla, silver-naturbeige<br \/>\nSpecifikationer:<br \/>\n&#8211; M\u00e5tt: 70 x 70 x 180 cm (D x B x H)<br \/>\n&#8211; Vikt: 17,2 kg<br \/>\n&#8211; Max. statisk b\u00e4rf\u00f6rm\u00e5ga per niv\u00e5: 175 kg<br \/>\n&#8211; Max. statisk totalbelastningskapacitet: 875 kg<br \/>\n&#8211; Material: st\u00e5l, MDF (medeldensitetsfiberplatta)<br \/>\n&#8211; F\u00e4rg: Svart-naturbeige<\/p>\n","protected":false},"excerpt":{"rendered":"<p>H\u00f6rnhylla 5 niv\u00e5er, tunglastshylla, metall, lagerhylla f\u00f6r garage, f\u00f6rr\u00e5d, k\u00e4llarhylla, silver-naturbeige<\/p>\n","protected":false},"featured_media":40067,"comment_status":"open","ping_status":"closed","template":"","meta":[],"product_brand":[],"product_cat":[33],"product_tag":[],"class_list":{"0":"post-11714","1":"product","2":"type-product","3":"status-publish","4":"has-post-thumbnail","6":"product_cat-okategoriserad","8":"first","9":"instock","10":"shipping-taxable","11":"purchasable","12":"product-type-simple"},"_links":{"self":[{"href":"https:\/\/nordicmart.andreevmaster.com\/sv\/wp-json\/wp\/v2\/product\/11714","targetHints":{"allow":["GET"]}}],"collection":[{"href":"https:\/\/nordicmart.andreevmaster.com\/sv\/wp-json\/wp\/v2\/product"}],"about":[{"href":"https:\/\/nordicmart.andreevmaster.com\/sv\/wp-json\/wp\/v2\/types\/product"}],"replies":[{"embeddable":true,"href":"https:\/\/nordicmart.andreevmaster.com\/sv\/wp-json\/wp\/v2\/comments?post=11714"}],"wp:featuredmedia":[{"embeddable":true,"href":"https:\/\/nordicmart.andreevmaster.com\/sv\/wp-json\/wp\/v2\/media\/40067"}],"wp:attachment":[{"href":"https:\/\/nordicmart.andreevmaster.com\/sv\/wp-json\/wp\/v2\/media?parent=11714"}],"wp:term":[{"taxonomy":"product_brand","embeddable":true,"href":"https:\/\/nordicmart.andreevmaster.com\/sv\/wp-json\/wp\/v2\/product_brand?post=11714"},{"taxonomy":"product_cat","embeddable":true,"href":"https:\/\/nordicmart.andreevmaster.com\/sv\/wp-json\/wp\/v2\/product_cat?post=11714"},{"taxonomy":"product_tag","embeddable":true,"href":"https:\/\/nordicmart.andreevmaster.com\/sv\/wp-json\/wp\/v2\/product_tag?post=11714"}],"curies":[{"name":"wp","href":"https:\/\/api.w.org\/{rel}","templated":true}]}}