{"id":11705,"date":"2026-02-27T00:11:28","date_gmt":"2026-02-27T00:11:28","guid":{"rendered":"https:\/\/nordicmart.andreevmaster.com\/product\/songmics-tunglaststall-2-pack-lagerstall-50-x-100-x-200-cm\/"},"modified":"2026-02-27T08:06:12","modified_gmt":"2026-02-27T08:06:12","slug":"songmics-tunglaststall-2-pack-lagerstall-50-x-100-x-200-cm","status":"publish","type":"product","link":"https:\/\/nordicmart.andreevmaster.com\/sv\/produkt\/songmics-tunglaststall-2-pack-lagerstall-50-x-100-x-200-cm\/","title":{"rendered":"SONGMICS tunglastst\u00e4ll 2-pack, lagerst\u00e4ll, 50 x 100 x 200 cm"},"content":{"rendered":"<p>Ligger tr\u00e4dg\u00e5rdsredskap och olika redskap utspridda i ditt garage? Har du sv\u00e5rt att hitta saker du beh\u00f6ver? D\u00e5 \u00e4r det h\u00f6g tid att utrusta ditt garage med dessa lagerhyllor och f\u00e5 ordning p\u00e5 kaoset. De viktigaste sk\u00e4len till varf\u00f6r detta lagerhyllset fr\u00e5n SONGMICS \u00e4r precis r\u00e4tt f\u00f6r dig: Det f\u00f6rst\u00e4rkta st\u00e5lstativet och hyllplan i tr\u00e4material ger ett starkt f\u00e4ste. Tv\u00e4rst\u00e4ngerna under varje hyllplan \u00f6kar stabiliteten.St\u00e5let \u00e4r rostbest\u00e4ndigt. Varje hylla t\u00e5l upp till 175 kg. Avst\u00e5ndet mellan de enskilda hyllplanerna \u00e4r flexibelt justerbart. Du kan ocks\u00e5 dela upp hyllorna i tv\u00e5 delar. Den medf\u00f6ljande tippskyddet garanterar s\u00e4ker anv\u00e4ndning. Hyllorna \u00e4r l\u00e4mpliga f\u00f6r k\u00e4llare, verkst\u00e4der och aff\u00e4rslokaler. Produktdetaljer: F\u00e4rg: Svart Material: St\u00e5l, MDF (medeldensitetsfiberplatta)Storlek per hylla: 200 x 100 x 50 cm (H x L x B) Vikt per hylla: 16,8 kg Max. statisk belastningskapacitet per hyllplan: 175 kg Leveransomfattning: 2 x lagerhylla 2 x tippskydd 1 x instruktioner SONGICs anvisningar: Anv\u00e4nd alltid handskar vid montering. Placera inte produkten i en fuktig milj\u00f6.Den max. belastningskapaciteten i texten avser den statiska maxvikten. F\u00f6r att underl\u00e4tta transporten levereras produkten i 2 paket. Dessa anl\u00e4nder normalt samtidigt. Var t\u00e5lmodig om du f\u00f6rst endast f\u00e5r ett paket. Det andra paketet b\u00f6r anl\u00e4nda kort d\u00e4refter.<\/p>\n","protected":false},"excerpt":{"rendered":"<p>Tunglastst\u00e4ll 2-pack, lagerst\u00e4ll, 40 x 90 x 180 cm, k\u00e4llarst\u00e4ll, st\u00e5lram, vardera med en belastningskapacitet p\u00e5 upp till 875 kg, 5 justerbara hyllplan, silverf\u00e4rgat<\/p>\n","protected":false},"featured_media":40058,"comment_status":"open","ping_status":"closed","template":"","meta":[],"product_brand":[],"product_cat":[33],"product_tag":[],"class_list":{"0":"post-11705","1":"product","2":"type-product","3":"status-publish","4":"has-post-thumbnail","6":"product_cat-okategoriserad","8":"first","9":"instock","10":"shipping-taxable","11":"purchasable","12":"product-type-simple"},"_links":{"self":[{"href":"https:\/\/nordicmart.andreevmaster.com\/sv\/wp-json\/wp\/v2\/product\/11705","targetHints":{"allow":["GET"]}}],"collection":[{"href":"https:\/\/nordicmart.andreevmaster.com\/sv\/wp-json\/wp\/v2\/product"}],"about":[{"href":"https:\/\/nordicmart.andreevmaster.com\/sv\/wp-json\/wp\/v2\/types\/product"}],"replies":[{"embeddable":true,"href":"https:\/\/nordicmart.andreevmaster.com\/sv\/wp-json\/wp\/v2\/comments?post=11705"}],"wp:featuredmedia":[{"embeddable":true,"href":"https:\/\/nordicmart.andreevmaster.com\/sv\/wp-json\/wp\/v2\/media\/40058"}],"wp:attachment":[{"href":"https:\/\/nordicmart.andreevmaster.com\/sv\/wp-json\/wp\/v2\/media?parent=11705"}],"wp:term":[{"taxonomy":"product_brand","embeddable":true,"href":"https:\/\/nordicmart.andreevmaster.com\/sv\/wp-json\/wp\/v2\/product_brand?post=11705"},{"taxonomy":"product_cat","embeddable":true,"href":"https:\/\/nordicmart.andreevmaster.com\/sv\/wp-json\/wp\/v2\/product_cat?post=11705"},{"taxonomy":"product_tag","embeddable":true,"href":"https:\/\/nordicmart.andreevmaster.com\/sv\/wp-json\/wp\/v2\/product_tag?post=11705"}],"curies":[{"name":"wp","href":"https:\/\/api.w.org\/{rel}","templated":true}]}}