{"id":11695,"date":"2026-02-27T00:11:26","date_gmt":"2026-02-27T00:11:26","guid":{"rendered":"https:\/\/nordicmart.andreevmaster.com\/product\/songmics-tunglaststall-lagerhylla-kallarhylla\/"},"modified":"2026-02-27T08:06:10","modified_gmt":"2026-02-27T08:06:10","slug":"songmics-tunglaststall-lagerhylla-kallarhylla","status":"publish","type":"product","link":"https:\/\/nordicmart.andreevmaster.com\/sv\/produkt\/songmics-tunglaststall-lagerhylla-kallarhylla\/","title":{"rendered":"SONGMICS tunglastst\u00e4ll, lagerhylla, k\u00e4llarhylla"},"content":{"rendered":"<p>F\u00f6rdelarna med detta hyllst\u00e4ll fr\u00e5n SONGMICS i korthet: St\u00e5lkonstruktionen ger stabilt st\u00f6d De f\u00f6rst\u00e4rkta tv\u00e4rst\u00e4ngerna under varje metallhylla ger extra stabilitet Den pulverlackerade ytan \u00e4r rostbest\u00e4ndig och robust Varje hylla kan b\u00e4ra upp till 175 kg Varje hylla \u00e4r h\u00f6j- och s\u00e4nkbar; hyllan kan \u00e4ven anv\u00e4ndas separat. Det medf\u00f6ljande tippskyddet garanterar s\u00e4ker och stabil anv\u00e4ndning. L\u00e4mplig f\u00f6r k\u00e4llare, k\u00f6k, vardagsrum, balkong, kontor och garage. Produktdetaljer: F\u00e4rg: Vintagebrun-svart Material: Sp\u00e5nskiva, st\u00e5l Storlek: 40 x 90 x 180 cm (D x B x H) Vikt: 14,8 kg Max. statisk belastningskapacitet per niv\u00e5: 175 kg Max. statisk belastningskapacitet totalt: 875 kg Leveransomfattning: 1 x tunglastst\u00e4ll 1 x tippskydd 1 x instruktioner SONGIMC Anm\u00e4rkningar: F\u00e4st denna produkt p\u00e5 v\u00e4ggen med det medf\u00f6ljande tippskyddet f\u00f6r att garantera s\u00e4ker anv\u00e4ndning.Anv\u00e4nd alltid handskar vid montering. Placera inte produkten i en fuktig milj\u00f6. Den max. belastningskapaciteten i texten avser den statiska maxvikten.<\/p>\n","protected":false},"excerpt":{"rendered":"<p>Tunglastst\u00e4ll 2-pack, lagerst\u00e4ll, 40 x 90 x 180 cm, k\u00e4llarst\u00e4ll, st\u00e5lram, vardera med en belastningskapacitet p\u00e5 upp till 875 kg, 5 justerbara hyllplan, silverf\u00e4rgat<\/p>\n","protected":false},"featured_media":40048,"comment_status":"open","ping_status":"closed","template":"","meta":[],"product_brand":[],"product_cat":[33],"product_tag":[],"class_list":{"0":"post-11695","1":"product","2":"type-product","3":"status-publish","4":"has-post-thumbnail","6":"product_cat-okategoriserad","8":"first","9":"instock","10":"shipping-taxable","11":"purchasable","12":"product-type-simple"},"_links":{"self":[{"href":"https:\/\/nordicmart.andreevmaster.com\/sv\/wp-json\/wp\/v2\/product\/11695","targetHints":{"allow":["GET"]}}],"collection":[{"href":"https:\/\/nordicmart.andreevmaster.com\/sv\/wp-json\/wp\/v2\/product"}],"about":[{"href":"https:\/\/nordicmart.andreevmaster.com\/sv\/wp-json\/wp\/v2\/types\/product"}],"replies":[{"embeddable":true,"href":"https:\/\/nordicmart.andreevmaster.com\/sv\/wp-json\/wp\/v2\/comments?post=11695"}],"wp:featuredmedia":[{"embeddable":true,"href":"https:\/\/nordicmart.andreevmaster.com\/sv\/wp-json\/wp\/v2\/media\/40048"}],"wp:attachment":[{"href":"https:\/\/nordicmart.andreevmaster.com\/sv\/wp-json\/wp\/v2\/media?parent=11695"}],"wp:term":[{"taxonomy":"product_brand","embeddable":true,"href":"https:\/\/nordicmart.andreevmaster.com\/sv\/wp-json\/wp\/v2\/product_brand?post=11695"},{"taxonomy":"product_cat","embeddable":true,"href":"https:\/\/nordicmart.andreevmaster.com\/sv\/wp-json\/wp\/v2\/product_cat?post=11695"},{"taxonomy":"product_tag","embeddable":true,"href":"https:\/\/nordicmart.andreevmaster.com\/sv\/wp-json\/wp\/v2\/product_tag?post=11695"}],"curies":[{"name":"wp","href":"https:\/\/api.w.org\/{rel}","templated":true}]}}