{"id":11690,"date":"2026-02-27T00:11:24","date_gmt":"2026-02-27T00:11:24","guid":{"rendered":"https:\/\/nordicmart.andreevmaster.com\/product\/songmics-tunglaststall-kallarstall-lagerstall-30-x-75-x-150-cm\/"},"modified":"2026-02-27T08:06:10","modified_gmt":"2026-02-27T08:06:10","slug":"songmics-tunglaststall-kallarstall-lagerstall-30-x-75-x-150-cm","status":"publish","type":"product","link":"https:\/\/nordicmart.andreevmaster.com\/sv\/produkt\/songmics-tunglaststall-kallarstall-lagerstall-30-x-75-x-150-cm\/","title":{"rendered":"SONGMICS tunglastst\u00e4ll, k\u00e4llarst\u00e4ll, lagerst\u00e4ll, 30 x 75 x 150 cm"},"content":{"rendered":"<p>Tunglastst\u00e4ll, k\u00e4llarst\u00e4ll, lagerst\u00e4ll, 30 x 75 x 150 cm, st\u00e4ll med st\u00e5lram, belastningskapacitet upp till 650 kg, 5 justerbara hyllplan, silverf\u00e4rgat<br \/>\nProduktdetaljer:<br \/>\n&#8211; F\u00e4rg: Silver<br \/>\n&#8211; Material: Pulverlackerat st\u00e5l, MDF (medeldensitetsfiberplatta)<br \/>\n&#8211; Storlek: 30 x 75 x 150 cm (D x B x H)<br \/>\n&#8211; Vikt: 9,3 kg<br \/>\n&#8211; Max. statisk belastningskapacitet per hylla: 130 kg<br \/>\n&#8211; Max. statisk belastningskapacitet totalt: 650 kg<\/p>\n<p>Leveransomfattning:<br \/>\n&#8211; 1 x lagerhylla<br \/>\n&#8211; 1 x tippskydd<br \/>\n&#8211; 1 x bruksanvisning<\/p>\n<p>SONGMICS Anm\u00e4rkningar:<br \/>\n&#8211; F\u00e4st k\u00e4llarhyllan p\u00e5 v\u00e4ggen med det medf\u00f6ljande tippskyddet f\u00f6r att skapa en s\u00e4ker anv\u00e4ndningsmilj\u00f6.<br \/>\n&#8211; Anv\u00e4nd alltid handskar vid montering.<br \/>\n&#8211; Placera inte hyllan i en fuktig milj\u00f6.<br \/>\n&#8211; Den maximala belastningskapaciteten i texten avser den statiska maximala vikten.<\/p>\n","protected":false},"excerpt":{"rendered":"<p>Tunglastst\u00e4ll, k\u00e4llarst\u00e4ll, lagerst\u00e4ll, 30 x 75 x 150 cm, st\u00e4ll med st\u00e5lram, belastningskapacitet upp till 650 kg, 5 justerbara hyllplan, silverf\u00e4rgat<\/p>\n","protected":false},"featured_media":40043,"comment_status":"open","ping_status":"closed","template":"","meta":[],"product_brand":[],"product_cat":[33],"product_tag":[],"class_list":{"0":"post-11690","1":"product","2":"type-product","3":"status-publish","4":"has-post-thumbnail","6":"product_cat-okategoriserad","8":"first","9":"instock","10":"shipping-taxable","11":"purchasable","12":"product-type-simple"},"_links":{"self":[{"href":"https:\/\/nordicmart.andreevmaster.com\/sv\/wp-json\/wp\/v2\/product\/11690","targetHints":{"allow":["GET"]}}],"collection":[{"href":"https:\/\/nordicmart.andreevmaster.com\/sv\/wp-json\/wp\/v2\/product"}],"about":[{"href":"https:\/\/nordicmart.andreevmaster.com\/sv\/wp-json\/wp\/v2\/types\/product"}],"replies":[{"embeddable":true,"href":"https:\/\/nordicmart.andreevmaster.com\/sv\/wp-json\/wp\/v2\/comments?post=11690"}],"wp:featuredmedia":[{"embeddable":true,"href":"https:\/\/nordicmart.andreevmaster.com\/sv\/wp-json\/wp\/v2\/media\/40043"}],"wp:attachment":[{"href":"https:\/\/nordicmart.andreevmaster.com\/sv\/wp-json\/wp\/v2\/media?parent=11690"}],"wp:term":[{"taxonomy":"product_brand","embeddable":true,"href":"https:\/\/nordicmart.andreevmaster.com\/sv\/wp-json\/wp\/v2\/product_brand?post=11690"},{"taxonomy":"product_cat","embeddable":true,"href":"https:\/\/nordicmart.andreevmaster.com\/sv\/wp-json\/wp\/v2\/product_cat?post=11690"},{"taxonomy":"product_tag","embeddable":true,"href":"https:\/\/nordicmart.andreevmaster.com\/sv\/wp-json\/wp\/v2\/product_tag?post=11690"}],"curies":[{"name":"wp","href":"https:\/\/api.w.org\/{rel}","templated":true}]}}