{"id":11685,"date":"2026-02-27T00:11:23","date_gmt":"2026-02-27T00:11:23","guid":{"rendered":"https:\/\/nordicmart.andreevmaster.com\/product\/songmics-2-pack-kallarhyllor-160-cm-hoga\/"},"modified":"2026-02-27T08:06:09","modified_gmt":"2026-02-27T08:06:09","slug":"songmics-2-pack-kallarhyllor-160-cm-hoga","status":"publish","type":"product","link":"https:\/\/nordicmart.andreevmaster.com\/sv\/produkt\/songmics-2-pack-kallarhyllor-160-cm-hoga\/","title":{"rendered":"SONGMICS 2-pack k\u00e4llarhyllor 160 cm h\u00f6ga"},"content":{"rendered":"<p>Produktdetaljer: F\u00e4rg: Bl\u00e5 Material: Pulverlackerat st\u00e5l, MDF (medeldensitetsfiberplatta)Storlek per hyllplan: 40 x 80 x 160 cm (D x B x H)Vikt per hyllplan: 10,2 kgMax. statisk belastningskapacitet per hyllplan: 130 kgLeveransomfattning:2 x lagerhyllor2 x tippskydd2 x instruktionerSONGMICS Anm\u00e4rkningar:Anv\u00e4nd alltid handskar vid montering.Placera inte produkten i en fuktig milj\u00f6.Den maximala belastningskapaciteten i texten avser den statiska maximala vikten.<\/p>\n","protected":false},"excerpt":{"rendered":"<p>SONGMICS tunglastst\u00e4ll, 2-pack, lagerst\u00e4ll, k\u00e4llarst\u00e4ll, 160 x 80 x 40 cm, belastningskapacitet upp till 520 kg, 4 justerbara hyllplan, metallst\u00e4ll, pluggst\u00e4ll, verkstadsst\u00e4ll, k\u00e4llare, garage, bl\u00e5tt GLR88Q<\/p>\n","protected":false},"featured_media":40038,"comment_status":"open","ping_status":"closed","template":"","meta":[],"product_brand":[],"product_cat":[33],"product_tag":[],"class_list":{"0":"post-11685","1":"product","2":"type-product","3":"status-publish","4":"has-post-thumbnail","6":"product_cat-okategoriserad","8":"first","9":"instock","10":"shipping-taxable","11":"purchasable","12":"product-type-simple"},"_links":{"self":[{"href":"https:\/\/nordicmart.andreevmaster.com\/sv\/wp-json\/wp\/v2\/product\/11685","targetHints":{"allow":["GET"]}}],"collection":[{"href":"https:\/\/nordicmart.andreevmaster.com\/sv\/wp-json\/wp\/v2\/product"}],"about":[{"href":"https:\/\/nordicmart.andreevmaster.com\/sv\/wp-json\/wp\/v2\/types\/product"}],"replies":[{"embeddable":true,"href":"https:\/\/nordicmart.andreevmaster.com\/sv\/wp-json\/wp\/v2\/comments?post=11685"}],"wp:featuredmedia":[{"embeddable":true,"href":"https:\/\/nordicmart.andreevmaster.com\/sv\/wp-json\/wp\/v2\/media\/40038"}],"wp:attachment":[{"href":"https:\/\/nordicmart.andreevmaster.com\/sv\/wp-json\/wp\/v2\/media?parent=11685"}],"wp:term":[{"taxonomy":"product_brand","embeddable":true,"href":"https:\/\/nordicmart.andreevmaster.com\/sv\/wp-json\/wp\/v2\/product_brand?post=11685"},{"taxonomy":"product_cat","embeddable":true,"href":"https:\/\/nordicmart.andreevmaster.com\/sv\/wp-json\/wp\/v2\/product_cat?post=11685"},{"taxonomy":"product_tag","embeddable":true,"href":"https:\/\/nordicmart.andreevmaster.com\/sv\/wp-json\/wp\/v2\/product_tag?post=11685"}],"curies":[{"name":"wp","href":"https:\/\/api.w.org\/{rel}","templated":true}]}}