{"id":11683,"date":"2026-02-27T00:11:23","date_gmt":"2026-02-27T00:11:23","guid":{"rendered":"https:\/\/nordicmart.andreevmaster.com\/product\/songmics-2-pack-lagerhyllor-180-cm-hoga-bla\/"},"modified":"2026-02-27T08:06:08","modified_gmt":"2026-02-27T08:06:08","slug":"songmics-2-pack-lagerhyllor-180-cm-hoga-bla","status":"publish","type":"product","link":"https:\/\/nordicmart.andreevmaster.com\/sv\/produkt\/songmics-2-pack-lagerhyllor-180-cm-hoga-bla\/","title":{"rendered":"SONGMICS 2-pack lagerhyllor 180 cm h\u00f6ga bl\u00e5"},"content":{"rendered":"<p>Produktdetaljer: F\u00e4rg: Bl\u00e5 Material: St\u00e5l, MDF (medeldensitetsfiberplatta) Storlek per hylla: 40 x 90 x 180 cm (D x B x H) Vikt per hylla: 14,2 kg Max. statisk belastningskapacitet per hylla: 175 kg Leveransomfattning: 2 x lagerhylla 2 x tippskydd 1 x instruktioner SONGMICS Anm\u00e4rkningar:Anv\u00e4nd alltid handskar vid montering. Placera inte produkten i en fuktig milj\u00f6. Den maximala belastningskapaciteten i texten avser den statiska maximala vikten.<\/p>\n","protected":false},"excerpt":{"rendered":"<p>SONGMICS tunglastst\u00e4ll, 2-pack, lagerst\u00e4ll, k\u00e4llarst\u00e4ll, 180 x 90 x 40 cm, belastningskapacitet upp till 875 kg, 5 justerbara hyllplan, metallst\u00e4ll, pluggst\u00e4ll, verkstadsst\u00e4ll, k\u00e4llare, bl\u00e5 GLR80BU<\/p>\n","protected":false},"featured_media":40036,"comment_status":"open","ping_status":"closed","template":"","meta":[],"product_brand":[],"product_cat":[33],"product_tag":[],"class_list":{"0":"post-11683","1":"product","2":"type-product","3":"status-publish","4":"has-post-thumbnail","6":"product_cat-okategoriserad","8":"first","9":"instock","10":"shipping-taxable","11":"purchasable","12":"product-type-simple"},"_links":{"self":[{"href":"https:\/\/nordicmart.andreevmaster.com\/sv\/wp-json\/wp\/v2\/product\/11683","targetHints":{"allow":["GET"]}}],"collection":[{"href":"https:\/\/nordicmart.andreevmaster.com\/sv\/wp-json\/wp\/v2\/product"}],"about":[{"href":"https:\/\/nordicmart.andreevmaster.com\/sv\/wp-json\/wp\/v2\/types\/product"}],"replies":[{"embeddable":true,"href":"https:\/\/nordicmart.andreevmaster.com\/sv\/wp-json\/wp\/v2\/comments?post=11683"}],"wp:featuredmedia":[{"embeddable":true,"href":"https:\/\/nordicmart.andreevmaster.com\/sv\/wp-json\/wp\/v2\/media\/40036"}],"wp:attachment":[{"href":"https:\/\/nordicmart.andreevmaster.com\/sv\/wp-json\/wp\/v2\/media?parent=11683"}],"wp:term":[{"taxonomy":"product_brand","embeddable":true,"href":"https:\/\/nordicmart.andreevmaster.com\/sv\/wp-json\/wp\/v2\/product_brand?post=11683"},{"taxonomy":"product_cat","embeddable":true,"href":"https:\/\/nordicmart.andreevmaster.com\/sv\/wp-json\/wp\/v2\/product_cat?post=11683"},{"taxonomy":"product_tag","embeddable":true,"href":"https:\/\/nordicmart.andreevmaster.com\/sv\/wp-json\/wp\/v2\/product_tag?post=11683"}],"curies":[{"name":"wp","href":"https:\/\/api.w.org\/{rel}","templated":true}]}}