{"id":11676,"date":"2026-02-27T00:11:21","date_gmt":"2026-02-27T00:11:21","guid":{"rendered":"https:\/\/nordicmart.andreevmaster.com\/product\/songmics-lagerhylla-med-en-belastningskapacitet-pa-upp-till-520-kg\/"},"modified":"2026-02-27T08:06:07","modified_gmt":"2026-02-27T08:06:07","slug":"songmics-lagerhylla-med-en-belastningskapacitet-pa-upp-till-520-kg","status":"publish","type":"product","link":"https:\/\/nordicmart.andreevmaster.com\/sv\/produkt\/songmics-lagerhylla-med-en-belastningskapacitet-pa-upp-till-520-kg\/","title":{"rendered":"SONGMICS lagerhylla med en belastningskapacitet p\u00e5 upp till 520 kg"},"content":{"rendered":"<p>Ligger tr\u00e4dg\u00e5rdsredskap och olika redskap utspridda i ditt garage? Har du sv\u00e5rt att hitta de saker du beh\u00f6ver? D\u00e5 \u00e4r det h\u00f6g tid att utrusta ditt garage med detta lagerst\u00e4ll och f\u00e5 ordning p\u00e5 kaoset. De viktigaste sk\u00e4len till varf\u00f6r detta st\u00e4llsystem fr\u00e5n SONGMICS \u00e4r precis r\u00e4tt f\u00f6r dig: St\u00e5lramen och hyllorna av tr\u00e4material ger ett starkt f\u00e4ste.F\u00f6rst\u00e4rkningarna p\u00e5 benen och tv\u00e4rst\u00e4ngerna under varje hyllplan \u00f6kar stabiliteten. Pulverlackeringen \u00e4r rostbest\u00e4ndig och slitstark. Varje hylla t\u00e5l vikter upp till 130 kg.Avst\u00e5ndet mellan de enskilda hyllplanerna \u00e4r flexibelt justerbart. Du kan dessutom dela upp hyllan i tv\u00e5 delar. Den medf\u00f6ljande tippskyddet garanterar s\u00e4ker anv\u00e4ndning. Hyllan \u00e4r l\u00e4mplig f\u00f6r k\u00e4llare, tv\u00e4ttstugor, verkst\u00e4der och aff\u00e4rslokaler. Produktdetaljer: F\u00e4rg: Bl\u00e5 Material: Pulverlackerat st\u00e5l, E1-klass MDF (medeldensitetsfiberplatta) Storlek: 160 x 80 x 40 cm (H x L x B) Vikt: 10,2 kg Max. statisk belastningskapacitet per hyllplan: 130 kg Leveransomfattning: 1 x lagerhylla 1 x tippskydd 1 x bruksanvisning (DE, EN, FR, ES, IT) SONGMICS Anm\u00e4rkningar:Anv\u00e4nd alltid handskar vid montering. Placera inte produkten i en fuktig milj\u00f6. Den max. belastningskapacitet som anges i texten avser den statiska maxvikten.<\/p>\n","protected":false},"excerpt":{"rendered":"<p>SONGMICS lagerhylla med 4 hyllplan, tunglastshylla i metall, hyllsystem, belastningskapacitet upp till 520 kg (130 kg per hyllplan), h\u00f6jdjusterbar, verktygshylla, 160 x 80 x 40, garage, k\u00e4llare, bl\u00e5 GLR44Q<\/p>\n","protected":false},"featured_media":40029,"comment_status":"open","ping_status":"closed","template":"","meta":[],"product_brand":[],"product_cat":[33],"product_tag":[],"class_list":{"0":"post-11676","1":"product","2":"type-product","3":"status-publish","4":"has-post-thumbnail","6":"product_cat-okategoriserad","8":"first","9":"instock","10":"shipping-taxable","11":"purchasable","12":"product-type-simple"},"_links":{"self":[{"href":"https:\/\/nordicmart.andreevmaster.com\/sv\/wp-json\/wp\/v2\/product\/11676","targetHints":{"allow":["GET"]}}],"collection":[{"href":"https:\/\/nordicmart.andreevmaster.com\/sv\/wp-json\/wp\/v2\/product"}],"about":[{"href":"https:\/\/nordicmart.andreevmaster.com\/sv\/wp-json\/wp\/v2\/types\/product"}],"replies":[{"embeddable":true,"href":"https:\/\/nordicmart.andreevmaster.com\/sv\/wp-json\/wp\/v2\/comments?post=11676"}],"wp:featuredmedia":[{"embeddable":true,"href":"https:\/\/nordicmart.andreevmaster.com\/sv\/wp-json\/wp\/v2\/media\/40029"}],"wp:attachment":[{"href":"https:\/\/nordicmart.andreevmaster.com\/sv\/wp-json\/wp\/v2\/media?parent=11676"}],"wp:term":[{"taxonomy":"product_brand","embeddable":true,"href":"https:\/\/nordicmart.andreevmaster.com\/sv\/wp-json\/wp\/v2\/product_brand?post=11676"},{"taxonomy":"product_cat","embeddable":true,"href":"https:\/\/nordicmart.andreevmaster.com\/sv\/wp-json\/wp\/v2\/product_cat?post=11676"},{"taxonomy":"product_tag","embeddable":true,"href":"https:\/\/nordicmart.andreevmaster.com\/sv\/wp-json\/wp\/v2\/product_tag?post=11676"}],"curies":[{"name":"wp","href":"https:\/\/api.w.org\/{rel}","templated":true}]}}