{"id":11675,"date":"2026-02-27T00:11:21","date_gmt":"2026-02-27T00:11:21","guid":{"rendered":"https:\/\/nordicmart.andreevmaster.com\/product\/songmics-tunglaststall-med-justerbara-hyllplan\/"},"modified":"2026-02-27T08:06:07","modified_gmt":"2026-02-27T08:06:07","slug":"songmics-tunglaststall-med-justerbara-hyllplan","status":"publish","type":"product","link":"https:\/\/nordicmart.andreevmaster.com\/sv\/produkt\/songmics-tunglaststall-med-justerbara-hyllplan\/","title":{"rendered":"SONGMICS tunglastst\u00e4ll med justerbara hyllplan"},"content":{"rendered":"<p>SONGMICS tunglastst\u00e4ll, k\u00e4llarhylla, 50 x 100 x 200 cm, fj\u00e4rilspluggssystem, belastningskapacitet upp till 875 kg, enkel montering, lagerhylla, justerbara hyllplan, lagerhylla, silver GLR447E01<\/p>\n<p>F\u00e4rg: Silver<br \/>\nMaterial: St\u00e5l, MDF-skivor (medeldensitetsfiberplatta)<br \/>\nStorlek: 50 x 100 x 200 cm (D x B x H)<br \/>\nVikt: 16,7 kg<br \/>\nMax. statisk belastningskapacitet per hylla: 175 kg<br \/>\nMax. statisk totalbelastningskapacitet: 875 kg<\/p>\n","protected":false},"excerpt":{"rendered":"<p>SONGMICS tunglastst\u00e4ll, k\u00e4llarhylla, 50 x 100 x 200 cm, fj\u00e4rilspluggssystem, belastningskapacitet upp till 875 kg, enkel montering, lagerhylla, justerbara hyllplan, lagerhylla, silver GLR447E01<\/p>\n","protected":false},"featured_media":40028,"comment_status":"open","ping_status":"closed","template":"","meta":[],"product_brand":[],"product_cat":[33],"product_tag":[],"class_list":{"0":"post-11675","1":"product","2":"type-product","3":"status-publish","4":"has-post-thumbnail","6":"product_cat-okategoriserad","8":"first","9":"instock","10":"shipping-taxable","11":"purchasable","12":"product-type-simple"},"_links":{"self":[{"href":"https:\/\/nordicmart.andreevmaster.com\/sv\/wp-json\/wp\/v2\/product\/11675","targetHints":{"allow":["GET"]}}],"collection":[{"href":"https:\/\/nordicmart.andreevmaster.com\/sv\/wp-json\/wp\/v2\/product"}],"about":[{"href":"https:\/\/nordicmart.andreevmaster.com\/sv\/wp-json\/wp\/v2\/types\/product"}],"replies":[{"embeddable":true,"href":"https:\/\/nordicmart.andreevmaster.com\/sv\/wp-json\/wp\/v2\/comments?post=11675"}],"wp:featuredmedia":[{"embeddable":true,"href":"https:\/\/nordicmart.andreevmaster.com\/sv\/wp-json\/wp\/v2\/media\/40028"}],"wp:attachment":[{"href":"https:\/\/nordicmart.andreevmaster.com\/sv\/wp-json\/wp\/v2\/media?parent=11675"}],"wp:term":[{"taxonomy":"product_brand","embeddable":true,"href":"https:\/\/nordicmart.andreevmaster.com\/sv\/wp-json\/wp\/v2\/product_brand?post=11675"},{"taxonomy":"product_cat","embeddable":true,"href":"https:\/\/nordicmart.andreevmaster.com\/sv\/wp-json\/wp\/v2\/product_cat?post=11675"},{"taxonomy":"product_tag","embeddable":true,"href":"https:\/\/nordicmart.andreevmaster.com\/sv\/wp-json\/wp\/v2\/product_tag?post=11675"}],"curies":[{"name":"wp","href":"https:\/\/api.w.org\/{rel}","templated":true}]}}