{"id":11673,"date":"2026-02-27T00:11:21","date_gmt":"2026-02-27T00:11:21","guid":{"rendered":"https:\/\/nordicmart.andreevmaster.com\/product\/songmics-tunglaststall-875-kg-bla\/"},"modified":"2026-02-27T08:06:07","modified_gmt":"2026-02-27T08:06:07","slug":"songmics-tunglaststall-875-kg-bla","status":"publish","type":"product","link":"https:\/\/nordicmart.andreevmaster.com\/sv\/produkt\/songmics-tunglaststall-875-kg-bla\/","title":{"rendered":"SONGMICS tunglastst\u00e4ll 875 kg bl\u00e5"},"content":{"rendered":"<p>Songmics st\u00e5lhylla f\u00f6r tung last \u00e4r enkel och okomplicerad att montera och har en extremt h\u00f6g b\u00e4rkraft. Den \u00e4r universell och flexibel och passar i k\u00e4llaren, f\u00f6rr\u00e5den eller verkst\u00e4derna \u2013 oavsett om du anv\u00e4nder den hemma eller i professionellt sammanhang \u00e4r den m\u00e5ngsidig. Hyllan s\u00e4tts enkelt ihop och montering kr\u00e4ver inga verktyg f\u00f6rutom en gummiklubba. Med 5 hyllplan och en b\u00e4rkraft p\u00e5 175 kg per plan kan k\u00e4llarhyllan rymma totalt 875 kg. Du har ocks\u00e5 m\u00f6jlighet att placera hyllplanerna individuellt f\u00f6r att best\u00e4mma den h\u00f6jd som passar dig b\u00e4st. Songmics tunga hyllor kan ocks\u00e5 monteras ihop till tv\u00e5 mindre hyllor eller tv\u00e5 arbetsb\u00e4nkar. Produktdetaljer: &#8211; M\u00e5tt: 90 x 180 x 40 cm (B x H x D) &#8211; M\u00e5tt p\u00e5 hyllplan: 90 x 40 cm &#8211; Tjocklek p\u00e5 hyllplan: 6,2 mm &#8211; Tjocklek p\u00e5 metalldelar: 0,7 mm Leveransomfattning: &#8211; 1 x tunglastst\u00e4ll &#8211; 1 x bruksanvisning <\/p>\n","protected":false},"excerpt":{"rendered":"<p>SONGMICS lagerhylla 180 x 90 x 40 cm tunglastst\u00e4ll max. belastningskapacitet 875 kg k\u00e4llarhylla med pulverlackerad yta stickhylla GLR40Q<\/p>\n","protected":false},"featured_media":40027,"comment_status":"open","ping_status":"closed","template":"","meta":[],"product_brand":[],"product_cat":[33],"product_tag":[],"class_list":{"0":"post-11673","1":"product","2":"type-product","3":"status-publish","4":"has-post-thumbnail","6":"product_cat-okategoriserad","8":"first","9":"instock","10":"shipping-taxable","11":"purchasable","12":"product-type-simple"},"_links":{"self":[{"href":"https:\/\/nordicmart.andreevmaster.com\/sv\/wp-json\/wp\/v2\/product\/11673","targetHints":{"allow":["GET"]}}],"collection":[{"href":"https:\/\/nordicmart.andreevmaster.com\/sv\/wp-json\/wp\/v2\/product"}],"about":[{"href":"https:\/\/nordicmart.andreevmaster.com\/sv\/wp-json\/wp\/v2\/types\/product"}],"replies":[{"embeddable":true,"href":"https:\/\/nordicmart.andreevmaster.com\/sv\/wp-json\/wp\/v2\/comments?post=11673"}],"wp:featuredmedia":[{"embeddable":true,"href":"https:\/\/nordicmart.andreevmaster.com\/sv\/wp-json\/wp\/v2\/media\/40027"}],"wp:attachment":[{"href":"https:\/\/nordicmart.andreevmaster.com\/sv\/wp-json\/wp\/v2\/media?parent=11673"}],"wp:term":[{"taxonomy":"product_brand","embeddable":true,"href":"https:\/\/nordicmart.andreevmaster.com\/sv\/wp-json\/wp\/v2\/product_brand?post=11673"},{"taxonomy":"product_cat","embeddable":true,"href":"https:\/\/nordicmart.andreevmaster.com\/sv\/wp-json\/wp\/v2\/product_cat?post=11673"},{"taxonomy":"product_tag","embeddable":true,"href":"https:\/\/nordicmart.andreevmaster.com\/sv\/wp-json\/wp\/v2\/product_tag?post=11673"}],"curies":[{"name":"wp","href":"https:\/\/api.w.org\/{rel}","templated":true}]}}