{"id":11672,"date":"2026-02-27T00:11:20","date_gmt":"2026-02-27T00:11:20","guid":{"rendered":"https:\/\/nordicmart.andreevmaster.com\/product\/songmics-lagerhylla-med-5-hyllplan\/"},"modified":"2026-02-27T08:06:06","modified_gmt":"2026-02-27T08:06:06","slug":"songmics-lagerhylla-med-5-hyllplan","status":"publish","type":"product","link":"https:\/\/nordicmart.andreevmaster.com\/sv\/produkt\/songmics-lagerhylla-med-5-hyllplan\/","title":{"rendered":"SONGMICS lagerhylla med 5 hyllplan"},"content":{"rendered":"<p>F\u00f6rst\u00e4rkning f\u00f6r garage, k\u00e4llare eller tr\u00e4dg\u00e5rdsskjul K\u00e4ra motors\u00e5gsentusiaster, l\u00f6vbl\u00e5sningshj\u00e4ltar och hobbyfixare, vi f\u00f6rst\u00e5r er passion f\u00f6r tunga maskiner, verktyg och det gamla goda hantverket. F\u00f6r att underl\u00e4tta ert arbete och se till att garaget eller tr\u00e4dg\u00e5rdsskjulet h\u00e5lls snyggt och prydligt erbjuder vi detta stabila tunglastst\u00e4ll d\u00e4r ni kan f\u00f6rvara all er utrustning. F\u00f6rdelarna med f\u00f6rvaringshyllan i korthet: &#8211; Enkel montering; smart pluggsystem &#8211; Pluggslitsar i nyckelh\u00e5lsform; hyllplan glider l\u00e4tt p\u00e5 plats &#8211; Stabilt, rostbest\u00e4ndigt stativ av galvaniserat st\u00e5l med slitstark pulverlackering &#8211; Hyllplan av MDF-skivor med en belastningskapacitet p\u00e5 upp till 175 kg vardera &#8211; Hyllplan kan justeras efter \u00f6nskad h\u00f6jd &#8211; Hyllan kan delas i tv\u00e5 delar; kan anv\u00e4ndas som 90 cm h\u00f6g arbetsb\u00e4nk &#8211; Utrustad med fotk\u00e5por Produktdetaljer: &#8211; F\u00e4rg: svart, natur &#8211; Material: E1-klass MDF (medeldensitetsfiberplatta), galvaniserat st\u00e5l med pulverlackering &#8211; Storlek: 90 x 40 x 180 cm (L x B x H) &#8211; Storlek per hyllplan: 89,2 x 39,2 cm (L x B) &#8211; Max. statisk belastningskapacitet per hyllplan: 175 kg Leveransomfattning: &#8211; 1 x lagerhylla &#8211; 1 x beh\u00e5llare med tillbeh\u00f6r &#8211; 1 x bruksanvisning (DE, EN, FR, ES, IT) SONGMICS Anm\u00e4rkningar: &#8211; Observera att den smalare delen av de nyckelh\u00e5lsformade pluggslitsarna alltid m\u00e5ste vara v\u00e4nd ned\u00e5t. Detta s\u00e4kerst\u00e4ller en smidig montering. &#8211; Anv\u00e4nd alltid arbetshandskar under montering. &#8211; Alla uppgifter om belastningskapacitet avser maximal statisk belastningskapacitet p\u00e5 plan underlag.<\/p>\n","protected":false},"excerpt":{"rendered":"<p>SONGMICS lagerhylla 180 x 90 x 40 cm tunglastst\u00e4ll max. belastningskapacitet 875 kg k\u00e4llarhylla med pulverlackerad yta stickhylla GLR40Q<\/p>\n","protected":false},"featured_media":40026,"comment_status":"open","ping_status":"closed","template":"","meta":[],"product_brand":[],"product_cat":[33],"product_tag":[],"class_list":{"0":"post-11672","1":"product","2":"type-product","3":"status-publish","4":"has-post-thumbnail","6":"product_cat-okategoriserad","8":"first","9":"instock","10":"shipping-taxable","11":"purchasable","12":"product-type-simple"},"_links":{"self":[{"href":"https:\/\/nordicmart.andreevmaster.com\/sv\/wp-json\/wp\/v2\/product\/11672","targetHints":{"allow":["GET"]}}],"collection":[{"href":"https:\/\/nordicmart.andreevmaster.com\/sv\/wp-json\/wp\/v2\/product"}],"about":[{"href":"https:\/\/nordicmart.andreevmaster.com\/sv\/wp-json\/wp\/v2\/types\/product"}],"replies":[{"embeddable":true,"href":"https:\/\/nordicmart.andreevmaster.com\/sv\/wp-json\/wp\/v2\/comments?post=11672"}],"wp:featuredmedia":[{"embeddable":true,"href":"https:\/\/nordicmart.andreevmaster.com\/sv\/wp-json\/wp\/v2\/media\/40026"}],"wp:attachment":[{"href":"https:\/\/nordicmart.andreevmaster.com\/sv\/wp-json\/wp\/v2\/media?parent=11672"}],"wp:term":[{"taxonomy":"product_brand","embeddable":true,"href":"https:\/\/nordicmart.andreevmaster.com\/sv\/wp-json\/wp\/v2\/product_brand?post=11672"},{"taxonomy":"product_cat","embeddable":true,"href":"https:\/\/nordicmart.andreevmaster.com\/sv\/wp-json\/wp\/v2\/product_cat?post=11672"},{"taxonomy":"product_tag","embeddable":true,"href":"https:\/\/nordicmart.andreevmaster.com\/sv\/wp-json\/wp\/v2\/product_tag?post=11672"}],"curies":[{"name":"wp","href":"https:\/\/api.w.org\/{rel}","templated":true}]}}