{"id":11671,"date":"2026-02-27T00:11:20","date_gmt":"2026-02-27T00:11:20","guid":{"rendered":"https:\/\/nordicmart.andreevmaster.com\/product\/songmics-tunglaststall-650-kg-bla\/"},"modified":"2026-02-27T08:06:06","modified_gmt":"2026-02-27T08:06:06","slug":"songmics-tunglaststall-650-kg-bla","status":"publish","type":"product","link":"https:\/\/nordicmart.andreevmaster.com\/sv\/produkt\/songmics-tunglaststall-650-kg-bla\/","title":{"rendered":"SONGMICS tunglastst\u00e4ll 650 kg bl\u00e5"},"content":{"rendered":"<p>Beskrivning Songmics tunga hyllor i st\u00e5l \u00e4r enkla och okomplicerade att montera och har en extremt h\u00f6g b\u00e4rkraft. De \u00e4r universella och flexibla och passar i k\u00e4llaren, f\u00f6rr\u00e5den eller verkst\u00e4derna \u2013 oavsett om du anv\u00e4nder dem hemma eller i professionellt sammanhang \u00e4r de mycket m\u00e5ngsidiga. Hyllan s\u00e4tts enkelt ihop och f\u00f6r montering beh\u00f6vs endast en gummiklubba, inga verktyg. Med 5 hyllplan och en b\u00e4rkraft p\u00e5 130 kg per plan kan k\u00e4llarhyllan rymma totalt 650 kg. Du har ocks\u00e5 m\u00f6jlighet att placera hyllplanerna individuellt f\u00f6r att best\u00e4mma den h\u00f6jd som passar dig b\u00e4st. Songmics tunga hyllor kan ocks\u00e5 monteras ihop till tv\u00e5 mindre hyllor eller tv\u00e5 arbetsb\u00e4nkar. Produktdetaljer: &#8211; M\u00e5tt: 150 x 75 x 30 cm &#8211; M\u00e5tt p\u00e5 hyllplan: 75 x 30 cm &#8211; Tjocklek p\u00e5 hyllplan: 6,2 mm &#8211; Tjocklek p\u00e5 metalldelar: 0,7 mm Anm\u00e4rkningar: &#8211; Produkten \u00e4r endast avsedd f\u00f6r inomhusbruk. Montera och anv\u00e4nd produkten endast enligt beskrivningen i denna bruksanvisning. \u00c5terf\u00f6rs\u00e4ljaren tar inget ansvar f\u00f6r skador som uppst\u00e5r till f\u00f6ljd av felaktig anv\u00e4ndning eller felaktig montering. &#8211; Monteringen b\u00f6r utf\u00f6ras av tv\u00e5 personer. Anv\u00e4nd handskar vid montering av hyllan f\u00f6r att undvika skador. Vidta n\u00f6dv\u00e4ndiga s\u00e4kerhets\u00e5tg\u00e4rder. &#8211; De verktyg som beh\u00f6vs \u00e4r ett par handskar, en gummiklubba och en skruvmejsel (ing\u00e5r ej i leveransen). Leveransomfattning: &#8211; 1 x hylla f\u00f6r tung last &#8211; 1 x bruksanvisning<\/p>\n","protected":false},"excerpt":{"rendered":"<p>SONGMICS lagerhylla 150 x 75 x 30 cm tunglastshylla max. belastbar med 650 kg k\u00e4llarhylla med pulverlackerad yta stickhylla GLR30Q<\/p>\n","protected":false},"featured_media":0,"comment_status":"open","ping_status":"closed","template":"","meta":[],"product_brand":[],"product_cat":[33],"product_tag":[],"class_list":{"0":"post-11671","1":"product","2":"type-product","3":"status-publish","5":"product_cat-okategoriserad","7":"first","8":"instock","9":"shipping-taxable","10":"purchasable","11":"product-type-simple"},"_links":{"self":[{"href":"https:\/\/nordicmart.andreevmaster.com\/sv\/wp-json\/wp\/v2\/product\/11671","targetHints":{"allow":["GET"]}}],"collection":[{"href":"https:\/\/nordicmart.andreevmaster.com\/sv\/wp-json\/wp\/v2\/product"}],"about":[{"href":"https:\/\/nordicmart.andreevmaster.com\/sv\/wp-json\/wp\/v2\/types\/product"}],"replies":[{"embeddable":true,"href":"https:\/\/nordicmart.andreevmaster.com\/sv\/wp-json\/wp\/v2\/comments?post=11671"}],"wp:attachment":[{"href":"https:\/\/nordicmart.andreevmaster.com\/sv\/wp-json\/wp\/v2\/media?parent=11671"}],"wp:term":[{"taxonomy":"product_brand","embeddable":true,"href":"https:\/\/nordicmart.andreevmaster.com\/sv\/wp-json\/wp\/v2\/product_brand?post=11671"},{"taxonomy":"product_cat","embeddable":true,"href":"https:\/\/nordicmart.andreevmaster.com\/sv\/wp-json\/wp\/v2\/product_cat?post=11671"},{"taxonomy":"product_tag","embeddable":true,"href":"https:\/\/nordicmart.andreevmaster.com\/sv\/wp-json\/wp\/v2\/product_tag?post=11671"}],"curies":[{"name":"wp","href":"https:\/\/api.w.org\/{rel}","templated":true}]}}