{"id":11668,"date":"2026-02-27T00:11:20","date_gmt":"2026-02-27T00:11:20","guid":{"rendered":"https:\/\/nordicmart.andreevmaster.com\/product\/songmics-tunglaststall-med-5-hyllplan-30-x-75-x-150-cm-silver\/"},"modified":"2026-02-27T08:06:06","modified_gmt":"2026-02-27T08:06:06","slug":"songmics-tunglaststall-med-5-hyllplan-30-x-75-x-150-cm-silver","status":"publish","type":"product","link":"https:\/\/nordicmart.andreevmaster.com\/sv\/produkt\/songmics-tunglaststall-med-5-hyllplan-30-x-75-x-150-cm-silver\/","title":{"rendered":"SONGMICS tunglastst\u00e4ll med 5 hyllplan 30 x 75 x 150 cm silver"},"content":{"rendered":"<p>SONGMICS tunglastst\u00e4ll, stativst\u00e4ll, lagerst\u00e4ll, k\u00f6ksst\u00e4ll, hyllst\u00e4ll, 5 hyllplan, 30 x 75 x 150 cm, belastningskapacitet upp till 875 kg, f\u00f6r k\u00e4llare, k\u00f6k, arbetsrum, silver GLR300E01<br \/>\nF\u00e4rg: Silver<br \/>\nMaterial: St\u00e5l, MDF (medeldensitetsfiberplatta)<br \/>\nStorlek: 30 x 75 x 150 cm (D x B x H)<br \/>\nVikt: 13 kg<br \/>\nMax. statisk belastningskapacitet per hylla: 175 kg<br \/>\nMax. statisk totalbelastningskapacitet: 875 kg<\/p>\n","protected":false},"excerpt":{"rendered":"<p>SONGMICS tunglastst\u00e4ll, stativst\u00e4ll, lagerst\u00e4ll, k\u00f6ksst\u00e4ll, hyllst\u00e4ll, 5 hyllplan, 30 x 75 x 150 cm, belastningskapacitet upp till 875 kg, f\u00f6r k\u00e4llare, k\u00f6k, arbetsrum, silver GLR300E01<\/p>\n","protected":false},"featured_media":40023,"comment_status":"open","ping_status":"closed","template":"","meta":[],"product_brand":[],"product_cat":[33],"product_tag":[],"class_list":{"0":"post-11668","1":"product","2":"type-product","3":"status-publish","4":"has-post-thumbnail","6":"product_cat-okategoriserad","8":"first","9":"instock","10":"shipping-taxable","11":"purchasable","12":"product-type-simple"},"_links":{"self":[{"href":"https:\/\/nordicmart.andreevmaster.com\/sv\/wp-json\/wp\/v2\/product\/11668","targetHints":{"allow":["GET"]}}],"collection":[{"href":"https:\/\/nordicmart.andreevmaster.com\/sv\/wp-json\/wp\/v2\/product"}],"about":[{"href":"https:\/\/nordicmart.andreevmaster.com\/sv\/wp-json\/wp\/v2\/types\/product"}],"replies":[{"embeddable":true,"href":"https:\/\/nordicmart.andreevmaster.com\/sv\/wp-json\/wp\/v2\/comments?post=11668"}],"wp:featuredmedia":[{"embeddable":true,"href":"https:\/\/nordicmart.andreevmaster.com\/sv\/wp-json\/wp\/v2\/media\/40023"}],"wp:attachment":[{"href":"https:\/\/nordicmart.andreevmaster.com\/sv\/wp-json\/wp\/v2\/media?parent=11668"}],"wp:term":[{"taxonomy":"product_brand","embeddable":true,"href":"https:\/\/nordicmart.andreevmaster.com\/sv\/wp-json\/wp\/v2\/product_brand?post=11668"},{"taxonomy":"product_cat","embeddable":true,"href":"https:\/\/nordicmart.andreevmaster.com\/sv\/wp-json\/wp\/v2\/product_cat?post=11668"},{"taxonomy":"product_tag","embeddable":true,"href":"https:\/\/nordicmart.andreevmaster.com\/sv\/wp-json\/wp\/v2\/product_tag?post=11668"}],"curies":[{"name":"wp","href":"https:\/\/api.w.org\/{rel}","templated":true}]}}