{"id":11665,"date":"2026-02-27T00:11:19","date_gmt":"2026-02-27T00:11:19","guid":{"rendered":"https:\/\/nordicmart.andreevmaster.com\/product\/songmics-hornhylla-med-en-belastningskapacitet-pa-upp-till-875-kg-silver-naturbeige\/"},"modified":"2026-02-27T08:06:05","modified_gmt":"2026-02-27T08:06:05","slug":"songmics-hornhylla-med-en-belastningskapacitet-pa-upp-till-875-kg-silver-naturbeige","status":"publish","type":"product","link":"https:\/\/nordicmart.andreevmaster.com\/sv\/produkt\/songmics-hornhylla-med-en-belastningskapacitet-pa-upp-till-875-kg-silver-naturbeige\/","title":{"rendered":"SONGMICS h\u00f6rnhylla med en belastningskapacitet p\u00e5 upp till 875 kg, silver-naturbeige"},"content":{"rendered":"<p>SONGMICS h\u00f6rnhylla 5 niv\u00e5er, tunglastshylla, metall, lagerhylla f\u00f6r garage, f\u00f6rr\u00e5d, k\u00e4llarhylla, belastningskapacitet upp till 875 kg, bl\u00e4ck svart-naturbeige GLR080B01<br \/>\nF\u00e4rg: Silver-naturbeige<br \/>\nMaterial: F\u00f6rzinkat st\u00e5l, MDF (medeldensitetsfiberplatta)<br \/>\nStorlek: 90 x 90 x 180 cm (D x B x H)<br \/>\nVikt: 20,8 kg<br \/>\nMax. statisk belastningskapacitet per hylla: 175 kg<br \/>\nMax. statisk belastningskapacitet totalt: 875 kg<\/p>\n","protected":false},"excerpt":{"rendered":"<p>SONGMICS h\u00f6rnhylla 5 niv\u00e5er, tunglastshylla, metall, lagerhylla f\u00f6r garage, f\u00f6rr\u00e5d, k\u00e4llarhylla, belastningskapacitet upp till 875 kg, bl\u00e4ck svart-naturbeige GLR080B01<\/p>\n","protected":false},"featured_media":40020,"comment_status":"open","ping_status":"closed","template":"","meta":[],"product_brand":[],"product_cat":[33],"product_tag":[],"class_list":{"0":"post-11665","1":"product","2":"type-product","3":"status-publish","4":"has-post-thumbnail","6":"product_cat-okategoriserad","8":"first","9":"instock","10":"shipping-taxable","11":"purchasable","12":"product-type-simple"},"_links":{"self":[{"href":"https:\/\/nordicmart.andreevmaster.com\/sv\/wp-json\/wp\/v2\/product\/11665","targetHints":{"allow":["GET"]}}],"collection":[{"href":"https:\/\/nordicmart.andreevmaster.com\/sv\/wp-json\/wp\/v2\/product"}],"about":[{"href":"https:\/\/nordicmart.andreevmaster.com\/sv\/wp-json\/wp\/v2\/types\/product"}],"replies":[{"embeddable":true,"href":"https:\/\/nordicmart.andreevmaster.com\/sv\/wp-json\/wp\/v2\/comments?post=11665"}],"wp:featuredmedia":[{"embeddable":true,"href":"https:\/\/nordicmart.andreevmaster.com\/sv\/wp-json\/wp\/v2\/media\/40020"}],"wp:attachment":[{"href":"https:\/\/nordicmart.andreevmaster.com\/sv\/wp-json\/wp\/v2\/media?parent=11665"}],"wp:term":[{"taxonomy":"product_brand","embeddable":true,"href":"https:\/\/nordicmart.andreevmaster.com\/sv\/wp-json\/wp\/v2\/product_brand?post=11665"},{"taxonomy":"product_cat","embeddable":true,"href":"https:\/\/nordicmart.andreevmaster.com\/sv\/wp-json\/wp\/v2\/product_cat?post=11665"},{"taxonomy":"product_tag","embeddable":true,"href":"https:\/\/nordicmart.andreevmaster.com\/sv\/wp-json\/wp\/v2\/product_tag?post=11665"}],"curies":[{"name":"wp","href":"https:\/\/api.w.org\/{rel}","templated":true}]}}