{"id":11662,"date":"2026-02-27T00:11:18","date_gmt":"2026-02-27T00:11:18","guid":{"rendered":"https:\/\/nordicmart.andreevmaster.com\/product\/songmics-hornhyllset-5-nivaer-med-en-belastningskapacitet-pa-upp-till-2625-kg\/"},"modified":"2026-02-27T08:06:05","modified_gmt":"2026-02-27T08:06:05","slug":"songmics-hornhyllset-5-nivaer-med-en-belastningskapacitet-pa-upp-till-2625-kg","status":"publish","type":"product","link":"https:\/\/nordicmart.andreevmaster.com\/sv\/produkt\/songmics-hornhyllset-5-nivaer-med-en-belastningskapacitet-pa-upp-till-2625-kg\/","title":{"rendered":"SONGMICS h\u00f6rnhyllset 5 niv\u00e5er med en belastningskapacitet p\u00e5 upp till 2625 kg"},"content":{"rendered":"<p>SONGMICS h\u00f6rnhyllset 5 niv\u00e5er, tunglastst\u00e4ll, metall, lagerhylla f\u00f6r garage, f\u00f6rr\u00e5d, k\u00e4llarhylla, belastningskapacitet upp till 2625 kg, silver-naturbeige GLR070E03<br \/>\nF\u00e4rg: Bl\u00e4ck svart-naturbeige<br \/>\nMaterial: Pulverlackerat st\u00e5l, MDF (medeldensitetsfiberplatta)<br \/>\nStorlek p\u00e5 hyllsetet: 160 x 160 x 180 cm (D x B x H)<br \/>\nStorlek p\u00e5 h\u00f6rnhyllan: 70 x 70 x 180 cm (D x B x H)<br \/>\nStorlek p\u00e5 varje rektangul\u00e4rt hyllsystem p\u00e5 b\u00e5da sidor: 40 x 90 x 180 cm (D x B x H)<br \/>\nVikt f\u00f6r h\u00f6rnhyllan: 17,2 kg<br \/>\nVikt f\u00f6r varje rektangul\u00e4rt hyllplan p\u00e5 b\u00e5da sidor: 13,3 kg<br \/>\nMax. statisk belastningskapacitet per hylla: 175 kg<br \/>\nMax. statisk belastningskapacitet totalt: 2625 kg<\/p>\n","protected":false},"excerpt":{"rendered":"<p>SONGMICS h\u00f6rnhyllset 5 niv\u00e5er, tunglastst\u00e4ll, metall, lagerhylla f\u00f6r garage, f\u00f6rr\u00e5d, k\u00e4llarhylla, belastningskapacitet upp till 2625 kg, silver-naturbeige GLR070E03<\/p>\n","protected":false},"featured_media":40017,"comment_status":"open","ping_status":"closed","template":"","meta":[],"product_brand":[],"product_cat":[33],"product_tag":[],"class_list":{"0":"post-11662","1":"product","2":"type-product","3":"status-publish","4":"has-post-thumbnail","6":"product_cat-okategoriserad","8":"first","9":"instock","10":"shipping-taxable","11":"purchasable","12":"product-type-simple"},"_links":{"self":[{"href":"https:\/\/nordicmart.andreevmaster.com\/sv\/wp-json\/wp\/v2\/product\/11662","targetHints":{"allow":["GET"]}}],"collection":[{"href":"https:\/\/nordicmart.andreevmaster.com\/sv\/wp-json\/wp\/v2\/product"}],"about":[{"href":"https:\/\/nordicmart.andreevmaster.com\/sv\/wp-json\/wp\/v2\/types\/product"}],"replies":[{"embeddable":true,"href":"https:\/\/nordicmart.andreevmaster.com\/sv\/wp-json\/wp\/v2\/comments?post=11662"}],"wp:featuredmedia":[{"embeddable":true,"href":"https:\/\/nordicmart.andreevmaster.com\/sv\/wp-json\/wp\/v2\/media\/40017"}],"wp:attachment":[{"href":"https:\/\/nordicmart.andreevmaster.com\/sv\/wp-json\/wp\/v2\/media?parent=11662"}],"wp:term":[{"taxonomy":"product_brand","embeddable":true,"href":"https:\/\/nordicmart.andreevmaster.com\/sv\/wp-json\/wp\/v2\/product_brand?post=11662"},{"taxonomy":"product_cat","embeddable":true,"href":"https:\/\/nordicmart.andreevmaster.com\/sv\/wp-json\/wp\/v2\/product_cat?post=11662"},{"taxonomy":"product_tag","embeddable":true,"href":"https:\/\/nordicmart.andreevmaster.com\/sv\/wp-json\/wp\/v2\/product_tag?post=11662"}],"curies":[{"name":"wp","href":"https:\/\/api.w.org\/{rel}","templated":true}]}}