{"id":11661,"date":"2026-02-27T00:11:18","date_gmt":"2026-02-27T00:11:18","guid":{"rendered":"https:\/\/nordicmart.andreevmaster.com\/product\/songmics-metallhylla-med-3-nivaer\/"},"modified":"2026-02-27T08:06:05","modified_gmt":"2026-02-27T08:06:05","slug":"songmics-metallhylla-med-3-nivaer","status":"publish","type":"product","link":"https:\/\/nordicmart.andreevmaster.com\/sv\/produkt\/songmics-metallhylla-med-3-nivaer\/","title":{"rendered":"SONGMICS metallhylla med 3 niv\u00e5er"},"content":{"rendered":"<p>F\u00f6rdelarna med detta hyllst\u00e4ll fr\u00e5n SONGMICS i korthet: &#8211; St\u00e5lkonstruktionen ger stabilt st\u00f6d &#8211; De f\u00f6rst\u00e4rkta tv\u00e4rst\u00e4ngerna under varje metallhylla ger extra stabilitet &#8211; Den pulverlackerade ytan \u00e4r rostbest\u00e4ndig och robust &#8211; Varje hylla kan b\u00e4ra upp till 80 kg &#8211; Varje hylla \u00e4r h\u00f6j- och s\u00e4nkbar, vilket g\u00f6r den flexibel &#8211; Den medf\u00f6ljande tippskyddet garanterar s\u00e4ker och stabil anv\u00e4ndning &#8211; L\u00e4mplig f\u00f6r k\u00f6k, k\u00e4llare, vardagsrum, garage, balkong etc. Produktdetaljer: &#8211; F\u00e4rg: Svart &#8211; Material: St\u00e5l &#8211; Storlek: 40 x 65 x 80 cm (D x B x H) &#8211; Vikt: 7 kg &#8211; Max. statisk belastningskapacitet per niv\u00e5: 80 kg &#8211; Max. statisk belastningskapacitet totalt: 240 kg Leveransomfattning:- 1 x f\u00f6rvaringshylla &#8211; 1 x tippskydd &#8211; 1 x bruksanvisning SONGMICS Anm\u00e4rkningar: &#8211; F\u00e4st denna produkt p\u00e5 v\u00e4ggen med det medf\u00f6ljande tippskyddet f\u00f6r att garantera s\u00e4ker anv\u00e4ndning. &#8211; Anv\u00e4nd alltid handskar vid montering. &#8211; Placera inte produkten i en fuktig milj\u00f6. &#8211; Den max. belastningskapaciteten i texten avser den statiska maxvikten.<\/p>\n","protected":false},"excerpt":{"rendered":"<p>SONGMICS hyllor, k\u00f6kshyllor, metallhyllor, lagerhyllor, med 3 niv\u00e5er, h\u00f6jdjusterbara hyllplan, 40 x 65 x 80 cm, belastningskapacitet upp till 240 kg, f\u00f6r mikrov\u00e5gsugn eller br\u00f6drost, svart GLR065B01<\/p>\n","protected":false},"featured_media":40016,"comment_status":"open","ping_status":"closed","template":"","meta":[],"product_brand":[],"product_cat":[33],"product_tag":[],"class_list":{"0":"post-11661","1":"product","2":"type-product","3":"status-publish","4":"has-post-thumbnail","6":"product_cat-okategoriserad","8":"first","9":"instock","10":"shipping-taxable","11":"purchasable","12":"product-type-simple"},"_links":{"self":[{"href":"https:\/\/nordicmart.andreevmaster.com\/sv\/wp-json\/wp\/v2\/product\/11661","targetHints":{"allow":["GET"]}}],"collection":[{"href":"https:\/\/nordicmart.andreevmaster.com\/sv\/wp-json\/wp\/v2\/product"}],"about":[{"href":"https:\/\/nordicmart.andreevmaster.com\/sv\/wp-json\/wp\/v2\/types\/product"}],"replies":[{"embeddable":true,"href":"https:\/\/nordicmart.andreevmaster.com\/sv\/wp-json\/wp\/v2\/comments?post=11661"}],"wp:featuredmedia":[{"embeddable":true,"href":"https:\/\/nordicmart.andreevmaster.com\/sv\/wp-json\/wp\/v2\/media\/40016"}],"wp:attachment":[{"href":"https:\/\/nordicmart.andreevmaster.com\/sv\/wp-json\/wp\/v2\/media?parent=11661"}],"wp:term":[{"taxonomy":"product_brand","embeddable":true,"href":"https:\/\/nordicmart.andreevmaster.com\/sv\/wp-json\/wp\/v2\/product_brand?post=11661"},{"taxonomy":"product_cat","embeddable":true,"href":"https:\/\/nordicmart.andreevmaster.com\/sv\/wp-json\/wp\/v2\/product_cat?post=11661"},{"taxonomy":"product_tag","embeddable":true,"href":"https:\/\/nordicmart.andreevmaster.com\/sv\/wp-json\/wp\/v2\/product_tag?post=11661"}],"curies":[{"name":"wp","href":"https:\/\/api.w.org\/{rel}","templated":true}]}}