{"id":11658,"date":"2026-02-27T00:11:18","date_gmt":"2026-02-27T00:11:18","guid":{"rendered":"https:\/\/nordicmart.andreevmaster.com\/product\/songmics-2-pack-kallarhyllor-200-cm-hoga-gra\/"},"modified":"2026-02-27T08:06:04","modified_gmt":"2026-02-27T08:06:04","slug":"songmics-2-pack-kallarhyllor-200-cm-hoga-gra","status":"publish","type":"product","link":"https:\/\/nordicmart.andreevmaster.com\/sv\/produkt\/songmics-2-pack-kallarhyllor-200-cm-hoga-gra\/","title":{"rendered":"SONGMICS 2-pack k\u00e4llarhyllor 200 cm h\u00f6ga gr\u00e5"},"content":{"rendered":"<p>Produktdetaljer: F\u00e4rg: Gr\u00e5 Material: Pulverlackerat st\u00e5l, MDF (medeldensitetsfiberplatta) Storlek per hyllplan: 60 x 120 x 200 cm (D x B x H) Vikt per hyllplan: 22,8 kg Max. statisk belastningskapacitet per hyllplan: 175 kg Max. statisk belastningskapacitet totalt per hyllplan: 875 kg Leveransomfattning: 2 x lagerhyllor 2 x tippskydd 1 x bruksanvisning SONGMICS Anm\u00e4rkningar:F\u00e4st produkten p\u00e5 v\u00e4ggen med det medf\u00f6ljande tippskyddet f\u00f6r att garantera s\u00e4kerheten under anv\u00e4ndning. Anv\u00e4nd alltid handskar vid montering. Placera inte produkten i en fuktig milj\u00f6.Den maximala belastningskapaciteten i texten avser den statiska maximala vikten. F\u00f6r att underl\u00e4tta transporten levereras produkten i tv\u00e5 paket. Dessa levereras normalt samtidigt. Var t\u00e5lmodig om du f\u00f6rst endast f\u00e5r ett paket. Det andra paketet b\u00f6r anl\u00e4nda kort d\u00e4refter.<\/p>\n","protected":false},"excerpt":{"rendered":"<p>SONGMICS tunglastst\u00e4ll, lagerst\u00e4ll, k\u00e4llarst\u00e4ll, 200 x 120 x 60 cm, belastningskapacitet upp till 875 kg, 5 justerbara hyllplan, metallst\u00e4ll, pluggst\u00e4ll, verkstadsst\u00e4ll, bl\u00e5tt GLR060Q01<\/p>\n","protected":false},"featured_media":40013,"comment_status":"open","ping_status":"closed","template":"","meta":[],"product_brand":[],"product_cat":[33],"product_tag":[],"class_list":{"0":"post-11658","1":"product","2":"type-product","3":"status-publish","4":"has-post-thumbnail","6":"product_cat-okategoriserad","8":"first","9":"instock","10":"shipping-taxable","11":"purchasable","12":"product-type-simple"},"_links":{"self":[{"href":"https:\/\/nordicmart.andreevmaster.com\/sv\/wp-json\/wp\/v2\/product\/11658","targetHints":{"allow":["GET"]}}],"collection":[{"href":"https:\/\/nordicmart.andreevmaster.com\/sv\/wp-json\/wp\/v2\/product"}],"about":[{"href":"https:\/\/nordicmart.andreevmaster.com\/sv\/wp-json\/wp\/v2\/types\/product"}],"replies":[{"embeddable":true,"href":"https:\/\/nordicmart.andreevmaster.com\/sv\/wp-json\/wp\/v2\/comments?post=11658"}],"wp:featuredmedia":[{"embeddable":true,"href":"https:\/\/nordicmart.andreevmaster.com\/sv\/wp-json\/wp\/v2\/media\/40013"}],"wp:attachment":[{"href":"https:\/\/nordicmart.andreevmaster.com\/sv\/wp-json\/wp\/v2\/media?parent=11658"}],"wp:term":[{"taxonomy":"product_brand","embeddable":true,"href":"https:\/\/nordicmart.andreevmaster.com\/sv\/wp-json\/wp\/v2\/product_brand?post=11658"},{"taxonomy":"product_cat","embeddable":true,"href":"https:\/\/nordicmart.andreevmaster.com\/sv\/wp-json\/wp\/v2\/product_cat?post=11658"},{"taxonomy":"product_tag","embeddable":true,"href":"https:\/\/nordicmart.andreevmaster.com\/sv\/wp-json\/wp\/v2\/product_tag?post=11658"}],"curies":[{"name":"wp","href":"https:\/\/api.w.org\/{rel}","templated":true}]}}